{"id":429,"date":"2015-11-18T01:41:21","date_gmt":"2015-11-18T01:41:21","guid":{"rendered":"http:\/\/revistacentro.org\/?page_id=429"},"modified":"2015-12-16T13:24:38","modified_gmt":"2015-12-16T13:24:38","slug":"harvey","status":"publish","type":"page","link":"https:\/\/revistacentro.org\/index.php\/harvey\/","title":{"rendered":"ENTREVISTA COM DAVID HARVEY &#8211; Capitalismo em estado de crise"},"content":{"rendered":"<div id=\"index\" class=\"x-section\" style=\"margin: 0px; padding: 0px 0px 45px;  background-color: #ffffff;\" ><div id=\"\" class=\"x-container max width\" style=\"margin: 0px auto; padding: 0px; \" ><div  class=\"x-column x-sm x-1-1\" style=\"padding: px 0px px px; \" ><hr  class=\"x-gap\" style=\"margin: 55px 0 0 0;\"><div id=\"\" class=\"x-text none\" style=\"\" ><h6><span style=\"color: #808080;\"><span style=\"color: #000000;\">ENTREVISTA\u00a0<\/span>GABRIEL\u00a0MARCHI<\/span><\/h6>\n<h6><span style=\"color: #000000;\">FOTOS<\/span>\u00a0<span style=\"color: #808080;\">CIRO MIGUEL<\/span><\/h6>\n<\/div><hr  class=\"x-gap\" style=\"margin: 2px 0 0 0;\"><div id=\"\" class=\"x-text none\" style=\"\" ><h1><span style=\"color: #000000;\">DAVID HARVEY<\/span>\u00a0<span style=\"color: #808080;\">ENTREVISTA<\/span><\/h1>\n<\/div><hr  class=\"x-gap\" style=\"margin: 4px 0 0 0;\"><div id=\"\" class=\"x-text none\" style=\"\" ><h3><span style=\"color: #808080;\">Capitalismo em estado de crise<\/span><\/h3>\n<\/div><hr  class=\"x-gap\" style=\"margin: 40px 0 0 0;\"><\/div><\/div><div id=\"\" class=\"x-container max width\" style=\"margin: 0px auto; padding: 0px; \" ><div  class=\"x-column x-sm x-1-2\" style=\"padding: 0px; \" ><div id=\"\" class=\"x-text none\" style=\"line-height: 105% !important;\" ><p><strong>Como as crises econ\u00f4micas s\u00e3o necess\u00e1rias para a manuten\u00e7\u00e3o do sistema capitalista?<\/strong><\/p>\n<\/div><div id=\"\" class=\"x-text none\" style=\"\" ><p><strong>David Harvey <\/strong>O capitalismo \u00e9 inst\u00e1vel e sempre atinge obst\u00e1culos para crescer. Em certos momentos hist\u00f3ricos, ultrapassar obst\u00e1culos significa criar outros, a serem enfrentados depois. Mesmo com as crises, o &#8220;clube dos bilion\u00e1rios&#8221; continua prosperando e as classes mais altas sa\u00edram da crise de 2008 melhor do que entraram. Elas usam sua influ\u00eancia pol\u00edtica para esmagar a classe trabalhadora e subsidiar os ricos. <\/p>\n<\/div><hr  class=\"x-gap\" style=\"margin: 30px 0 0 0;\"><hr  class=\"x-gap\" style=\"margin: 15px 0 0 0;\"><\/div><div  class=\"x-column x-sm x-1-2\" style=\"padding: 0px; \" ><div id=\"\" class=\"x-text none\" style=\"line-height: 105% !important;\" ><p><strong>At\u00e9 onde isso pode ir?<\/strong><\/p>\n<\/div><div id=\"\" class=\"x-text none\" style=\"\" ><p>H\u00e1 limites no quanto voc\u00ea pode espremer a popula\u00e7\u00e3o at\u00e9 ela explodir. Crises s\u00e3o tamb\u00e9m momentos de reconfigura\u00e7\u00e3o, at\u00e9 mesmo filos\u00f3fica, para o capitalismo, como, por exemplo, o surgimento do neoliberalismo nos anos 70. Mas, hoje, n\u00e3o h\u00e1 nada de novo surgindo. O problema \u00e9: em todas as partes do mundo, n\u00e3o h\u00e1 poderes organizados para canalizar for\u00e7as. N\u00e3o h\u00e1 novas ideias, n\u00e3o h\u00e1 novas pol\u00edticas macroecon\u00f4micas, n\u00e3o h\u00e1 pensamentos radicais e in\u00e9ditos. Criar novas formas radicais de pensamento \u00e9 a nossa obriga\u00e7\u00e3o. <\/p>\n<\/div><hr  class=\"x-gap\" style=\"margin: 30px 0 0 0;\"><\/div><\/div><div id=\"\" class=\"x-container max width\" style=\"margin: 0px auto; padding: 0px; \" ><div  class=\"x-column x-sm x-1-2\" style=\"padding: 0px; \" ><div id=\"\" class=\"x-text none\" style=\"line-height: 105% !important;\" ><p><strong>Como voc\u00ea avalia a atual situa\u00e7\u00e3o econ\u00f4mica brasileira?<\/strong><\/p>\n<\/div><div id=\"\" class=\"x-text none\" style=\"\" ><p>As consequ\u00eancias das pol\u00edticas de austeridade s\u00e3o preocupantes. Quando o FMI imp\u00f4s medidas econ\u00f4micas disciplinares para o M\u00e9xico, houve uma queda de 25% no padr\u00e3o de vida da popula\u00e7\u00e3o. A mesma coisa aconteceu na Turquia. No Brasil, a queda no padr\u00e3o de vida ser\u00e1 proporcional \u00e0 severidade das medidas de austeridade. O meu palpite \u00e9 que esse momento dif\u00edcil ir\u00e1 se prolongar por algum tempo, especialmente porque a prosperidade vivida no Brasil na \u00faltima d\u00e9cada tem rela\u00e7\u00e3o com o crescimento econ\u00f4mico da China. Pol\u00edticas de austeridade t\u00eam consequ\u00eancias muito s\u00e9rias, que podem levar a uma profunda inquietude pol\u00edtica e social. <\/p>\n<\/div><hr  class=\"x-gap\" style=\"margin: 30px 0 0 0;\"><\/div><div  class=\"x-column x-sm x-1-2\" style=\"padding: 0px; \" ><div id=\"\" class=\"x-text none\" style=\"line-height: 105% !important;\" ><p><strong>O PT tem perdido o apoio incondicional de dois aliados hist\u00f3ricos, como o MTST e a CUT. A que voc\u00ea atribuiria essa ruptura? <\/strong><\/p>\n<\/div><div id=\"\" class=\"x-text none\" style=\"\" ><p>Em todo o mundo, partidos pol\u00edticos ao chegar ao poder se encontram aprisionados. Pouco a pouco, eles se afastam das bandeiras que os elegeram. O afastamento em rela\u00e7\u00e3o a sindicatos, por exemplo, n\u00e3o \u00e9 exclusivo do Brasil. Isso aconteceu em muitos pa\u00edses da Europa Oriental, al\u00e9m da Inglaterra e da Su\u00e9cia. Estes fatores contribuem para a falta de confian\u00e7a no processo pol\u00edtico. Um exemplo concreto \u00e9 o Syriza na Gr\u00e9cia (Coliga\u00e7\u00e3o da Esquerda Radical), eleito em 2015 para lutar contra medidas de austeridade. Agora, a Uni\u00e3o Europeia os for\u00e7a a tomar estas mesmas medidas. \u00c9 um conflito interessante, mas que pode dar for\u00e7a a partidos fascistas.<\/p>\n<\/div><hr  class=\"x-gap\" style=\"margin: 30px 0 0 0;\"><\/div><\/div><div id=\"\" class=\"x-container max width\" style=\"margin: 0px auto; padding: 0px; \" ><div  class=\"x-column x-sm x-1-2\" style=\"padding: 0px; \" ><div id=\"\" class=\"x-text none\" style=\"line-height: 105% !important;\" ><p><strong>No seu livro <em>Paris, a capital da modernidade<\/em> voc\u00ea posiciona a reorganiza\u00e7\u00e3o da cidade, realizada na Paris do s\u00e9culo 19, como uma ferramenta conten\u00e7\u00e3o e repress\u00e3o das classes trabalhadoras. Os megaprojetos feitos, por exemplo, para Olimp\u00edadas e Copa do Mundo, s\u00e3o a mesma coisa?<\/strong><\/p>\n<\/div><div id=\"\" class=\"x-text none\" style=\"\" ><p>Existem a\u00ed algumas semelhan\u00e7as bastante gen\u00e9ricas, mas n\u00e3o iria t\u00e3o longe. N\u00e3o se trata tanto dos est\u00e1dios; \u00e9 sobre todas as outras pol\u00edticas perenes. Geralmente, fazemos megaprojetos como constru\u00edmos pr\u00e9dios ic\u00f4nicos. Um museu de Frank Gehry est\u00e1 monumentalizando parte da cidade. Essas outras coisas podem ser mais opressoras do que os pr\u00f3prios est\u00e1dios.<\/p>\n<\/div><hr  class=\"x-gap\" style=\"margin: 30px 0 0 0;\"><\/div><div  class=\"x-column x-sm x-1-2\" style=\"padding: 0px; \" ><div id=\"\" class=\"x-text none\" style=\"line-height: 105% !important;\" ><p><strong>Como voc\u00ea posicionaria seu pensamento te\u00f3rico e suas \u00faltimas obras? <\/strong><\/p>\n<\/div><div id=\"\" class=\"x-text none\" style=\"\" ><p>Sou um urbanista, ent\u00e3o, sempre estive interessado em tentar teorizar sobre as cidades e os conflitos sociais que ocorrem nelas \u2013 desde os anos 70, uso Marx e uma perspectiva te\u00f3rica como ponto de partida. Comecei a colocar esta ideia em pr\u00e1tica quando visitei Paris na d\u00e9cada de 70, naquele per\u00edodo hist\u00f3rico. Por meio da pesquisa eu pude compreender a rela\u00e7\u00e3o entre teoria e hist\u00f3ria. O di\u00e1logo entre esses dois elementos \u00e9 fundamental.<\/p>\n<\/div><hr  class=\"x-gap\" style=\"margin: 30px 0 0 0;\"><\/div><\/div><\/div><div id=\"x-section-2\" class=\"x-section\" style=\"margin: 0px; padding: 45px 0px;  background-color: transparent;\" ><div id=\"\" class=\"x-container max width\" style=\"margin: 0px auto; padding: 0px; \" ><div  class=\"x-column x-sm x-1-1\" style=\"padding: 0px; \" ><hr  class=\"x-gap\" style=\"margin: 60px 0 0 0;\"><div id=\"\" class=\"x-text none\" style=\"\" ><h6>David Harvey,<\/h6>\n<p>\nge\u00f3grafo brit\u00e2nico marxista; professor da City University of New York e trabalha com diversas quest\u00f5es ligadas \u00e0 geografia urbana.<\/p>\n<\/div><hr  class=\"x-gap\" style=\"margin: 10px 0 0 0;\"><div id=\"\" class=\"x-text none\" style=\"\" ><h6>Gabriel Marchi,<\/h6>\n<\/p>\n<h6><\/h6>\n<p>jornalista e escreve sobre terrorismo, pol\u00edtica internacional e Oriente M\u00e9dio; colaborador de ve\u00edculos como <em>Valor Econ\u00f4mico<\/em> e <em>VICE News<\/em>.<\/p>\n<\/div><hr  class=\"x-gap\" style=\"margin: 10px 0 0 0;\"><div id=\"\" class=\"x-text none\" style=\"\" ><h6>Ciro Miguel,<\/h6>\n<\/p>\n<p> arquiteto formado pela FAU\/USP, com p\u00f3s-gradua\u00e7\u00e3o pela Columbia University\/GSAPP; professor assistente na ETH de Zurique, fundou o est\u00fadio Miniatura, com Bruna Canepa.<\/p>\n<\/div><hr  class=\"x-gap\" style=\"margin: 60px 0 0 0;\"><\/div><\/div><\/div><div id=\"x-section-3\" class=\"x-section\" style=\"margin: 0px; padding: 0px;  background-color: transparent;\" ><div id=\"\" class=\"x-container\" style=\"margin: 0px auto; padding: 0px; \" ><div  class=\"x-column x-sm x-1-1\" style=\"padding: 0px; \" ><img  class=\"x-img x-img-none\" style=\"width: 100%; padding: 0px 0px 0px 0px !important;\" src=\"https:\/\/revistacentro.org\/wp-content\/uploads\/2015\/12\/Porto_01.jpg\" ><\/div><\/div><\/div><div id=\"x-section-4\" class=\"x-section\" style=\"margin: 0px; padding: 0px;  background-color: transparent;\" ><div id=\"\" class=\"x-container\" style=\"margin: 0px auto; padding: 0px; \" ><div  class=\"x-column x-sm x-1-1\" style=\"padding: 0px; \" ><img  class=\"x-img x-img-none\" style=\"width: 100%; padding: 0px 0px 0px 0px !important;\" src=\"https:\/\/revistacentro.org\/wp-content\/uploads\/2015\/12\/Porto_02.jpg\" ><\/div><\/div><\/div><div id=\"x-section-5\" class=\"x-section\" style=\"margin: 0px; padding: 0px;  background-color: transparent;\" ><div id=\"\" class=\"x-container\" style=\"margin: 0px auto; padding: 0px; \" ><div  class=\"x-column x-sm x-1-1\" style=\"padding: 0px; \" ><img  class=\"x-img x-img-none\" style=\"width: 100%; padding: 0px 0px 0px 0px !important;\" src=\"https:\/\/revistacentro.org\/wp-content\/uploads\/2015\/12\/12351433_10153727644473959_1448734988_o.jpg\" ><\/div><\/div><\/div><div id=\"x-section-6\" class=\"x-section\" style=\"margin: 0px; padding: 0px;  background-color: transparent;\" ><div id=\"\" class=\"x-container\" style=\"margin: 0px auto; padding: 0px; \" ><div  class=\"x-column x-sm x-1-1\" style=\"padding: 0px; \" ><img  class=\"x-img x-img-none\" style=\"width: 100%; padding: 0px 0px 0px 0px !important;\" src=\"https:\/\/revistacentro.org\/wp-content\/uploads\/2015\/12\/Zurich_01.jpg\" ><\/div><\/div><\/div>\n","protected":false},"excerpt":{"rendered":"","protected":false},"author":1,"featured_media":1481,"parent":0,"menu_order":0,"comment_status":"closed","ping_status":"closed","template":"template-blank-4.php","meta":[],"_links":{"self":[{"href":"https:\/\/revistacentro.org\/index.php\/wp-json\/wp\/v2\/pages\/429"}],"collection":[{"href":"https:\/\/revistacentro.org\/index.php\/wp-json\/wp\/v2\/pages"}],"about":[{"href":"https:\/\/revistacentro.org\/index.php\/wp-json\/wp\/v2\/types\/page"}],"author":[{"embeddable":true,"href":"https:\/\/revistacentro.org\/index.php\/wp-json\/wp\/v2\/users\/1"}],"replies":[{"embeddable":true,"href":"https:\/\/revistacentro.org\/index.php\/wp-json\/wp\/v2\/comments?post=429"}],"version-history":[{"count":62,"href":"https:\/\/revistacentro.org\/index.php\/wp-json\/wp\/v2\/pages\/429\/revisions"}],"predecessor-version":[{"id":2243,"href":"https:\/\/revistacentro.org\/index.php\/wp-json\/wp\/v2\/pages\/429\/revisions\/2243"}],"wp:featuredmedia":[{"embeddable":true,"href":"https:\/\/revistacentro.org\/index.php\/wp-json\/wp\/v2\/media\/1481"}],"wp:attachment":[{"href":"https:\/\/revistacentro.org\/index.php\/wp-json\/wp\/v2\/media?parent=429"}],"curies":[{"name":"wp","href":"https:\/\/api.w.org\/{rel}","templated":true}]}}