{"id":3532,"date":"2026-05-11T13:10:04","date_gmt":"2026-05-11T13:10:04","guid":{"rendered":"https:\/\/revistacentro.org\/index.php\/tradicao-2-2\/"},"modified":"2026-05-12T00:49:50","modified_gmt":"2026-05-12T00:49:50","slug":"tradicao-2-2","status":"publish","type":"page","link":"https:\/\/revistacentro.org\/index.php\/tradicao-2-2\/","title":{"rendered":"Curso Online \u2013 Kazuo Shinohara . 2026 . Ter\u00e7a-Feira, Junho"},"content":{"rendered":"<div id=\"cs-content\" class=\"cs-content\"><div id=\"x-section-1\" class=\"x-section\" style=\"margin: 0px;padding: 0px;height: 100%; padding: 0px 0px 0px 0px !important; background-color: transparent;\" ><div id=\"\" class=\"x-container max width\" style=\"margin: 0px auto;padding: 0px;\" ><div  class=\"x-column x-sm x-1-1\" style=\"padding: 0px;\" >&nbsp;<\/div><\/div><\/div><div id=\"index\" class=\"x-section\" style=\"margin: 0px;padding: 0px 0px 45px; background-color: #ffffff;\" ><div id=\"\" class=\"x-container max width\" style=\"margin: 0px auto;padding: 0px;\" ><div  class=\"x-column x-sm x-1-1\" style=\"padding: 0px;\" ><span class=\"x-image e3532-e7 m2q4-0 m2q4-1 m2q4-2\"><img src=\"https:\/\/revistacentro.org\/wp-content\/uploads\/2020\/04\/tanikawa1.jpg\" width=\"1440\" height=\"650\" alt=\"Image\" loading=\"lazy\"><\/span><hr  class=\"x-gap\" style=\"margin: 50px 0 0 0;\"><div id=\"\" class=\"x-text\" style=\"\" ><h1><span style=\"color: #000000;\">KAZUO SHINOHARA <\/span><\/h1>\n<h1><span style=\"color: #000000;\"><span style=\"color: #ff0000;\"><span style=\"color: #808080;\">S\u00c9RIE: HIST\u00d3RIA E TEORIA DA ARQUITETURA JAPONESA<\/span>\u00a0<\/span><\/span><\/h1>\n<h3><b>GABRIEL KOGAN . TER\u00c7AS-FEIRAS . JUNHO 2026<\/b><\/h3>\n<\/div><hr  class=\"x-gap\" style=\"margin: 30px 0 0 0;\"><div id=\"\" class=\"x-text\" style=\"\" ><h3><b>Curso Online Ao Vivo<\/b><\/h3>\n<\/div><hr  class=\"x-gap\" style=\"margin: 10px 0 0 0;\"><div id=\"\" class=\"x-text cs-ta-left\" style=\"\" ><p><b>Aula 1 \u2013 Contexto hist\u00f3rico, forma\u00e7\u00e3o e primeiras obras. 08\/06<\/b><\/p>\n<p><b>Aula 2 \u2013 Primeiro Estilo de Kazuo Shinohara. 15\/06<\/b><\/p>\n<p><b>Aula 3 \u2013 Segundo Estilo de Kazuo Shinohara. 22\/06<\/b><\/p>\n<p><b>Aula 4 \u2013 Terceiro e Quarto Estilos de Kazuo Shinohara. 29\/06<\/b><\/p>\n<\/div><\/div><\/div><div id=\"\" class=\"x-container max width\" style=\"margin: 0px auto;padding: 0px;\" ><div  class=\"x-column x-sm x-1-1\" style=\"padding: 0px;\" ><hr  class=\"x-gap\" style=\"margin: 20px 0 0 0;\"><div  class=\"x-columnize\" ><p><span style=\"color: #000000;\">As aulas com dura\u00e7\u00e3o de 1h45 sobre a teoria e pr\u00e1tica de Kazuo Shinohara. Personagem central nos debates dos anos 60 e 70 no Jap\u00e3o, a obra de Shinohara abre janelas para compreender tanto a crise da modernidade quanto a apropria\u00e7\u00e3o de elementos tradicionais pela arquitetura do s\u00e9culo 20. Sua trajet\u00f3ria se inicia como uma cr\u00edtica ao modernismo hardcore a partir de polariza\u00e7\u00f5es com o Movimento Metabolista. Shinohara prop\u00f5e um retorno ao desenho da casa, feita sob medida e definida como uma obra de arte, em oposi\u00e7\u00e3o aos projetos p\u00fablicos, urbanos e monumentais desenhados no contexto do milagre desenvolvimentista japon\u00eas.<\/span><\/p>\n<p><span style=\"color: #000000;\">Em um cen\u00e1rio dominado por uma irrestrita cren\u00e7a no progresso, Shinohara representa um elemento sombrio e introspectivo, no qual a d\u00favida e a nega\u00e7\u00e3o do estado de euforia acabam por redirecionar os rumos da arquitetura no Jap\u00e3o. Ao longo de sua carreira, transita em quatro diferentes estilos, definidos a partir de um intenso di\u00e1logo com a tradi\u00e7\u00e3o local. O curso apresentar\u00e1 obras chaves do arquiteto, assim como um recorte de sua produ\u00e7\u00e3o te\u00f3rica. Os projetos tamb\u00e9m ser\u00e3o debatidos a partir de uma contextualiza\u00e7\u00e3o do cen\u00e1rio pol\u00edtico e social do Jap\u00e3o do per\u00edodo.<\/span><\/p>\n<p><span style=\"color: #000000;\">Este curso prop\u00f5e-se como uma s\u00edntese das pesquisas desenvolvidas entre 2020 e 2025 em colabora\u00e7\u00e3o com tr\u00eas universidades: USP, Tokyo Institute of Technology e Universidade de Kyoto. O objetivo \u00e9 ampliar o repert\u00f3rio arquitet\u00f4nico dos participantes, ao mesmo tempo em que estimula reflex\u00f5es cr\u00edticas. O curso \u00e9 voltado a arquitetos, estudantes de arquitetura e profissionais de \u00e1reas correlatas, como artes, cinema e hist\u00f3ria. 50% de desconto apenas para estudantes.<\/span><\/p>\n<p><span style=\"font-weight: 400;\">___________________<\/span><\/p>\n<p><b>Junho (2026)<\/b><\/p>\n<p><span style=\"font-weight: 400;\">As aulas ser\u00e3o oferecidas online.<\/span><\/p>\n<p><b>Aula 1 \u2013 Contexto hist\u00f3rico, forma\u00e7\u00e3o e primeiras obras<\/b><\/p>\n<p><span style=\"color: #000000;\">Restaura\u00e7\u00e3o Meiji e Modernidade no Jap\u00e3o. Shinohara: da matem\u00e1tica a arquitetura. O laborat\u00f3rio de Kiyoshi Seike. House in Kugayama, 1953-54. House in Chigasaki, 1960. Umbrella House, 1961. House with an Earthen Floor, 1963<\/span><\/p>\n<p><b>Aula 2 \u2013 O Primeiro Estilo de Kazuo Shinohara<\/b><\/p>\n<p>A casa \u00e9 uma obra de arte. O espa\u00e7o visto em eleva\u00e7\u00e3o. House with an Earthen Floor, 1963. House in White, 1964-66. Two Houses in Hanayama, 1965 &amp; 66.<\/p>\n<p><b>Aula 3 \u2013 O Segundo Estilo de Kazuo Shinohara<\/b><\/p>\n<p>Uma fenda se abre em dire\u00e7\u00e3o ao segundo estilo. Yamashiro House, 1965-67. Suzusho House, 1966-67. Uncompleted House, 1968-69. Shino House, 1969. Repeating Crevice, 1969-70.\u00a0 Cubic Forest, 1969-70.<\/p>\n<p><b>Aula 4 \u2013 O Terceiro e o Quarto Estilos de Kazuo Shinohara<\/b><\/p>\n<p>O espa\u00e7o percebido a partir da diagonal. A transla\u00e7\u00e3o do terceiro para o quarto estilo. Sea Stairway, 1969-71. House in Seijo, 1972. Tanikawa House, 1972-74. House in Uehara, 1975. House in Yokohama, 1982-83.<\/p>\n<p><span style=\"font-weight: 400;\">___________________<\/span><\/p>\n<p><b>Quando?<\/b><\/p>\n<p><span style=\"font-weight: 400;\">Nas ter\u00e7as-feiras das 19h00-20h45 (Brasilia, GMT-3)<\/span><\/p>\n<p><b>Quanto (quatro aulas)?<\/b><\/p>\n<p><span style=\"font-weight: 400;\">Valor com desconto de 50%: R$135,00<\/span><\/p>\n<p><span style=\"font-weight: 400;\">Valor Integral: R$270,00<\/span><\/p>\n<p><span style=\"font-weight: 400;\">H\u00e1 tamb\u00e9m outras duas modalidades de bolsas com 90% de desconto para estudantes com (1) autodeclara\u00e7\u00e3o de baixa renda; (2) autodeclara\u00e7\u00e3o racial. Nesses casos, por favor, enviar a requisi\u00e7\u00e3o para gabrielkogan@gabrielkogan.com com o t\u00edtulo \u201cBolsa para o Curso Shinohara\u201d. Essas bolsas s\u00e3o limitadas e est\u00e3o sujeitas a disponibilidade. A prefer\u00eancia na sele\u00e7\u00e3o ser\u00e1 dada pela ordem de envio do e-mail.<\/span><\/p>\n<p><span style=\"font-weight: 400;\">___________________<\/span><\/p>\n<p><b>Qual \u00e9 o limite de vagas?<\/b><\/p>\n<p><span style=\"font-weight: 400;\">100 inscritos.<\/span><\/p>\n<p><b>Como \u00e9 o processo de inscri\u00e7\u00e3o?<\/b><\/p>\n<p><span style=\"font-weight: 400;\">Basta fazer a inscri\u00e7\u00e3o no site da plataforma do PagSeguro pelo site revistacentro.org. Para inscri\u00e7\u00f5es internacionais, pode-se usar o sistema do PayPal (n\u00e3o h\u00e1 descontos nesse caso). A confirma\u00e7\u00e3o da inscri\u00e7\u00e3o ser\u00e1 feita por e-mail em at\u00e9 7 dias \u00fateis ap\u00f3s o processamento do pagamento (no caso de cart\u00e3o o processamento \u00e9 imediato, no caso de boleto, pode demorar at\u00e9 5 dias \u00fateis).<\/span><\/p>\n<p><b>Qual plataforma ser\u00e1 usada? As aulas ficar\u00e3o dispon\u00edveis depois?<\/b><\/p>\n<p><span style=\"font-weight: 400;\">Usaremos o Google Meet. A entrada na sala de videoconfer\u00eancia dever\u00e1 acontecer at\u00e9 as 19h00 por meio de clique em link a ser disponibilizado no dia da aula.<\/span><\/p>\n<p><b>As aulas n\u00e3o ser\u00e3o disponibilizadas depois?<\/b><\/p>\n<p><span style=\"font-weight: 400;\">N\u00e3o. Todas as aulas s\u00e3o ao vivo e as grava\u00e7\u00f5es n\u00e3o ser\u00e3o disponibilizadas depois.<\/span><\/p>\n<p><b>Pol\u00edtica de cancelamento<\/b><\/p>\n<p><span style=\"font-weight: 400;\">Caso requisitado pelo(a) inscrito(a), ser\u00e1 feita restitui\u00e7\u00e3o integral do valor caso o pedido de cancelamento seja feito em at\u00e9 7 dias ap\u00f3s a compra. Ap\u00f3s os 7 dias, n\u00e3o ser\u00e1 feita devolu\u00e7\u00e3o. A inscri\u00e7\u00e3o \u00e9 intransfer\u00edvel e o acesso a sala de aula n\u00e3o pode ser compartilhado.<\/span><\/p>\n<p><b>Pol\u00edticas Adicionais<\/b><\/p>\n<p><span style=\"font-weight: 400;\">Grava\u00e7\u00f5es n\u00e3o autorizadas s\u00e3o expressamente proibidas dentro dos termos da lei e representam infra\u00e7\u00e3o de privacidade e propriedade intelectual.<\/span><\/p>\n<p><b>D\u00favidas e mais informa\u00e7\u00f5es<\/b><\/p>\n<p><span style=\"font-weight: 400;\">gabrielkogan@gabrielkogan.com<\/span><\/p>\n<p><span style=\"font-weight: 400;\">lais@gabrielkogan.com<\/span><\/p>\n<p><b>Informa\u00e7\u00f5es importantes<\/b><\/p>\n<p><span style=\"font-weight: 400;\">Certificados ser\u00e3o enviados mediante a requisi\u00e7\u00e3o pr\u00e9via antes do fim do curso por meio de formul\u00e1rio que ser\u00e1 enviado por e-mail.<\/span><\/p>\n<p><b>Professor<\/b><\/p>\n<p><span style=\"font-weight: 400;\">Gabriel Kogan, arquiteto e cr\u00edtico, graduado e doutor pela FAU-USP. Professor convidado no Tokyo Institute of Technology em 2021 e pesquisador pela Japan Foundation Fellowship na Kyoto University em 2022. Professor na Escola da Cidade e cr\u00edtico convidado da Polit\u00e9cnico de Mil\u00e3o (POLIMI, campus Mantova). Ofereceu cursos livres no MASP (2016) e MuBE (2017 &amp; 2018). Integra o juri do Trof\u00e9u APCA para a categoria de arquitetura. Entre 2007 e 2015, trabalhou no escrit\u00f3rio de arquitetura Studio MK27 e atualmente desenvolve pr\u00e1tica arquitet\u00f4nica independente. Em 2025, fundou o 178Lab, um escrit\u00f3rio multidisciplinar de pesquisa e pr\u00e1tica nas \u00e1reas de arquitetura, design e artes.<\/span><\/p><\/div><div id=\"\" class=\"x-text\" style=\"\" ><\/div><\/div><\/div><\/div><div id=\"x-section-3\" class=\"x-section fau\" style=\"margin: 0px;padding: 0px; background-color: transparent;\" ><div id=\"\" class=\"x-container max width\" style=\"margin: 0px auto;padding: 0px;\" ><div  class=\"x-column x-sm x-1-1\" style=\"padding: 0px;\" ><hr  class=\"x-gap\" style=\"margin: 50px 0 0 0;\"><div id=\"\" class=\"x-text\" style=\"\" ><h4 style=\"text-align: left;\"><strong>INSCREVA-SE AQUI . R$270,00 - Curso Completo<\/strong><\/h4>\n<h4 style=\"text-align: left;\"><a href=\"https:\/\/pag.ae\/81MsodEnL\" data-wplink-edit=\"true\"><img src=\"\/\/assets.pagseguro.com.br\/ps-integration-assets\/botoes\/pagamentos\/205x30-pagar-preto.gif\" alt=\"Pague com PagSeguro - \u00e9 r\u00e1pido, gr\u00e1tis e seguro!\" width=\"205\" height=\"30\" class=\"alignnone\" \/><\/a><\/h4>\n<p><!-- FIM DO BOTAO PAGSEGURO --><\/p>\n<h4 style=\"text-align: left;\"><strong>INSCREVA-SE AQUI . R$135,00 - Curso completo, com desconto para estudantes<\/strong><\/h4>\n<h4 style=\"text-align: left;\"><a href=\"https:\/\/pag.ae\/81MsoKo64\" data-wplink-edit=\"true\"><img src=\"\/\/assets.pagseguro.com.br\/ps-integration-assets\/botoes\/pagamentos\/205x30-pagar-preto.gif\" alt=\"Pague com PagSeguro - \u00e9 r\u00e1pido, gr\u00e1tis e seguro!\" width=\"205\" height=\"30\" class=\"alignnone\" \/><\/a><\/h4>\n<h5 style=\"text-align: left;\"><strong>H\u00e1 tamb\u00e9m cotas raciais e para baixa renda com disponibilidade limitada com 90% de desconto para estudantes. Entre em contato seguindo as instru\u00e7\u00f5es acima.<\/strong><\/h5>\n<h5 style=\"text-align: left;\"><\/h5>\n<h5><!-- FIM DO BOTAO PAGSEGURO --><\/h5>\n<h5><!-- FIM DO BOTAO PAGSEGURO --><\/h5>\n<h5 style=\"text-align: left;\"><\/h5>\n<p>____________________<\/p>\n<\/div><hr  class=\"x-gap\" style=\"margin: 50px 0 0 0;\"><\/div><\/div><\/div><div id=\"x-section-4\" class=\"x-section fau\" style=\"margin: 0px;padding: 0px;width: 100%; padding: 0px 0px 0px 0px !important; background-color: transparent;\" ><div id=\"\" class=\"x-container max width\" style=\"margin: 0px auto;padding: 0px;width: 100%; padding: 0px 0px 0px 0px !important;\" ><div  class=\"x-column x-sm x-1-1\" style=\"padding: 0px;width: 100%; padding: 0px 0px 0px 0px !important;\" ><span class=\"x-image e3532-e28 m2q4-0\"><img src=\"https:\/\/revistacentro.org\/wp-content\/uploads\/2026\/05\/shinohara.jpg\" width=\"533\" height=\"416\" alt=\"Image\" loading=\"lazy\"><\/span><hr  class=\"x-gap\" style=\"margin: 50px 0 0 0;\"><\/div><\/div><\/div><div class=\"x-section has-particle e3532-e30 m2q4-3 m2q4-4 m2q4-5\"><div class=\"x-row x-container max width e3532-e31 m2q4-6 m2q4-7\"><div class=\"x-row-inner\"><div class=\"x-col e3532-e32 m2q4-8\"><\/div><\/div><\/div><span class=\"x-particle is-primary\" data-x-particle=\"scale-y inside-b_c\" aria-hidden=\"true\"><span style=\"\"><\/span><\/span><span class=\"x-particle is-secondary\" data-x-particle=\"scale-y inside-b_c\" aria-hidden=\"true\"><span style=\"\"><\/span><\/span><\/div><\/div>\n","protected":false},"excerpt":{"rendered":"<p>&nbsp;KAZUO SHINOHARA S\u00c9RIE: HIST\u00d3RIA E TEORIA DA ARQUITETURA JAPONESA\u00a0 GABRIEL KOGAN . TER\u00c7AS-FEIRAS . JUNHO 2026 Curso Online Ao Vivo Aula 1 \u2013 Contexto hist\u00f3rico, forma\u00e7\u00e3o e primeiras obras. 08\/06 Aula 2 \u2013 Primeiro Estilo de Kazuo Shinohara. 15\/06 Aula 3 \u2013 Segundo Estilo de Kazuo Shinohara. 22\/06 Aula 4 \u2013 Terceiro e Quarto Estilos de Kazuo Shinohara. 29\/06 As &#8230;<\/p>\n","protected":false},"author":3,"featured_media":0,"parent":0,"menu_order":0,"comment_status":"closed","ping_status":"closed","template":"template-blank-4.php","meta":[],"_links":{"self":[{"href":"https:\/\/revistacentro.org\/index.php\/wp-json\/wp\/v2\/pages\/3532"}],"collection":[{"href":"https:\/\/revistacentro.org\/index.php\/wp-json\/wp\/v2\/pages"}],"about":[{"href":"https:\/\/revistacentro.org\/index.php\/wp-json\/wp\/v2\/types\/page"}],"author":[{"embeddable":true,"href":"https:\/\/revistacentro.org\/index.php\/wp-json\/wp\/v2\/users\/3"}],"replies":[{"embeddable":true,"href":"https:\/\/revistacentro.org\/index.php\/wp-json\/wp\/v2\/comments?post=3532"}],"version-history":[{"count":17,"href":"https:\/\/revistacentro.org\/index.php\/wp-json\/wp\/v2\/pages\/3532\/revisions"}],"predecessor-version":[{"id":3553,"href":"https:\/\/revistacentro.org\/index.php\/wp-json\/wp\/v2\/pages\/3532\/revisions\/3553"}],"wp:attachment":[{"href":"https:\/\/revistacentro.org\/index.php\/wp-json\/wp\/v2\/media?parent=3532"}],"curies":[{"name":"wp","href":"https:\/\/api.w.org\/{rel}","templated":true}]}}