{"id":3405,"date":"2024-06-26T11:49:39","date_gmt":"2024-06-26T11:49:39","guid":{"rendered":"https:\/\/revistacentro.org\/?page_id=3405"},"modified":"2024-06-26T13:08:09","modified_gmt":"2024-06-26T13:08:09","slug":"curso-online-lina-bo-quinta-2024-2","status":"publish","type":"page","link":"https:\/\/revistacentro.org\/index.php\/curso-online-lina-bo-quinta-2024-2\/","title":{"rendered":"Curso Online \u2013 Lina Bo Bardi . Quinta. 2024"},"content":{"rendered":"<div id=\"cs-content\" class=\"cs-content\"><\/div>\n","protected":false},"excerpt":{"rendered":"<p>&nbsp;CURSO ONLINE DE TEORIA E HIST\u00d3RIA DA ARQUITETURA . LINA BO BARDI GABRIEL KOGAN . QUINTA . AGOSTO 2024 (Lina) PROGRAMA 2024 08\/08, 15\/08, 22\/08, 29\/08 (Quintas-feiras) Curso Online Aulas com dura\u00e7\u00e3o de aproximadamente 1h45 sobre Lina Bo Bardi, em que ser\u00e1 introduzida e contextualizada a obra da arquiteta brasileira. Ser\u00e3o analisadas algumas de suas obras e textos paradigm\u00e1ticos a &#8230;<\/p>\n","protected":false},"author":3,"featured_media":0,"parent":0,"menu_order":0,"comment_status":"closed","ping_status":"closed","template":"template-blank-4.php","meta":[],"_links":{"self":[{"href":"https:\/\/revistacentro.org\/index.php\/wp-json\/wp\/v2\/pages\/3405"}],"collection":[{"href":"https:\/\/revistacentro.org\/index.php\/wp-json\/wp\/v2\/pages"}],"about":[{"href":"https:\/\/revistacentro.org\/index.php\/wp-json\/wp\/v2\/types\/page"}],"author":[{"embeddable":true,"href":"https:\/\/revistacentro.org\/index.php\/wp-json\/wp\/v2\/users\/3"}],"replies":[{"embeddable":true,"href":"https:\/\/revistacentro.org\/index.php\/wp-json\/wp\/v2\/comments?post=3405"}],"version-history":[{"count":4,"href":"https:\/\/revistacentro.org\/index.php\/wp-json\/wp\/v2\/pages\/3405\/revisions"}],"predecessor-version":[{"id":3414,"href":"https:\/\/revistacentro.org\/index.php\/wp-json\/wp\/v2\/pages\/3405\/revisions\/3414"}],"wp:attachment":[{"href":"https:\/\/revistacentro.org\/index.php\/wp-json\/wp\/v2\/media?parent=3405"}],"curies":[{"name":"wp","href":"https:\/\/api.w.org\/{rel}","templated":true}]}}