{"id":3395,"date":"2024-05-20T20:10:20","date_gmt":"2024-05-20T20:10:20","guid":{"rendered":"https:\/\/revistacentro.org\/?page_id=3395"},"modified":"2024-05-20T20:52:48","modified_gmt":"2024-05-20T20:52:48","slug":"curso-online-oscar-niemeyer-quinta-2024","status":"publish","type":"page","link":"https:\/\/revistacentro.org\/index.php\/curso-online-oscar-niemeyer-quinta-2024\/","title":{"rendered":"Curso Online \u2013 Oscar Niemeyer . Quinta . 2024"},"content":{"rendered":"<div id=\"cs-content\" class=\"cs-content\"><\/div>\n","protected":false},"excerpt":{"rendered":"<p>&nbsp;CURSO ONLINE DE TEORIA E HIST\u00d3RIA DA ARQUITETURA . OSCAR NIEMEYER GABRIEL KOGAN . QUINTA . JUNHO 2024 (Oscar Niemeyer) PROGRAMA 2024 06\/06, 13\/06, 20\/06, 27\/06 (Quintas-feiras) Curso Online Aulas com dura\u00e7\u00e3o de aproximadamente 1h45 sobre Oscar Niemeyer, em que ser\u00e1 introduzida e contextualizada a obra do arquiteto brasileiro dentro e fora do pa\u00eds no \u00e2mbito da Arquitetura Moderna. Al\u00e9m &#8230;<\/p>\n","protected":false},"author":3,"featured_media":3373,"parent":0,"menu_order":0,"comment_status":"closed","ping_status":"closed","template":"template-blank-4.php","meta":[],"_links":{"self":[{"href":"https:\/\/revistacentro.org\/index.php\/wp-json\/wp\/v2\/pages\/3395"}],"collection":[{"href":"https:\/\/revistacentro.org\/index.php\/wp-json\/wp\/v2\/pages"}],"about":[{"href":"https:\/\/revistacentro.org\/index.php\/wp-json\/wp\/v2\/types\/page"}],"author":[{"embeddable":true,"href":"https:\/\/revistacentro.org\/index.php\/wp-json\/wp\/v2\/users\/3"}],"replies":[{"embeddable":true,"href":"https:\/\/revistacentro.org\/index.php\/wp-json\/wp\/v2\/comments?post=3395"}],"version-history":[{"count":5,"href":"https:\/\/revistacentro.org\/index.php\/wp-json\/wp\/v2\/pages\/3395\/revisions"}],"predecessor-version":[{"id":3403,"href":"https:\/\/revistacentro.org\/index.php\/wp-json\/wp\/v2\/pages\/3395\/revisions\/3403"}],"wp:featuredmedia":[{"embeddable":true,"href":"https:\/\/revistacentro.org\/index.php\/wp-json\/wp\/v2\/media\/3373"}],"wp:attachment":[{"href":"https:\/\/revistacentro.org\/index.php\/wp-json\/wp\/v2\/media?parent=3395"}],"curies":[{"name":"wp","href":"https:\/\/api.w.org\/{rel}","templated":true}]}}