{"id":3371,"date":"2024-05-06T21:41:10","date_gmt":"2024-05-06T21:41:10","guid":{"rendered":"https:\/\/revistacentro.org\/?page_id=3371"},"modified":"2024-05-20T20:15:29","modified_gmt":"2024-05-20T20:15:29","slug":"curso-online-oscar-niemeyer-quarta-2024","status":"publish","type":"page","link":"https:\/\/revistacentro.org\/index.php\/curso-online-oscar-niemeyer-quarta-2024\/","title":{"rendered":"Curso Online \u2013 Oscar Niemeyer . Quarta . 2024"},"content":{"rendered":"<div id=\"cs-content\" class=\"cs-content\"><\/div>\n","protected":false},"excerpt":{"rendered":"<p>&nbsp;CURSO ONLINE DE TEORIA E HIST\u00d3RIA DA ARQUITETURA . OSCAR NIEMEYER GABRIEL KOGAN . QUARTA . JUNHO 2024 (Oscar Niemeyer) PROGRAMA 2024 05\/06, 12\/06, 19\/06, 26\/06 (Quartas-feiras) Curso Online Aulas com dura\u00e7\u00e3o de aproximadamente 1h45 sobre Oscar Niemeyer, em que ser\u00e1 introduzida e contextualizada a obra do arquiteto brasileiro dentro e fora do pa\u00eds no \u00e2mbito da Arquitetura Moderna. Al\u00e9m &#8230;<\/p>\n","protected":false},"author":3,"featured_media":3373,"parent":0,"menu_order":0,"comment_status":"closed","ping_status":"closed","template":"template-blank-4.php","meta":[],"_links":{"self":[{"href":"https:\/\/revistacentro.org\/index.php\/wp-json\/wp\/v2\/pages\/3371"}],"collection":[{"href":"https:\/\/revistacentro.org\/index.php\/wp-json\/wp\/v2\/pages"}],"about":[{"href":"https:\/\/revistacentro.org\/index.php\/wp-json\/wp\/v2\/types\/page"}],"author":[{"embeddable":true,"href":"https:\/\/revistacentro.org\/index.php\/wp-json\/wp\/v2\/users\/3"}],"replies":[{"embeddable":true,"href":"https:\/\/revistacentro.org\/index.php\/wp-json\/wp\/v2\/comments?post=3371"}],"version-history":[{"count":15,"href":"https:\/\/revistacentro.org\/index.php\/wp-json\/wp\/v2\/pages\/3371\/revisions"}],"predecessor-version":[{"id":3401,"href":"https:\/\/revistacentro.org\/index.php\/wp-json\/wp\/v2\/pages\/3371\/revisions\/3401"}],"wp:featuredmedia":[{"embeddable":true,"href":"https:\/\/revistacentro.org\/index.php\/wp-json\/wp\/v2\/media\/3373"}],"wp:attachment":[{"href":"https:\/\/revistacentro.org\/index.php\/wp-json\/wp\/v2\/media?parent=3371"}],"curies":[{"name":"wp","href":"https:\/\/api.w.org\/{rel}","templated":true}]}}