{"id":3329,"date":"2023-08-21T20:08:27","date_gmt":"2023-08-21T20:08:27","guid":{"rendered":"https:\/\/revistacentro.org\/?page_id=3329"},"modified":"2023-10-12T21:23:18","modified_gmt":"2023-10-12T21:23:18","slug":"tsukamoto","status":"publish","type":"page","link":"https:\/\/revistacentro.org\/index.php\/tsukamoto\/","title":{"rendered":"Semin\u00e1rio . Yoshiharu Tsukamoto no MuBE"},"content":{"rendered":"<div id=\"cs-content\" class=\"cs-content\"><\/div>\n","protected":false},"excerpt":{"rendered":"<p>&nbsp;YOSHIHARU TSUKAMOTO ATELIER BOW WOW &amp; TSUKAMOTO LAB SEMIN\u00c1RIO INTERNACIONAL EM SP 30 &amp; 31 de Outubro. 18h00-20h00. MuBE, SP Org. Gabriel Kogan. Inscri\u00e7\u00f5es Limitadas! Curso em duas aulas 30\/10 . Architectural Behaviorology 31\/10 . Creating Better Accessibility to Local Resources A segunda edi\u00e7\u00e3o do Semin\u00e1rio Internacional Narrativas Arquitet\u00f4nicas sobre pr\u00e1ticas contempor\u00e2neas traz orgulhosamente para S\u00e3o Paulo o arquiteto e &#8230;<\/p>\n","protected":false},"author":3,"featured_media":3360,"parent":0,"menu_order":0,"comment_status":"closed","ping_status":"closed","template":"template-blank-4.php","meta":[],"_links":{"self":[{"href":"https:\/\/revistacentro.org\/index.php\/wp-json\/wp\/v2\/pages\/3329"}],"collection":[{"href":"https:\/\/revistacentro.org\/index.php\/wp-json\/wp\/v2\/pages"}],"about":[{"href":"https:\/\/revistacentro.org\/index.php\/wp-json\/wp\/v2\/types\/page"}],"author":[{"embeddable":true,"href":"https:\/\/revistacentro.org\/index.php\/wp-json\/wp\/v2\/users\/3"}],"replies":[{"embeddable":true,"href":"https:\/\/revistacentro.org\/index.php\/wp-json\/wp\/v2\/comments?post=3329"}],"version-history":[{"count":19,"href":"https:\/\/revistacentro.org\/index.php\/wp-json\/wp\/v2\/pages\/3329\/revisions"}],"predecessor-version":[{"id":3369,"href":"https:\/\/revistacentro.org\/index.php\/wp-json\/wp\/v2\/pages\/3329\/revisions\/3369"}],"wp:featuredmedia":[{"embeddable":true,"href":"https:\/\/revistacentro.org\/index.php\/wp-json\/wp\/v2\/media\/3360"}],"wp:attachment":[{"href":"https:\/\/revistacentro.org\/index.php\/wp-json\/wp\/v2\/media?parent=3329"}],"curies":[{"name":"wp","href":"https:\/\/api.w.org\/{rel}","templated":true}]}}