{"id":3309,"date":"2023-04-02T15:06:31","date_gmt":"2023-04-02T15:06:31","guid":{"rendered":"https:\/\/revistacentro.org\/?page_id=3309"},"modified":"2023-07-06T01:53:24","modified_gmt":"2023-07-06T01:53:24","slug":"curso-online-toyo-ito-2023-quinta-feira-2","status":"publish","type":"page","link":"https:\/\/revistacentro.org\/index.php\/curso-online-toyo-ito-2023-quinta-feira-2\/","title":{"rendered":"Curso Online \u2013 Toyo Ito . 2023 . Quinta-Feira"},"content":{"rendered":"<div id=\"cs-content\" class=\"cs-content\"><\/div>\n","protected":false},"excerpt":{"rendered":"<p>&nbsp;TOYO ITO CURSO ONLINE DE TEORIA E HIST\u00d3RIA DA ARQUITETURA GABRIEL KOGAN . QUINTA . AGOSTO 2023 PROGRAMA 2023 10\/08, 17\/08, 24\/08, 31\/08 (quintas-feiras) Curso Online As aulas com dura\u00e7\u00e3o de aproximadamente 1h45, sendo aproximadamente 1h30 de conte\u00fado expositivo e 15-20 minutos de discuss\u00f5es gerais. Pretende-se que o curso aumente o repert\u00f3rio arquitet\u00f4nico dos participantes, assim como suscite quest\u00f5es cr\u00edticas. &#8230;<\/p>\n","protected":false},"author":3,"featured_media":3100,"parent":0,"menu_order":0,"comment_status":"closed","ping_status":"closed","template":"template-blank-4.php","meta":[],"_links":{"self":[{"href":"https:\/\/revistacentro.org\/index.php\/wp-json\/wp\/v2\/pages\/3309"}],"collection":[{"href":"https:\/\/revistacentro.org\/index.php\/wp-json\/wp\/v2\/pages"}],"about":[{"href":"https:\/\/revistacentro.org\/index.php\/wp-json\/wp\/v2\/types\/page"}],"author":[{"embeddable":true,"href":"https:\/\/revistacentro.org\/index.php\/wp-json\/wp\/v2\/users\/3"}],"replies":[{"embeddable":true,"href":"https:\/\/revistacentro.org\/index.php\/wp-json\/wp\/v2\/comments?post=3309"}],"version-history":[{"count":12,"href":"https:\/\/revistacentro.org\/index.php\/wp-json\/wp\/v2\/pages\/3309\/revisions"}],"predecessor-version":[{"id":3327,"href":"https:\/\/revistacentro.org\/index.php\/wp-json\/wp\/v2\/pages\/3309\/revisions\/3327"}],"wp:featuredmedia":[{"embeddable":true,"href":"https:\/\/revistacentro.org\/index.php\/wp-json\/wp\/v2\/media\/3100"}],"wp:attachment":[{"href":"https:\/\/revistacentro.org\/index.php\/wp-json\/wp\/v2\/media?parent=3309"}],"curies":[{"name":"wp","href":"https:\/\/api.w.org\/{rel}","templated":true}]}}