{"id":3294,"date":"2023-04-02T14:54:48","date_gmt":"2023-04-02T14:54:48","guid":{"rendered":"https:\/\/revistacentro.org\/?page_id=3294"},"modified":"2023-04-02T15:13:06","modified_gmt":"2023-04-02T15:13:06","slug":"curso-online-tadao-ando-2023-terca-feira","status":"publish","type":"page","link":"https:\/\/revistacentro.org\/index.php\/curso-online-tadao-ando-2023-terca-feira\/","title":{"rendered":"Curso Online \u2013 Tadao Ando . 2023 . Ter\u00e7a-Feira"},"content":{"rendered":"<div id=\"cs-content\" class=\"cs-content\"><\/div>\n","protected":false},"excerpt":{"rendered":"<p>&nbsp;CURSO ONLINE DE TEORIA E HIST\u00d3RIA DA ARQUITETURA . TADAO ANDO GABRIEL KOGAN . TER\u00c7A . ABRIL &amp; MAIO 2023 (Tadao Ando) PROGRAMA 2023 18\/04, 25\/04, 02\/05, 09\/05 (ter\u00e7as-feiras) Curso Online As aulas com dura\u00e7\u00e3o de aproximadamente 1h45, sendo aproximadamente 1h30 de conte\u00fado expositivo e 15-20 minutos de discuss\u00f5es gerais. Pretende-se que o curso aumente o repert\u00f3rio arquitet\u00f4nico dos participantes, &#8230;<\/p>\n","protected":false},"author":3,"featured_media":2993,"parent":0,"menu_order":0,"comment_status":"closed","ping_status":"closed","template":"template-blank-4.php","meta":[],"_links":{"self":[{"href":"https:\/\/revistacentro.org\/index.php\/wp-json\/wp\/v2\/pages\/3294"}],"collection":[{"href":"https:\/\/revistacentro.org\/index.php\/wp-json\/wp\/v2\/pages"}],"about":[{"href":"https:\/\/revistacentro.org\/index.php\/wp-json\/wp\/v2\/types\/page"}],"author":[{"embeddable":true,"href":"https:\/\/revistacentro.org\/index.php\/wp-json\/wp\/v2\/users\/3"}],"replies":[{"embeddable":true,"href":"https:\/\/revistacentro.org\/index.php\/wp-json\/wp\/v2\/comments?post=3294"}],"version-history":[{"count":6,"href":"https:\/\/revistacentro.org\/index.php\/wp-json\/wp\/v2\/pages\/3294\/revisions"}],"predecessor-version":[{"id":3316,"href":"https:\/\/revistacentro.org\/index.php\/wp-json\/wp\/v2\/pages\/3294\/revisions\/3316"}],"wp:featuredmedia":[{"embeddable":true,"href":"https:\/\/revistacentro.org\/index.php\/wp-json\/wp\/v2\/media\/2993"}],"wp:attachment":[{"href":"https:\/\/revistacentro.org\/index.php\/wp-json\/wp\/v2\/media?parent=3294"}],"curies":[{"name":"wp","href":"https:\/\/api.w.org\/{rel}","templated":true}]}}