{"id":3257,"date":"2023-01-31T13:09:19","date_gmt":"2023-01-31T13:09:19","guid":{"rendered":"https:\/\/revistacentro.org\/index.php\/curso-online-sejima-nishizawa-2023-terca-3\/"},"modified":"2023-02-07T19:12:31","modified_gmt":"2023-02-07T19:12:31","slug":"rem_koolhaas_terca_2023","status":"publish","type":"page","link":"https:\/\/revistacentro.org\/index.php\/rem_koolhaas_terca_2023\/","title":{"rendered":"Curso Online &#8211; Rem Koolhaas . 2023 . Ter\u00e7a-Feira"},"content":{"rendered":"<div id=\"cs-content\" class=\"cs-content\"><\/div>\n","protected":false},"excerpt":{"rendered":"<p>&nbsp;CURSO ONLINE DE TEORIA E HIST\u00d3RIA DA ARQUITETURA . REM KOOLHAAS GABRIEL KOGAN . TER\u00c7AS . MAR 2023 (Rem Koolhaas) PROGRAMA 2023 07\/03, 14\/03, 21\/03, 28\/03 (ter\u00e7as-feiras) Curso Online As aulas com dura\u00e7\u00e3o de 1h40, sendo aproximadamente 1h25 de conte\u00fado expositivo e 15-20 minutos de discuss\u00f5es gerais. Pretende-se que o curso aumente o repert\u00f3rio arquitet\u00f4nico dos participantes, assim como suscite &#8230;<\/p>\n","protected":false},"author":3,"featured_media":3263,"parent":0,"menu_order":0,"comment_status":"closed","ping_status":"closed","template":"template-blank-4.php","meta":[],"_links":{"self":[{"href":"https:\/\/revistacentro.org\/index.php\/wp-json\/wp\/v2\/pages\/3257"}],"collection":[{"href":"https:\/\/revistacentro.org\/index.php\/wp-json\/wp\/v2\/pages"}],"about":[{"href":"https:\/\/revistacentro.org\/index.php\/wp-json\/wp\/v2\/types\/page"}],"author":[{"embeddable":true,"href":"https:\/\/revistacentro.org\/index.php\/wp-json\/wp\/v2\/users\/3"}],"replies":[{"embeddable":true,"href":"https:\/\/revistacentro.org\/index.php\/wp-json\/wp\/v2\/comments?post=3257"}],"version-history":[{"count":7,"href":"https:\/\/revistacentro.org\/index.php\/wp-json\/wp\/v2\/pages\/3257\/revisions"}],"predecessor-version":[{"id":3277,"href":"https:\/\/revistacentro.org\/index.php\/wp-json\/wp\/v2\/pages\/3257\/revisions\/3277"}],"wp:featuredmedia":[{"embeddable":true,"href":"https:\/\/revistacentro.org\/index.php\/wp-json\/wp\/v2\/media\/3263"}],"wp:attachment":[{"href":"https:\/\/revistacentro.org\/index.php\/wp-json\/wp\/v2\/media?parent=3257"}],"curies":[{"name":"wp","href":"https:\/\/api.w.org\/{rel}","templated":true}]}}