{"id":3236,"date":"2023-01-13T15:08:57","date_gmt":"2023-01-13T15:08:57","guid":{"rendered":"https:\/\/revistacentro.org\/?page_id=3236"},"modified":"2023-01-13T15:28:33","modified_gmt":"2023-01-13T15:28:33","slug":"curso-online-sejima-nishizawa-2023","status":"publish","type":"page","link":"https:\/\/revistacentro.org\/index.php\/curso-online-sejima-nishizawa-2023\/","title":{"rendered":"Curso Online &#8211; Sejima &#038; Nishizawa . 2023 . Quinta"},"content":{"rendered":"<div id=\"cs-content\" class=\"cs-content\"><\/div>\n","protected":false},"excerpt":{"rendered":"<p>&nbsp;CURSO ONLINE DE TEORIA E HIST\u00d3RIA DA ARQUITETURA . JAP\u00c3O . QUINTA-FEIRA GABRIEL KOGAN . QUINTAS . JAN-FEV 2023 (Kazuyo Sejima e Ryue Nishizawa) Nova Turma! PROGRAMA 2023 26\/01, 2\/02, 09\/02, 16\/02 (quintas-feiras) Curso Online As aulas com dura\u00e7\u00e3o de 1h40, sendo aproximadamente 1h25 de conte\u00fado expositivo e 15-20 minutos de discuss\u00f5es gerais. Pretende-se que o curso aumente o repert\u00f3rio &#8230;<\/p>\n","protected":false},"author":3,"featured_media":0,"parent":0,"menu_order":0,"comment_status":"closed","ping_status":"closed","template":"template-blank-4.php","meta":[],"_links":{"self":[{"href":"https:\/\/revistacentro.org\/index.php\/wp-json\/wp\/v2\/pages\/3236"}],"collection":[{"href":"https:\/\/revistacentro.org\/index.php\/wp-json\/wp\/v2\/pages"}],"about":[{"href":"https:\/\/revistacentro.org\/index.php\/wp-json\/wp\/v2\/types\/page"}],"author":[{"embeddable":true,"href":"https:\/\/revistacentro.org\/index.php\/wp-json\/wp\/v2\/users\/3"}],"replies":[{"embeddable":true,"href":"https:\/\/revistacentro.org\/index.php\/wp-json\/wp\/v2\/comments?post=3236"}],"version-history":[{"count":8,"href":"https:\/\/revistacentro.org\/index.php\/wp-json\/wp\/v2\/pages\/3236\/revisions"}],"predecessor-version":[{"id":3251,"href":"https:\/\/revistacentro.org\/index.php\/wp-json\/wp\/v2\/pages\/3236\/revisions\/3251"}],"wp:attachment":[{"href":"https:\/\/revistacentro.org\/index.php\/wp-json\/wp\/v2\/media?parent=3236"}],"curies":[{"name":"wp","href":"https:\/\/api.w.org\/{rel}","templated":true}]}}