{"id":3212,"date":"2023-01-10T17:11:05","date_gmt":"2023-01-10T17:11:05","guid":{"rendered":"https:\/\/revistacentro.org\/?page_id=3212"},"modified":"2023-01-13T15:27:47","modified_gmt":"2023-01-13T15:27:47","slug":"curso-online-sejima-nishizawa-2023-terca","status":"publish","type":"page","link":"https:\/\/revistacentro.org\/index.php\/curso-online-sejima-nishizawa-2023-terca\/","title":{"rendered":"Curso Online &#8211; Sejima &#038; Nishizawa . 2023 . Ter\u00e7a"},"content":{"rendered":"<div id=\"cs-content\" class=\"cs-content\"><\/div>\n","protected":false},"excerpt":{"rendered":"<p>&nbsp;CURSO ONLINE DE TEORIA E HIST\u00d3RIA DA ARQUITETURA . JAP\u00c3O GABRIEL KOGAN . TER\u00c7AS. JAN-FEV 2023 (Kazuyo Sejima e Ryue Nishizawa) PROGRAMA 2023 24\/01, 31\/01, 07\/02, 14\/02 (ter\u00e7as-feiras) Curso Online As aulas com dura\u00e7\u00e3o de 1h40, sendo aproximadamente 1h25 de conte\u00fado expositivo e 15-20 minutos de discuss\u00f5es gerais. Pretende-se que o curso aumente o repert\u00f3rio arquitet\u00f4nico dos participantes, assim como &#8230;<\/p>\n","protected":false},"author":3,"featured_media":3232,"parent":0,"menu_order":0,"comment_status":"closed","ping_status":"closed","template":"template-blank-4.php","meta":[],"_links":{"self":[{"href":"https:\/\/revistacentro.org\/index.php\/wp-json\/wp\/v2\/pages\/3212"}],"collection":[{"href":"https:\/\/revistacentro.org\/index.php\/wp-json\/wp\/v2\/pages"}],"about":[{"href":"https:\/\/revistacentro.org\/index.php\/wp-json\/wp\/v2\/types\/page"}],"author":[{"embeddable":true,"href":"https:\/\/revistacentro.org\/index.php\/wp-json\/wp\/v2\/users\/3"}],"replies":[{"embeddable":true,"href":"https:\/\/revistacentro.org\/index.php\/wp-json\/wp\/v2\/comments?post=3212"}],"version-history":[{"count":17,"href":"https:\/\/revistacentro.org\/index.php\/wp-json\/wp\/v2\/pages\/3212\/revisions"}],"predecessor-version":[{"id":3250,"href":"https:\/\/revistacentro.org\/index.php\/wp-json\/wp\/v2\/pages\/3212\/revisions\/3250"}],"wp:featuredmedia":[{"embeddable":true,"href":"https:\/\/revistacentro.org\/index.php\/wp-json\/wp\/v2\/media\/3232"}],"wp:attachment":[{"href":"https:\/\/revistacentro.org\/index.php\/wp-json\/wp\/v2\/media?parent=3212"}],"curies":[{"name":"wp","href":"https:\/\/api.w.org\/{rel}","templated":true}]}}