{"id":3045,"date":"2020-08-14T19:47:29","date_gmt":"2020-08-14T19:47:29","guid":{"rendered":"http:\/\/revistacentro.org\/?page_id=3045"},"modified":"2020-09-24T19:04:11","modified_gmt":"2020-09-24T19:04:11","slug":"cursoonlinetadao","status":"publish","type":"page","link":"https:\/\/revistacentro.org\/index.php\/cursoonlinetadao\/","title":{"rendered":"CURSO \u2013 Curso Online de Teoria e Hist\u00f3ria da Arquitetura Moderna e Contempor\u00e2nea (Jap\u00e3o) . Turmas"},"content":{"rendered":"<div id=\"x-section-1\" class=\"x-section fau bg-image\" style=\"margin: 0px; padding: 0px;  background-image: url(https:\/\/revistacentro.org\/wp-content\/uploads\/2020\/08\/DSC04069-3-low-fita4-scaled.jpg); background-color: transparent;\" data-x-element=\"section\" data-x-params=\"{&quot;type&quot;:&quot;image&quot;,&quot;parallax&quot;:false}\"><div id=\"\" class=\"x-container max width\" style=\"margin: 0px auto; padding: 0px; \" ><div  class=\"x-column x-sm x-1-1\" style=\"padding: 0px; \" >\u00a0<\/div><\/div><\/div><div id=\"index\" class=\"x-section\" style=\"margin: 0px; padding: 0px 0px 45px;  background-color: #ffffff;\" ><div id=\"\" class=\"x-container max width\" style=\"margin: 0px auto; padding: 0px; \" ><div  class=\"x-column x-sm x-1-1\" style=\"padding: 0px; \" ><hr  class=\"x-gap\" style=\"margin: 50px 0 0 0;\"><div id=\"\" class=\"x-text none\" style=\"\" ><h1><span style=\"color: #000000;\">CURSO ONLINE DE TEORIA E HIST\u00d3RIA DA ARQUITETURA <\/span> <span style=\"color: #808080;\">MODERNA E CONTEMPOR\u00c2NEA . M\u00d3DULO JAP\u00c3O<\/span><\/h1>\n<\/div><div id=\"\" class=\"x-text none\" style=\"\" ><h3><span style=\"color: #808080;\">GABRIEL KOGAN . TURMA QUINTAS . SETEMBRO <\/span><\/h3>\n<h3><span style=\"color: #808080;\">(KAZUYO SEJIMA &amp; RYUE NISHIZAWA)<\/span><\/h3>\n<\/div><hr  class=\"x-gap\" style=\"margin: 10px 0 0 0;\"><\/div><\/div><div id=\"\" class=\"x-container max width\" style=\"margin: 0px auto; padding: 0px; \" ><div  class=\"x-column x-sm left-text  x-1-1\" style=\"padding: 0px; \" ><div id=\"\" class=\"x-text none\" style=\"\" ><p><strong>PROGRAMA 2020<\/strong><\/p>\n<p><strong>3\/9, 10\/9, 17\/9, 24\/9 (quinta-feiras)<\/strong><\/p>\n<p><a href=\"https:\/\/revistacentro.org\/index.php\/sejimanishizawaterca\/\"><strong>Turma de ter\u00e7as-feiras tamb\u00e9m dispon\u00edvel (clique aqui)<\/strong><\/a><\/p>\n<p>(m\u00f3dulos independentes,<br \/>\nsete meses, sete arquitetos,<br \/>\nsete cursos de 4 aulas cada um)<\/p>\n<\/div><div id=\"\" class=\"x-text none\" style=\"\" ><p><strong>Junho<\/strong> Kazuo Shinohara<br \/>\n<strong>Julho<\/strong> Tadao Ando<br \/>\n<strong>Agosto<\/strong> (pausa)<br \/>\n<strong>Setembro<\/strong> Kazuyo Sejima &amp; Ry\u016be Nishizawa<br \/>\n<strong>Outubro<\/strong> Toyo Ito<br \/>\n<strong>Novembro<\/strong> Junya Ishigami<br \/>\n<strong>Dezembro<\/strong> (pausa)<br \/>\n<strong>Janeiro<\/strong> Terunobu Fujimori<br \/>\n<strong>Fevereiro<\/strong> Kisho Kurokawa<\/p>\n<\/div><hr  class=\"x-gap\" style=\"margin: 20px 0 0 0;\"><div  class=\"x-columnize\" ><span style=\"color: #000000;\"><strong>Curso Online<\/strong><\/span><\/p>\n<p><span style=\"color: #000000;\">Ao longo de 2020, explorarei as obras de um arquiteto japon\u00eas a cada m\u00eas em aulas online transmitidas por plataforma de videoconfer\u00eancia. Os m\u00f3dulos mensais s\u00e3o independentes entre si. Trarei quest\u00f5es norteadoras dessas pr\u00e1ticas por meio de material multim\u00eddia especificamente desenvolvido com textos te\u00f3ricos e obras chaves. Espera-se que discuss\u00f5es desdobrem a rela\u00e7\u00e3o dessas arquiteturas com o fazer contempor\u00e2neo e os rumos da arquitetura nesse momento de crise.\u00a0<\/span><\/p>\n<p><span style=\"color: #000000;\">Os m\u00f3dulos mensais independentes focar\u00e3o, cada um, em um arquiteto espec\u00edfico. Em comum, as sete pr\u00e1ticas representam produ\u00e7\u00f5es fundamentais japonesas do s\u00e9culo 20 e 21, criam interlocu\u00e7\u00f5es cr\u00edticas com o Movimento Moderno e suscitam quest\u00f5es centrais para as pr\u00e1ticas atuais. As aulas debater\u00e3o conceitos b\u00e1sicos da est\u00e9tica oriental e o di\u00e1logo estabelecido por esses arquitetos tanto com a tradi\u00e7\u00e3o japonesa quanto com o processo de ocidentaliza\u00e7\u00e3o iniciado ap\u00f3s a Restaura\u00e7\u00e3o Meiji no s\u00e9culo 19.<\/span><\/p>\n<p><span style=\"color: #000000;\">As aulas durar\u00e3o 1h30, sendo aproximadamente 1h10 de conte\u00fado expositivo e 20 minutos de discuss\u00f5es gerais. Pretende-se que o curso aumente o repert\u00f3rio arquitet\u00f4nico dos participantes, assim como suscite quest\u00f5es cr\u00edticas na pr\u00e1tica profissional. O curso \u00e9 voltado para arquitetos, estudantes de arquitetura e profissionais ligados a \u00e1rea correlatas como artes, cinema e hist\u00f3ria.<\/span><\/p>\n<p><span style=\"color: #000000;\">Considerando o atual cen\u00e1rio, estabeleci diferentes blocos de pre\u00e7o para inscri\u00e7\u00e3o. Os inscritos podem escolher livremente os valores que desejem pagar, conforme sua atual situa\u00e7\u00e3o financeira.<\/span><\/p>\n<p><strong>Kazuyo Sejima &amp; Ryue Nishizawa (Setembro)<\/strong><\/p>\n<p>Nas obras de Kazuyo Sejima e Riuye Nishizawa as barreiras espaciais se desmaterializam, assim como a pr\u00f3pria textura dos materiais arquitet\u00f4nicos, transformados ent\u00e3o em superf\u00edcies brancas uniformes. Para se revelar em sua espacialidade e conceitos fundamentais, a &#8220;arquitetura diagrama&#8221; (na express\u00e3o criada por Toyo Ito sobre Sejima) abstrai e decanta ao essencial materiais e elementos construtivos.<\/p>\n<p>Discuss\u00f5es sobre o lugar da tradi\u00e7\u00e3o \u2013 em voga no meti\u00ea arquitet\u00f4nico japon\u00eas desde meados do s\u00e9culo 20 \u2013 d\u00e3o espa\u00e7o \u00e0s pr\u00e1ticas experimentais sobre a rela\u00e7\u00e3o entre os modos de vida vigentes e a cidade contempor\u00e2nea. As obras se alternam entre dois polos principais: &#8220;a arquitetura contra cidade&#8221; e &#8220;a arquitetura como cidade&#8221;. Elementos tradicionais n\u00e3o desaparecem por completo, mas parecem agora incorporados e dilu\u00eddos no mundo moderno, seja da cidade ou nos pr\u00f3prios objetos arquitet\u00f4nicos.<\/p>\n<p>Sejima e Nishizawa representam uma gera\u00e7\u00e3o de arquitetos atuando em uma sociedade p\u00f3s-pol\u00edtica, na qual as convuls\u00f5es dos finais dos anos 60 s\u00e3o apenas vagas mem\u00f3rias, praticamente apagadas pelas repress\u00f5es e pela vida apressada metropolitana calcada no trabalho \u00e1rduo. Ganhadores do Pr\u00eamio Pritzker em 2010, Sejima e Nishizawa fundaram em 1995 o SANAA; cada um mant\u00e9m tamb\u00e9m pr\u00e1ticas individuais at\u00e9 hoje, em escrit\u00f3rios separados.<\/p>\n<p>Os quatro encontros sobre Kazuyo Sejima &amp; Ryue Nishizawa acontecer\u00e3o nos dias<\/p>\n<p><strong>3\/9, 10\/9, 17\/9, 24\/9 (quinta-feiras)<\/strong><\/p>\n<p><strong>Quando?<\/strong><\/p>\n<p>Nas quintas-feiras das 18h00-19h30<\/p>\n<p><strong>Esclarecimentos sobre os valores cobrados e o cen\u00e1rio de pandemia<\/strong><\/p>\n<p>1- Penso ser importante, mesmo dentro da imprevisibilidade atual do cen\u00e1rio de pandemia, manter circula\u00e7\u00e3o financeira, atividade econ\u00f4mica e difus\u00e3o do conhecimento no campo das artes e educa\u00e7\u00e3o. Nesse sentido, elaborei um sistema de valores para o curso que se prop\u00f5e a ser o mais democr\u00e1tico poss\u00edvel com descontos de at\u00e9 80%. Quanto cada um pagar\u00e1 depender\u00e1 da escolha individual conforme sua pr\u00f3pria situa\u00e7\u00e3o.<\/p>\n<p>2- Nas segundas feiras, estou organizando um grupo de estudos colaborativo, livre e gratuito. As duas din\u00e2micas ser\u00e3o distintas: o grupo focar\u00e1 em leitura conjunta de textos e se dar\u00e1 por meio de uma constru\u00e7\u00e3o coletiva do repert\u00f3rio cr\u00edtico; j\u00e1 este curso se estrutura por aulas expositivas baseada em material visual especialmente preparado.<\/p>\n<p><strong>Quanto custa (as quatro aulas)?<\/strong><\/p>\n<p>Valor mensal com desconto 80: R$36,00<\/p>\n<p>Valor mensal com desconto 50: R$90,00<\/p>\n<p>Valor mensal normal: R$180,00<\/p>\n<p><strong>Qual \u00e9 o limite de vagas?<\/strong><\/p>\n<p>Por causa de restri\u00e7\u00f5es nos atuais servi\u00e7os de v\u00eddeoconfer\u00eancia, limitarei as vagas a 90 inscritos.<\/p>\n<p><strong>Como \u00e9 o processo de inscri\u00e7\u00e3o?<\/strong><\/p>\n<p>Basta fazer a inscri\u00e7\u00e3o no site por plataforma do PagSeguro pelo site revistacentro.org. Para inscri\u00e7\u00f5es internacionais, pode-se usar o sistema do PayPal. A confirma\u00e7\u00e3o da inscri\u00e7\u00e3o ser\u00e1 feita por e-mail em at\u00e9 5 dias ap\u00f3s o processamento do pagamento (no caso de cart\u00e3o o processamento \u00e9 imediato, no caso de boleto, pode demorar at\u00e9 5 dias \u00fateis).<\/p>\n<p><strong>Qual plataforma ser\u00e1 usada? As aulas ficar\u00e3o dispon\u00edveis depois?<\/strong><\/p>\n<p>Usaremos o Google Meet, uma plataforma est\u00e1vel e segura para esse tipo de reuni\u00e3o. A entrada na sala de videoconfer\u00eancia dever\u00e1 acontecer at\u00e9 as 18h00 por meio de clique em link a ser disponibilizado futuramente. As aulas n\u00e3o ser\u00e3o disponibilizadas depois.<\/p>\n<p><strong>Pol\u00edtica de cancelamento<\/strong><\/p>\n<p>Caso requisitado pelo(a) inscrito(a), ser\u00e1 feita restitui\u00e7\u00e3o integral do valor caso o pedido de cancelamento seja feito em at\u00e9 7 dias ap\u00f3s a compra. Ap\u00f3s os 7 dias, n\u00e3o ser\u00e1 feita devolu\u00e7\u00e3o. A inscri\u00e7\u00e3o \u00e9 intransfer\u00edvel e o acesso a sala de aula n\u00e3o pode ser compartilhado.<\/p>\n<p><strong>D\u00favidas e mais informa\u00e7\u00f5es<\/strong><\/p>\n<p>gabrielkogan@gmail.com<\/p>\n<p><strong>Informa\u00e7\u00f5es importantes<\/strong><\/p>\n<p>As aulas ser\u00e3o ao vivo. Grava\u00e7\u00f5es\/v\u00eddeos n\u00e3o ficar\u00e3o dispon\u00edveis depois.<\/p>\n<p>N\u00e3o ser\u00e3o emitidos certificados para cursos online em 2020.<\/p>\n<p><strong>Professor<\/strong><\/p>\n<p>Gabriel Kogan, arquiteto, cr\u00edtico e professor, doutorando na FAUUSP, onde pesquisa rela\u00e7\u00f5es entre a arquitetura japonesa e brasileira. Formado pela Faculdade de Arquitetura e Urbanismo da Universidade de S\u00e3o Paulo (FAU-USP) em 2009. Professor na Escola da Cidade e palestrante convidado da Polit\u00e9cnico de Mil\u00e3o (POLIMI, campus Mantova). Oferece cursos livres no MASP (2016) e MuBE (2017 &amp; 2018). \u00c9 colaborador da Folha de S.Paulo, e tamb\u00e9m escreveu para a Revista Bamboo, AU e as japonesas A+U e GA House. Em 2013, apresentou mestrado no UNESCO-IHE nos Pa\u00edses Baixos. Entre 2007 e 2015, trabalhou no escrit\u00f3rio de arquitetura Studio MK27. Participou no anteprojeto do Museu de Minas e Metal de Paulo Mendes da Rocha em 2006 e da organiza\u00e7\u00e3o do Arte\/Cidade de Nelson Brissac em 2005. Em 2015, fundou o instituto CENTRO Pesquisas Urbanas e e edita a Revista Centro. Integra o juri do Trof\u00e9u APCA para a categoria de arquitetura.<\/div><\/div><\/div><\/div><div id=\"x-section-3\" class=\"x-section\" style=\"margin: 0px; padding: 0px;  background-color: transparent;\" ><div id=\"\" class=\"x-container max width\" style=\"margin: 0px auto; padding: px 0px 0px; \" ><div  class=\"x-column x-sm x-1-1\" style=\"padding: 0px; \" ><hr  class=\"x-gap\" style=\"margin: 20px 0 0 0;\"><div id=\"\" class=\"x-text right-text\" style=\"\" ><\/div><\/div><\/div><\/div><div id=\"x-section-4\" class=\"x-section\" style=\"margin: 0px; padding: 0px;  background-color: transparent;\" ><div id=\"\" class=\"x-container max width\" style=\"margin: 0px auto; padding: px 0px 0px; \" ><div  class=\"x-column x-sm x-1-1\" style=\"padding: 0px; \" ><hr  class=\"x-gap\" style=\"margin: 20px 0 0 0;\"><div id=\"\" class=\"x-text right-text\" style=\"\" ><p style=\"text-align: left;\">(Em caso de problemas para acessar o link pelo celular, tentar via desktop)<\/p>\n<h4 style=\"text-align: left;\"><\/h4>\n<h4 style=\"text-align: left;\"><strong>INSCRI\u00c7\u00d5ES ENCERRADAS PARA SETEMBRO\u00a0\u00a0<\/strong><\/h4>\n<h4 style=\"text-align: left;\"><strong>INSCRI\u00c7\u00c3O VALOR INTEGRAL . M\u00caS DE SETEMBRO .\u00a0 R$180,00<\/strong><\/h4>\n<h4 style=\"text-align: left;\"><strong><!-- INICIO DO BOTAO PAGSEGURO --><a title=\"Pagar com PagSeguro\" href=\"https:\/\/pag.ae\/7WfXDaWb8\/button\" target=\"_blank\" rel=\"noopener noreferrer\"><img decoding=\"async\" src=\"\/\/assets.pagseguro.com.br\/ps-integration-assets\/botoes\/pagamentos\/205x30-pagar.gif\" alt=\"Pague com PagSeguro - \u00e9 r\u00e1pido, gr\u00e1tis e seguro!\" \/><\/a><!-- FIM DO BOTAO PAGSEGURO --><\/strong><\/h4>\n<h4 style=\"text-align: left;\"><strong>INSCRI\u00c7\u00c3O DESCONTO 50% . M\u00caS DE SETEMBRO . R$90,00<\/strong><\/h4>\n<h4 style=\"text-align: left;\"><strong><!-- INICIO DO BOTAO PAGSEGURO --><a title=\"Pagar com PagSeguro\" href=\"https:\/\/pag.ae\/7WfXEhp7K\/button\" target=\"_blank\" rel=\"noopener noreferrer\"><img decoding=\"async\" src=\"\/\/assets.pagseguro.com.br\/ps-integration-assets\/botoes\/pagamentos\/205x30-pagar.gif\" alt=\"Pague com PagSeguro - \u00e9 r\u00e1pido, gr\u00e1tis e seguro!\" \/><\/a><!-- FIM DO BOTAO PAGSEGURO --><\/strong><\/h4>\n<h4 style=\"text-align: left;\"><\/h4>\n<h4 style=\"text-align: left;\"><strong>INSCRI\u00c7\u00c3O DESCONTO 80% . M\u00caS DE SETEMBRO . R$36,00 <\/strong><\/h4>\n<h4 style=\"text-align: left;\"><strong><!-- INICIO DO BOTAO PAGSEGURO --><a title=\"Pagar com PagSeguro\" href=\"https:\/\/pag.ae\/7WfXG4pw8\/button\" target=\"_blank\" rel=\"noopener noreferrer\"><img decoding=\"async\" src=\"\/\/assets.pagseguro.com.br\/ps-integration-assets\/botoes\/pagamentos\/205x30-pagar.gif\" alt=\"Pague com PagSeguro - \u00e9 r\u00e1pido, gr\u00e1tis e seguro!\" \/><\/a><!-- FIM DO BOTAO PAGSEGURO --><\/strong><\/h4>\n<p style=\"text-align: left;\">(inscri\u00e7\u00f5es internacionais via PayPal, por cart\u00e3o de cr\u00e9dito)<\/p>\n<h4 style=\"text-align: left;\"><strong>INSCRI\u00c7\u00c3O INTERNACIONAL (DESCONTOS N\u00c3O DISPON\u00cdVEIS)<\/strong><\/h4>\n<h4 style=\"text-align: left;\"><strong>M\u00caS DE SETEMBRO. R$180,00<\/strong><\/h4>\n<p style=\"text-align: left;\">Entre em contato diretamente em gabrielkogan@gmail.com para requisitar um link de pagamento online PayPal<\/p>\n<\/div><\/div><\/div><\/div><div id=\"x-section-5\" class=\"x-section fau\" style=\"margin: 0px; padding: 0px;  background-color: transparent;\" ><div id=\"\" class=\"x-container max width\" style=\"margin: 0px auto; padding: 0px; \" ><div  class=\"x-column x-sm x-1-1\" style=\"padding: 0px; \" ><hr  class=\"x-gap\" style=\"margin: 900px 0 0 0;\"><\/div><\/div><\/div>\n","protected":false},"excerpt":{"rendered":"","protected":false},"author":1,"featured_media":0,"parent":0,"menu_order":0,"comment_status":"closed","ping_status":"closed","template":"template-blank-4.php","meta":[],"_links":{"self":[{"href":"https:\/\/revistacentro.org\/index.php\/wp-json\/wp\/v2\/pages\/3045"}],"collection":[{"href":"https:\/\/revistacentro.org\/index.php\/wp-json\/wp\/v2\/pages"}],"about":[{"href":"https:\/\/revistacentro.org\/index.php\/wp-json\/wp\/v2\/types\/page"}],"author":[{"embeddable":true,"href":"https:\/\/revistacentro.org\/index.php\/wp-json\/wp\/v2\/users\/1"}],"replies":[{"embeddable":true,"href":"https:\/\/revistacentro.org\/index.php\/wp-json\/wp\/v2\/comments?post=3045"}],"version-history":[{"count":14,"href":"https:\/\/revistacentro.org\/index.php\/wp-json\/wp\/v2\/pages\/3045\/revisions"}],"predecessor-version":[{"id":3068,"href":"https:\/\/revistacentro.org\/index.php\/wp-json\/wp\/v2\/pages\/3045\/revisions\/3068"}],"wp:attachment":[{"href":"https:\/\/revistacentro.org\/index.php\/wp-json\/wp\/v2\/media?parent=3045"}],"curies":[{"name":"wp","href":"https:\/\/api.w.org\/{rel}","templated":true}]}}