{"id":300,"date":"2015-10-13T19:21:48","date_gmt":"2015-10-13T19:21:48","guid":{"rendered":"http:\/\/revistacentro.org\/?page_id=300"},"modified":"2015-12-16T13:29:32","modified_gmt":"2015-12-16T13:29:32","slug":"pedrokok","status":"publish","type":"page","link":"https:\/\/revistacentro.org\/index.php\/pedrokok\/","title":{"rendered":"BANHOS DE VIAREGGIO &#8211; Nostalgia na costa italiana"},"content":{"rendered":"<div id=\"kok\" class=\"x-section\" style=\"margin: 0px; padding: 0px 0px 45px;  background-color: #ffffff;\" ><div id=\"\" class=\"x-container max width\" style=\"margin: 0px auto; padding: 0px; \" ><div  class=\"x-column x-sm x-1-1\" style=\"padding: 0px; \" ><hr  class=\"x-gap\" style=\"margin: 70px 0 0 0;\"><div id=\"\" class=\"x-text none\" style=\"\" ><h6>TEXTO E FOTOS <span style=\"color: #808080;\">PEDRO KOK<\/span><\/h6>\n<\/div><div id=\"\" class=\"x-text none\" style=\"\" ><h1><span style=\"color: #000000;\">BANHOS DE VIAREGGIO<\/span><\/h1>\n<\/div><div id=\"\" class=\"x-text none\" style=\"\" ><h3><span style=\"color: #808080;\">Nostalgia na costa italiana<\/span><\/h3>\n<\/div><hr  class=\"x-gap\" style=\"margin: 30px 0 0 0;\"><\/div><\/div><div id=\"\" class=\"x-container max width\" style=\"margin: 0px auto; padding: 0px; \" ><div  class=\"x-column x-sm x-1-2\" style=\"padding: 0px; \" ><div id=\"\" class=\"x-text none\" style=\"\" ><p>Um trecho praticamente cont\u00ednuo, de 23km do litoral do mar da Lig\u00faria, \u00e9 ocupado pelos bagni, balne\u00e1rios privados surgidos no in\u00edcio do s\u00e9culo XX. Em Viareggio, Toscana, s\u00e3o 125 estabelecimentos que oferecem estrutura para o banhista, como servi\u00e7o de praia, recrea\u00e7\u00e3o e abrigo para fam\u00edlias. N\u00e3o oferecem hospedagem, que fica a cargo dos hot\u00e9is, apartamentos e casas de veraneio. \u00c9 praticamente imposs\u00edvel ir a praia sem pagar, pois a faixa de areia imediatamente a frente fica sob cust\u00f3dia do balne\u00e1rio e restrito a seus clientes \u2014 pouqu\u00edssimos trechos s\u00e3o totalmente p\u00fablicos. <\/p>\n<p>Na face voltada a terra, exibem o nome em letras grandes na fachada, com tipografia delicada e bem elaborada. S\u00e3o similares em arquitetura, tendo pavilh\u00f5es com paredes inclinadas tomando metade do terreno, e o restante ajardinado.<\/p>\n<\/div><\/div><div  class=\"x-column x-sm x-1-2\" style=\"padding: 0px; \" >&nbsp;<\/div><\/div><div id=\"\" class=\"x-container max width\" style=\"margin: 0px auto; padding: 0px; \" ><div  class=\"x-column x-sm x-1-1\" style=\"padding: 0px; \" ><hr  class=\"x-gap\" style=\"margin: 50px 0 0 0;\"><div id=\"\" class=\"x-text none\" style=\"\" ><h3><span style=\"color: #000000;\"><a href=\"#marzia\">MARZIA<\/a><\/span><\/h3>\n<h3><span style=\"color: #000000;\"><a href=\"#leda\">LEDA<\/a><\/span><\/h3>\n<h3><span style=\"color: #000000;\"><a href=\"#girasale\">GIRASALE<\/a><\/span><\/h3>\n<h3><span style=\"color: #000000;\"><a href=\"#piove\">PIOVE<\/a><\/span><\/h3>\n<h3><span style=\"color: #000000;\"><a href=\"#pinocchio\">PINOCCHIO<\/a><\/span><\/h3>\n<h3><span style=\"color: #000000;\"><a href=\"#roberto\">ROBERTO<\/a><\/span><\/h3>\n<h3><span style=\"color: #000000;\"><a href=\"#exc\">EXCELSIOR E TIRRENO<\/a><\/span><\/h3>\n<h3><span style=\"color: #000000;\"><a href=\"#nuova\">NUOVA ITALIA<\/a><\/span><\/h3>\n<h3><span style=\"color: #000000;\"><a href=\"#guido\">GUIDO<\/a><\/span><\/h3>\n<h3><span style=\"color: #000000;\"><a href=\"#primavera\">PRIMAVERA<\/a><\/span><\/h3>\n<h3><span style=\"color: #000000;\"><a href=\"#narcisa\">NARCISA<\/a><\/span><\/h3>\n<h3><span style=\"color: #000000;\"><a href=\"#bengas\">BENGASI<\/a><\/span><\/h3>\n<\/div><hr  class=\"x-gap\" style=\"margin: 70px 0 0 0;\"><\/div><\/div><\/div><div id=\"marzia\" class=\"x-section center-text\" style=\"margin: 0px; padding: 12.5% 0px;  background-color: #0d0d0d;\" ><div id=\"\" class=\"x-container\" style=\"margin: 0px auto; padding: 0px; \" ><div  class=\"x-column x-sm x-1-1\" style=\"padding: 0px; \" ><img  class=\"x-img x-img-none\" style=\"width: 100%; padding: 0px 0px 0px 0px !important;\" src=\"https:\/\/revistacentro.org\/wp-content\/uploads\/2015\/10\/2006.Viareggio-DSCF89011.jpg\" ><\/div><\/div><\/div><div id=\"leda\" class=\"x-section center-text\" style=\"margin: 0px; padding: 12.5% 0px;  background-color: #0d0d0d;\" ><div id=\"\" class=\"x-container\" style=\"margin: 0px auto; padding: 0px; \" ><div  class=\"x-column x-sm x-1-1\" style=\"padding: 0px; \" ><img  class=\"x-img x-img-none\" style=\"width: 100%; padding: 0px 0px 0px 0px !important;\" src=\"https:\/\/revistacentro.org\/wp-content\/uploads\/2015\/10\/2006.Viareggio-DSCF8880.jpg\" ><\/div><\/div><\/div><div id=\"girasale\" class=\"x-section center-text\" style=\"margin: 0px; padding: 12.5% 0px;  background-color: #0d0d0d;\" ><div id=\"\" class=\"x-container\" style=\"margin: 0px auto; padding: 0px; \" ><div  class=\"x-column x-sm x-1-1\" style=\"padding: 0px; \" ><img  class=\"x-img x-img-none\" style=\"width: 100%; padding: 0px 0px 0px 0px !important;\" src=\"https:\/\/revistacentro.org\/wp-content\/uploads\/2015\/10\/2006.Viareggio-DSCF8882.jpg\" ><\/div><\/div><\/div><div id=\"piove\" class=\"x-section center-text\" style=\"margin: 0px; padding: 12.5% 0px;  background-color: #0d0d0d;\" ><div id=\"\" class=\"x-container\" style=\"margin: 0px auto; padding: 0px; width: 100%; padding: 0px 0px 0px 0px !important;\" ><div  class=\"x-column x-sm x-1-1\" style=\"padding: 0px; \" ><img  class=\"x-img x-img-none\" style=\"width: 100%; padding: 0px 0px 0px 0px !important;\" src=\"https:\/\/revistacentro.org\/wp-content\/uploads\/2015\/10\/2006.Viareggio-DSCF8883.jpg\" ><\/div><\/div><\/div><div id=\"pinocchio\" class=\"x-section center-text\" style=\"margin: 0px; padding: 12.5% 0px;  background-color: #0d0d0d;\" ><div id=\"\" class=\"x-container\" style=\"margin: 0px auto; padding: 0px; width: 100%; padding: 0px 0px 0px 0px !important;\" ><div  class=\"x-column x-sm x-1-1\" style=\"padding: 0px; \" ><img  class=\"x-img x-img-none\" style=\"width: 100%; padding: 0px 0px 0px 0px !important;\" src=\"https:\/\/revistacentro.org\/wp-content\/uploads\/2015\/10\/2006.Viareggio-DSCF8884.jpg\" ><\/div><\/div><\/div><div id=\"roberto\" class=\"x-section center-text\" style=\"margin: 0px; padding: 12.5% 0px;  background-color: #0d0d0d;\" ><div id=\"\" class=\"x-container\" style=\"margin: 0px auto; padding: 0px; \" ><div  class=\"x-column x-sm x-1-1\" style=\"padding: 0px; \" ><img  class=\"x-img x-img-none\" style=\"width: 100%; padding: 0px 0px 0px 0px !important;\" src=\"https:\/\/revistacentro.org\/wp-content\/uploads\/2015\/10\/2006.Viareggio-DSCF8885.jpg\" ><\/div><\/div><\/div><div id=\"exc\" class=\"x-section center-text\" style=\"margin: 0px; padding: 12.5% 0px;  background-color: #0d0d0d;\" ><div id=\"\" class=\"x-container\" style=\"margin: 0px auto; padding: 0px; \" ><div  class=\"x-column x-sm x-1-1\" style=\"padding: 0px; \" ><img  class=\"x-img x-img-none\" style=\"width: 100%; padding: 0px 0px 0px 0px !important;\" src=\"https:\/\/revistacentro.org\/wp-content\/uploads\/2015\/10\/2006.Viareggio-DSCF8889.jpg\" ><\/div><\/div><\/div><div id=\"nuova\" class=\"x-section center-text\" style=\"margin: 0px; padding: 12.5% 0px;  background-color: #0d0d0d;\" ><div id=\"\" class=\"x-container\" style=\"margin: 0px auto; padding: 0px; \" ><div  class=\"x-column x-sm x-1-1\" style=\"padding: 0px; \" ><img  class=\"x-img x-img-none\" style=\"width: 100%; padding: 0px 0px 0px 0px !important;\" src=\"https:\/\/revistacentro.org\/wp-content\/uploads\/2015\/10\/2006.Viareggio-DSCF88931.jpg\" ><\/div><\/div><\/div><div id=\"guido\" class=\"x-section center-text\" style=\"margin: 0px; padding: 12.5% 0px;  background-color: #0d0d0d;\" ><div id=\"\" class=\"x-container\" style=\"margin: 0px auto; padding: 0px; \" ><div  class=\"x-column x-sm x-1-1\" style=\"padding: 0px; \" ><img  class=\"x-img x-img-none\" style=\"width: 100%; padding: 0px 0px 0px 0px !important;\" src=\"https:\/\/revistacentro.org\/wp-content\/uploads\/2015\/10\/2006.Viareggio-DSCF8894.jpg\" ><\/div><\/div><\/div><div id=\"primavera\" class=\"x-section center-text\" style=\"margin: 0px; padding: 12.5% 0px;  background-color: #0d0d0d;\" ><div id=\"\" class=\"x-container\" style=\"margin: 0px auto; padding: 0px; \" ><div  class=\"x-column x-sm x-1-1\" style=\"padding: 0px; \" ><img  class=\"x-img x-img-none\" style=\"width: 100%; padding: 0px 0px 0px 0px !important;\" src=\"https:\/\/revistacentro.org\/wp-content\/uploads\/2015\/10\/2006.Viareggio-DSCF8895.jpg\" ><\/div><\/div><\/div><div id=\"narcisa\" class=\"x-section center-text\" style=\"margin: 0px; padding: 12.5% 0px;  background-color: #0d0d0d;\" ><div id=\"\" class=\"x-container\" style=\"margin: 0px auto; padding: 0px; \" ><div  class=\"x-column x-sm x-1-1\" style=\"padding: 0px; \" ><img  class=\"x-img x-img-none\" style=\"width: 100%; padding: 0px 0px 0px 0px !important;\" src=\"https:\/\/revistacentro.org\/wp-content\/uploads\/2015\/10\/2006.Viareggio-DSCF8897.jpg\" ><\/div><\/div><\/div><div id=\"bengas\" class=\"x-section center-text\" style=\"margin: 0px; padding: 12.5% 0px;  background-color: #0d0d0d;\" ><div id=\"\" class=\"x-container\" style=\"margin: 0px auto; padding: 0px; \" ><div  class=\"x-column x-sm x-1-1\" style=\"padding: 0px; \" ><img  class=\"x-img x-img-none\" style=\"width: 100%; padding: 0px 0px 0px 0px !important;\" src=\"https:\/\/revistacentro.org\/wp-content\/uploads\/2015\/10\/2006.Viareggio-DSCF8898.jpg\" ><\/div><\/div><\/div><div id=\"x-section-14\" class=\"x-section\" style=\"margin: 0px; padding: 45px 0px;  background-color: transparent;\" ><div id=\"\" class=\"x-container max width\" style=\"margin: 0px auto; padding: 0px; \" ><div  class=\"x-column x-sm x-1-1\" style=\"padding: 0px; \" ><hr  class=\"x-gap\" style=\"margin: 70px 0 0 0;\"><div id=\"\" class=\"x-text\" style=\"\" ><h6><span style=\"color: #000000;\">Pedro Kok,<\/span><\/h6>\n<p><span style=\"color: #000000;\">fot\u00f3grafo e arquiteto formado pela FAU\/USP.<\/span><\/p>\n<\/div><hr  class=\"x-gap\" style=\"margin: 70px 0 0 0;\"><\/div><\/div><\/div>\n","protected":false},"excerpt":{"rendered":"","protected":false},"author":1,"featured_media":192,"parent":0,"menu_order":0,"comment_status":"closed","ping_status":"closed","template":"template-blank-4.php","meta":[],"_links":{"self":[{"href":"https:\/\/revistacentro.org\/index.php\/wp-json\/wp\/v2\/pages\/300"}],"collection":[{"href":"https:\/\/revistacentro.org\/index.php\/wp-json\/wp\/v2\/pages"}],"about":[{"href":"https:\/\/revistacentro.org\/index.php\/wp-json\/wp\/v2\/types\/page"}],"author":[{"embeddable":true,"href":"https:\/\/revistacentro.org\/index.php\/wp-json\/wp\/v2\/users\/1"}],"replies":[{"embeddable":true,"href":"https:\/\/revistacentro.org\/index.php\/wp-json\/wp\/v2\/comments?post=300"}],"version-history":[{"count":21,"href":"https:\/\/revistacentro.org\/index.php\/wp-json\/wp\/v2\/pages\/300\/revisions"}],"predecessor-version":[{"id":2254,"href":"https:\/\/revistacentro.org\/index.php\/wp-json\/wp\/v2\/pages\/300\/revisions\/2254"}],"wp:featuredmedia":[{"embeddable":true,"href":"https:\/\/revistacentro.org\/index.php\/wp-json\/wp\/v2\/media\/192"}],"wp:attachment":[{"href":"https:\/\/revistacentro.org\/index.php\/wp-json\/wp\/v2\/media?parent=300"}],"curies":[{"name":"wp","href":"https:\/\/api.w.org\/{rel}","templated":true}]}}