{"id":2975,"date":"2020-05-13T00:49:22","date_gmt":"2020-05-13T00:49:22","guid":{"rendered":"http:\/\/revistacentro.org\/?page_id=2975"},"modified":"2022-01-27T18:33:38","modified_gmt":"2022-01-27T18:33:38","slug":"shinoharaterca2021","status":"publish","type":"page","link":"https:\/\/revistacentro.org\/index.php\/shinoharaterca2021\/","title":{"rendered":"curso online shinohara"},"content":{"rendered":"<div id=\"x-section-1\" class=\"x-section fau bg-image\" style=\"margin: 0px; padding: 0px;  background-image: url(https:\/\/revistacentro.org\/wp-content\/uploads\/2020\/04\/tanikawa1.jpg); background-color: transparent;\" data-x-element=\"section\" data-x-params=\"{&quot;type&quot;:&quot;image&quot;,&quot;parallax&quot;:false}\"><div id=\"\" class=\"x-container max width\" style=\"margin: 0px auto; padding: 0px; \" ><div  class=\"x-column x-sm x-1-1\" style=\"padding: 0px; \" >&nbsp;<\/div><\/div><\/div><div id=\"index\" class=\"x-section\" style=\"margin: 0px; padding: 0px 0px 45px;  background-color: #ffffff;\" ><div id=\"\" class=\"x-container max width\" style=\"margin: 0px auto; padding: 0px; \" ><div  class=\"x-column x-sm x-1-1\" style=\"padding: 0px; \" ><hr  class=\"x-gap\" style=\"margin: 50px 0 0 0;\"><div id=\"\" class=\"x-text none\" style=\"\" ><h1><span style=\"color: #000000;\">CURSO ONLINE DE TEORIA E HIST\u00d3RIA DA ARQUITETURA <\/span> <span style=\"color: #808080;\">. JAP\u00c3O<\/span><\/h1>\n<\/div><div id=\"\" class=\"x-text none\" style=\"\" ><h3><span style=\"color: #808080;\">GABRIEL KOGAN . TER\u00c7AS . FEVEREIRO-MAR\u00c7O 2021<\/span><\/h3>\n<h3>(KAZUO SHINOHARA)<\/h3>\n<\/div><hr  class=\"x-gap\" style=\"margin: 10px 0 0 0;\"><div id=\"\" class=\"x-text none\" style=\"\" ><p><strong>PROGRAMA 2020<\/strong><\/p>\n<p><strong>23\/02, 2\/03, 09\/03, 16\/03,  23\/03 (ter\u00e7as-feiras)<\/strong><\/p>\n<\/div><\/div><\/div><div id=\"\" class=\"x-container max width\" style=\"margin: 0px auto; padding: 0px; \" ><div  class=\"x-column x-sm x-1-1\" style=\"padding: 0px; \" ><hr  class=\"x-gap\" style=\"margin: 20px 0 0 0;\"><div  class=\"x-columnize\" ><span style=\"color: #000000;\"><strong>Curso Online<\/strong><\/span><\/p>\n<p><span style=\"color: #000000;\">As aulas durar\u00e3o 1h45, sendo aproximadamente 1h30 de conte\u00fado expositivo e 15-20 minutos de discuss\u00f5es gerais. Pretende-se que o curso aumente o repert\u00f3rio arquitet\u00f4nico dos participantes, assim como suscite quest\u00f5es cr\u00edticas. O curso \u00e9 voltado para arquitetos, estudantes de arquitetura e profissionais ligados a \u00e1rea correlatas como artes, cinema e hist\u00f3ria.<\/span><\/p>\n<p><span style=\"color: #000000;\">Considerando o atual cen\u00e1rio, estabeleci diferentes blocos de pre\u00e7o para inscri\u00e7\u00e3o. Os inscritos podem escolher livremente os valores que desejem pagar, conforme sua atual situa\u00e7\u00e3o financeira.<\/span><\/p>\n<p><strong>Kazuo Shinohara (Fev-Mar\/2021)<\/strong><\/p>\n<p>Personagem central nos debates dos anos 60 e 70 no Jap\u00e3o, a obra de Kazuo Shinohara abre janelas para compreender tanto a crise da modernidade quanto a apropria\u00e7\u00e3o de elementos tradicionais pela arquitetura do s\u00e9culo 20. Sua trajet\u00f3ria se inicia como uma cr\u00edtica ao modernismo hardcore a partir de polariza\u00e7\u00f5es com o Movimento Metabolista. Shinohara prop\u00f5e um retorno ao desenho da casa, feita sob medida e definida como uma obra de arte, em oposi\u00e7\u00e3o aos projetos p\u00fablicos, urbanos e monumentais desenhados no contexto do milagre desenvolvimentista japon\u00eas.<\/p>\n<p>Em um cen\u00e1rio dominado por uma irrestrita cren\u00e7a no progresso, Shinohara representa um elemento sombrio e introspectivo, no qual a d\u00favida e a nega\u00e7\u00e3o do estado de euforia acabam por redirecionar os rumos da arquitetura no Jap\u00e3o. Ao longo de sua carreira, transita em quatro diferentes estilos, definidos a partir de um intenso di\u00e1logo com a tradi\u00e7\u00e3o local.<\/p>\n<p>O curso apresentar\u00e1 obras chaves do arquiteto, assim como um recorte de sua produ\u00e7\u00e3o te\u00f3rica. Os projetos tamb\u00e9m ser\u00e3o debatidos a partir de uma contextualiza\u00e7\u00e3o do cen\u00e1rio pol\u00edtico e social do Jap\u00e3o do per\u00edodo.<\/p>\n<p>&nbsp;<\/p>\n<p>Os cinco encontros sobre Kazuo Shinohara acontecer\u00e3o nos dias<\/p>\n<p><strong>23\/02, 02\/03, 09\/03, 16\/03, 23\/03 (ter\u00e7as-feiras)<\/strong><\/p>\n<p><strong>Quando?<\/strong><\/p>\n<p>Nas ter\u00e7as-feiras das 18h30-20h15<\/p>\n<p><strong>Esclarecimentos sobre os valores cobrados e o cen\u00e1rio de pandemia<\/strong><\/p>\n<p>Elaborei um sistema de valores para o curso que se prop\u00f5e a ser o mais democr\u00e1tico poss\u00edvel com descontos de at\u00e9 70%. Quanto cada um pagar\u00e1 depender\u00e1 da escolha individual conforme sua pr\u00f3pria situa\u00e7\u00e3o.<\/p>\n<p><strong>Quanto custa (pelo pacote de cinco aulas)?<\/strong><\/p>\n<p>Valor mensal com desconto 80: R$49,00<\/p>\n<p>Valor mensal com desconto 50: R$89,00<\/p>\n<p>Valor mensal normal: R$179,00<\/p>\n<p><strong>Qual \u00e9 o limite de vagas?<\/strong><\/p>\n<p>120 inscritos.<\/p>\n<p><strong>Como \u00e9 o processo de inscri\u00e7\u00e3o?<\/strong><\/p>\n<p>Basta fazer a inscri\u00e7\u00e3o no site por plataforma do PagSeguro pelo site revistacentro.org. Para inscri\u00e7\u00f5es internacionais, pode-se usar o sistema do PayPal. A confirma\u00e7\u00e3o da inscri\u00e7\u00e3o ser\u00e1 feita por e-mail em at\u00e9 7 dias ap\u00f3s o processamento do pagamento (no caso de cart\u00e3o o processamento \u00e9 imediato, no caso de boleto, pode demorar at\u00e9 5 dias \u00fateis).<\/p>\n<p><strong>Qual plataforma ser\u00e1 usada? As aulas ficar\u00e3o dispon\u00edveis depois?<\/strong><\/p>\n<p>Usaremos o Google Meet, uma plataforma est\u00e1vel e segura para esse tipo de reuni\u00e3o. A entrada na sala de videoconfer\u00eancia dever\u00e1 acontecer at\u00e9 as 18h30 por meio de clique em link a ser disponibilizado no dia da aula. As aulas n\u00e3o ser\u00e3o disponibilizadas depois.<\/p>\n<p><strong>Pol\u00edtica de cancelamento<\/strong><\/p>\n<p>Caso requisitado pelo(a) inscrito(a), ser\u00e1 feita restitui\u00e7\u00e3o integral do valor caso o pedido de cancelamento seja feito em at\u00e9 7 dias ap\u00f3s a compra. Ap\u00f3s os 7 dias, n\u00e3o ser\u00e1 feita devolu\u00e7\u00e3o. A inscri\u00e7\u00e3o \u00e9 intransfer\u00edvel e o acesso a sala de aula n\u00e3o pode ser compartilhado.<\/p>\n<p><strong>D\u00favidas e mais informa\u00e7\u00f5es<\/strong><\/p>\n<p>gabrielkogan@gmail.com<\/p>\n<p><strong>Informa\u00e7\u00f5es importantes<\/strong><\/p>\n<p>As aulas ser\u00e3o ao vivo. Grava\u00e7\u00f5es\/v\u00eddeos n\u00e3o ficar\u00e3o dispon\u00edveis depois.<\/p>\n<p>N\u00e3o ser\u00e3o emitidos certificados para cursos online.<\/p>\n<p>&nbsp;<\/p>\n<p><strong>Professor<\/strong><\/p>\n<p>Gabriel Kogan, arquiteto, cr\u00edtico e professor, doutorando na FAUUSP. Pesquisa rela\u00e7\u00f5es entre a arquitetura japonesa e brasileira. Formado pela Faculdade de Arquitetura e Urbanismo da Universidade de S\u00e3o Paulo (FAU-USP). Professor na Escola da Cidade e palestrante convidado da Polit\u00e9cnico de Mil\u00e3o (POLIMI, campus Mantova). Oferece cursos livres no MASP (2016) e MuBE (2017 &amp; 2018). \u00c9 colaborador da Folha de S.Paulo, e tamb\u00e9m escreveu para a Revista Bamboo, AU e as japonesas A+U e GA House. Em 2013, apresentou mestrado no UNESCO-IHE nos Pa\u00edses Baixos. Entre 2007 e 2015, trabalhou no escrit\u00f3rio de arquitetura Studio MK27. Participou no anteprojeto do Museu de Minas e Metal de Paulo Mendes da Rocha em 2006 e da organiza\u00e7\u00e3o do Arte\/Cidade de Nelson Brissac em 2005. Em 2015, fundou o instituto CENTRO Pesquisas Urbanas e e edita a Revista Centro. Integra o juri do Trof\u00e9u APCA para a categoria de arquitetura.<\/div><div id=\"\" class=\"x-text none\" style=\"\" ><\/div><\/div><\/div><\/div><div id=\"x-section-3\" class=\"x-section\" style=\"margin: 0px; padding: 0px;  background-color: transparent;\" ><div id=\"\" class=\"x-container max width\" style=\"margin: 0px auto; padding: px 0px 0px; \" ><div  class=\"x-column x-sm x-1-1\" style=\"padding: 0px; \" >&nbsp;<\/div><\/div><\/div><div id=\"x-section-4\" class=\"x-section fau\" style=\"margin: 0px; padding: 0px;  background-color: transparent;\" ><div id=\"\" class=\"x-container max width\" style=\"margin: 0px auto; padding: 0px; \" ><div  class=\"x-column x-sm x-1-1\" style=\"padding: 0px; \" ><div id=\"\" class=\"x-text\" style=\"\" ><p style=\"text-align: left;\">(Em caso de problemas para acessar o link pelo celular, tentar via desktop)<\/p>\n<h4 style=\"text-align: left;\"><\/h4>\n<h4 style=\"text-align: left;\"><strong>INSCRI\u00c7\u00c3O VALOR INTEGRAL . M\u00caS DE FEV-MAR .\u00a0 R$179,00 (INSCRI\u00c7\u00d5ES ENCERRADAS)<\/strong><\/h4>\n<h4 style=\"text-align: left;\"><!-- INICIO DO BOTAO PAGSEGURO --><a href=\"https:\/\/pag.ae\/7WRAdQuEr\/button\" target=\"_blank\" title=\"Pagar com PagSeguro\" rel=\"noopener noreferrer\"><img decoding=\"async\" src=\"\/\/assets.pagseguro.com.br\/ps-integration-assets\/botoes\/pagamentos\/205x30-pagar-preto.gif\" alt=\"Pague com PagSeguro - \u00e9 r\u00e1pido, gr\u00e1tis e seguro!\" \/><\/a><\/h4>\n<p><!-- FIM DO BOTAO PAGSEGURO --><br \/>\n&nbsp;<\/p>\n<h4 style=\"text-align: left;\"><strong>INSCRI\u00c7\u00c3O DESCONTO 50% . M\u00caS DE FEV-MAR . R$89,00 (INSCRI\u00c7\u00d5ES ENCERRADAS)<\/strong><\/h4>\n<h4 style=\"text-align: left;\"><!-- INICIO DO BOTAO PAGSEGURO --><a href=\"https:\/\/pag.ae\/7WRAfBZxR\/button\" target=\"_blank\" title=\"Pagar com PagSeguro\" rel=\"noopener noreferrer\"><img decoding=\"async\" src=\"\/\/assets.pagseguro.com.br\/ps-integration-assets\/botoes\/pagamentos\/205x30-pagar-preto.gif\" alt=\"Pague com PagSeguro - \u00e9 r\u00e1pido, gr\u00e1tis e seguro!\" \/><\/a><\/h4>\n<p><!-- FIM DO BOTAO PAGSEGURO --><br \/>\n&nbsp;<\/p>\n<h4 style=\"text-align: left;\"><strong>INSCRI\u00c7\u00c3O DESCONTO 70% . M\u00caS DE FEV-MAR . R$49,00 (INSCRI\u00c7\u00d5ES ENCERRADAS)<\/strong><\/h4>\n<h4 style=\"text-align: left;\"><!-- INICIO DO BOTAO PAGSEGURO --><a href=\"https:\/\/pag.ae\/7WRAgrd7Q\/button\" target=\"_blank\" title=\"Pagar com PagSeguro\" rel=\"noopener noreferrer\"><img decoding=\"async\" src=\"\/\/assets.pagseguro.com.br\/ps-integration-assets\/botoes\/pagamentos\/205x30-pagar-preto.gif\" alt=\"Pague com PagSeguro - \u00e9 r\u00e1pido, gr\u00e1tis e seguro!\" \/><\/h4>\n<p><\/a><!-- FIM DO BOTAO PAGSEGURO --><\/p>\n<h4 style=\"text-align: left;\"><\/h4>\n<p style=\"text-align: left;\">(inscri\u00e7\u00f5es internacionais via PayPal, por cart\u00e3o de cr\u00e9dito)<\/p>\n<p>&nbsp;<\/p>\n<h4 style=\"text-align: left;\"><strong>INSCRI\u00c7\u00c3O INTERNACIONAL (DESCONTOS N\u00c3O DISPON\u00cdVEIS)<\/strong><\/h4>\n<h4 style=\"text-align: left;\"><strong>M\u00caS DE FEV-MAR. R$179,00<\/strong><\/h4>\n<p style=\"text-align: left;\">Entre em contato diretamente em gabrielkogan@gmail.com para requisitar um link de pagamento online PayPal<\/p>\n<\/div><hr  class=\"x-gap\" style=\"margin: 500px 0 0 0;\"><\/div><\/div><\/div>\n","protected":false},"excerpt":{"rendered":"","protected":false},"author":1,"featured_media":2889,"parent":0,"menu_order":0,"comment_status":"closed","ping_status":"closed","template":"template-blank-4.php","meta":[],"_links":{"self":[{"href":"https:\/\/revistacentro.org\/index.php\/wp-json\/wp\/v2\/pages\/2975"}],"collection":[{"href":"https:\/\/revistacentro.org\/index.php\/wp-json\/wp\/v2\/pages"}],"about":[{"href":"https:\/\/revistacentro.org\/index.php\/wp-json\/wp\/v2\/types\/page"}],"author":[{"embeddable":true,"href":"https:\/\/revistacentro.org\/index.php\/wp-json\/wp\/v2\/users\/1"}],"replies":[{"embeddable":true,"href":"https:\/\/revistacentro.org\/index.php\/wp-json\/wp\/v2\/comments?post=2975"}],"version-history":[{"count":46,"href":"https:\/\/revistacentro.org\/index.php\/wp-json\/wp\/v2\/pages\/2975\/revisions"}],"predecessor-version":[{"id":3169,"href":"https:\/\/revistacentro.org\/index.php\/wp-json\/wp\/v2\/pages\/2975\/revisions\/3169"}],"wp:featuredmedia":[{"embeddable":true,"href":"https:\/\/revistacentro.org\/index.php\/wp-json\/wp\/v2\/media\/2889"}],"wp:attachment":[{"href":"https:\/\/revistacentro.org\/index.php\/wp-json\/wp\/v2\/media?parent=2975"}],"curies":[{"name":"wp","href":"https:\/\/api.w.org\/{rel}","templated":true}]}}