{"id":2856,"date":"2019-11-27T20:28:41","date_gmt":"2019-11-27T20:28:41","guid":{"rendered":"http:\/\/revistacentro.org\/?page_id=2856"},"modified":"2019-11-27T23:22:43","modified_gmt":"2019-11-27T23:22:43","slug":"cursocontemp2020","status":"publish","type":"page","link":"https:\/\/revistacentro.org\/index.php\/cursocontemp2020\/","title":{"rendered":"CURSO \u2013 Arquitetura Contempor\u00e2nea Internacional . Janeiro 2020 &#8211; por Gabriel Kogan"},"content":{"rendered":"<div id=\"x-section-1\" class=\"x-section bg-image parallax\" style=\"margin: 0px; padding: 0px; height: 33vh; width: 100%; background-image: url(https:\/\/revistacentro.org\/wp-content\/uploads\/2019\/11\/nishizawa.jpg); background-color: transparent;\" data-x-element=\"section\" data-x-params=\"{&quot;type&quot;:&quot;image&quot;,&quot;parallax&quot;:true}\"><div id=\"\" class=\"x-container max width\" style=\"margin: 0px auto; padding: 0px; width: 100%;\" ><div  class=\"x-column x-sm x-1-1\" style=\"padding: 0px; \" >&nbsp;<\/div><\/div><\/div><div id=\"index\" class=\"x-section\" style=\"margin: 0px; padding: 0px 0px 45px;  background-color: #ffffff;\" ><div id=\"\" class=\"x-container max width\" style=\"margin: 0px auto; padding: 0px; \" ><div  class=\"x-column x-sm x-1-2\" style=\"padding: 0px; \" ><hr  class=\"x-gap\" style=\"margin: 40px 0 0 0;\"><div id=\"\" class=\"x-text none\" style=\"\" ><h1><span style=\"color: #ff0000;\">1<\/span><\/h1>\n<\/div><hr  class=\"x-gap\" style=\"margin: 30px 0 0 0;\"><div id=\"\" class=\"x-text none\" style=\"\" ><h6>CURSO<\/h6>\n<\/div><hr  class=\"x-gap\" style=\"margin: 5px 0 0 0;\"><div id=\"\" class=\"x-text none\" style=\"\" ><h3>ARQUITETURA CONTEMPOR\u00c2NEA INTERNACIONAL<br \/>\nJANEIRO DE 2020<\/h3>\n<\/div><hr  class=\"x-gap\" style=\"margin: 5px 0 0 0;\"><div id=\"\" class=\"x-text none\" style=\"\" ><h5><span style=\"color: #808080;\">Rem Koolhaas,<\/span><\/h5>\n<h5><span style=\"color: #808080;\"> SANAA, <\/span><\/h5>\n<h5><span style=\"color: #808080;\">Toyo Ito <\/span><\/h5>\n<h5><span style=\"color: #808080;\">\u00c1lvaro Siza<\/span><\/h5>\n<h5><span style=\"color: #808080;\">Peter Zumthor<\/span><\/h5>\n<\/div><hr  class=\"x-gap\" style=\"margin: 40px 0 0 0;\"><div id=\"\" class=\"x-text none\" style=\"\" ><h6>PROFESSOR: Gabriel Kogan<\/h6>\n<\/div><hr  class=\"x-gap\" style=\"margin: 4px 0 0 0;\"><div id=\"\" class=\"x-text none\" style=\"\" ><h6>30 &#038; 31 DE JANEIRO; <\/p>\n<h6>1 DE FEVEREIRO DE 2020 <\/p>\n<\/div><hr  class=\"x-gap\" style=\"margin: 4px 0 0 0;\"><div id=\"\" class=\"x-text none\" style=\"\" ><h6>INSCRI\u00c7\u00d5ES AT\u00c9 29\/01\/2020<\/h6>\n<\/div><hr  class=\"x-gap\" style=\"margin: 4px 0 0 0;\"><div id=\"\" class=\"x-text none\" style=\"\" ><h6>OUTRAS INFORMA\u00c7\u00d5ES: superbacana@superbacana.com.br<\/h6>\n<\/div><\/div><div  class=\"x-column x-sm x-1-2\" style=\"padding: 0px; \" ><hr  class=\"x-gap\" style=\"margin: 90px 0 0 0;\"><\/div><\/div><div id=\"\" class=\"x-container max width\" style=\"margin: 0px auto; padding: 0px; \" ><div  class=\"x-column x-sm x-1-2\" style=\"padding: 0px; \" ><hr  class=\"x-gap\" style=\"margin: 30px 0 0 0;\"><div id=\"\" class=\"x-text none\" style=\"\" ><h6>DESCRI\u00c7\u00c3O<\/h6>\n<\/div><div id=\"\" class=\"x-text none\" style=\"\" ><p>Curso em quatro aulas conduzidas por Gabriel Kogan sobre arquitetura contempor\u00e2nea internacional com foco na obra de Rem Koolhaas, SANAA, Toyo Ito, \u00c1lvaro Siza e Peter Zumthor.<\/p>\n<p>Os encontros debater\u00e3o criticamente conceitos fundamentais dos arquitetos destacados, compreendendo intera\u00e7\u00f5es entre teoria e pr\u00e1tica a partir do estudo de projetos e textos. Entre os assuntos explorados, destaca-se a rela\u00e7\u00e3o entre arquitetura contempor\u00e2nea e cidade hist\u00f3rica. Ser\u00e1 tamb\u00e9m abordada a raiz moderna da produ\u00e7\u00e3o contempor\u00e2nea.<\/p>\n<p>Aulas expositivas e discuss\u00f5es buscar\u00e3o formular uma cr\u00edtica sobre a produ\u00e7\u00e3o contempor\u00e2nea e como ela se insere na hist\u00f3ria da arquitetura. Pretende-se contribuir para a amplia\u00e7\u00e3o do repert\u00f3rio te\u00f3rico e projetual sobre\u00a0a arquitetura contempor\u00e2nea internacional.<\/p>\n<\/div><hr  class=\"x-gap\" style=\"margin: 20px 0 0 0;\"><div id=\"\" class=\"x-text none\" style=\"\" ><h6>LOCAL &#038; DATA<\/h6>\n<\/div><div id=\"\" class=\"x-text none\" style=\"\" ><p> Superbacana+ (Av. Brg. Faria Lima, 2012 &#8211; 12\u00ba andar)<\/p>\n<p> S\u00e3o Paulo . SP<\/p>\n<\/div><div id=\"\" class=\"x-text none\" style=\"\" ><p> 30 &#038; 31 de Janeiro, 1 de Fevereiro de 2020 (ver hor\u00e1rios no cronograma) <\/p>\n<p>(de quinta a s\u00e1bado) <\/p>\n<\/div><hr  class=\"x-gap\" style=\"margin: 20px 0 0 0;\"><div id=\"\" class=\"x-text none\" style=\"\" ><h6>CARGA HOR\u00c1RIA TOTAL<\/h6>\n<\/div><div id=\"\" class=\"x-text none\" style=\"\" ><p> 14 horas<\/p>\n<\/div><hr  class=\"x-gap\" style=\"margin: 20px 0 0 0;\"><div id=\"\" class=\"x-text none\" style=\"\" ><h6>N\u00daMERO DE VAGAS<\/h6>\n<\/div><div id=\"\" class=\"x-text none\" style=\"\" ><p>40 vagas, inscri\u00e7\u00f5es at\u00e9 dia 29\/01\/2020<\/p>\n<p>Bolsas dispon\u00edveis Para estudantes de gradua\u00e7\u00e3o do ProUNI e estudantes de gradua\u00e7\u00e3o de baixa renda das universidades p\u00fablicas. O desconto \u00e9 de 80%. As bolsas ser\u00e3o concedidas mediante disponibilidade por ordem de requisi\u00e7\u00e3o, mediante apresenta\u00e7\u00e3o de comprovante de matr\u00edcula 2019, atestado de participa\u00e7\u00e3o no ProUNI (caso seja bolsista do programa) e carta de inten\u00e7\u00e3o (para estudantes das universidades p\u00fablicas). Enviar requisi\u00e7\u00e3o com documento para gabrielkogan@gmail.com<\/p>\n<\/div><hr  class=\"x-gap\" style=\"margin: 20px 0 0 0;\"><div id=\"\" class=\"x-text none\" style=\"\" ><h6>P\u00daBLICO-ALVO<\/h6>\n<\/div><div id=\"\" class=\"x-text none\" style=\"\" ><p>Arquitetos, estudantes de arquitetura e interessados no assunto de outras \u00e1reas (como hist\u00f3ria e artes).<\/p>\n<\/div><hr  class=\"x-gap\" style=\"margin: 20px 0 0 0;\"><div id=\"\" class=\"x-text none\" style=\"\" ><h6>VALOR DO CURSO<\/h6>\n<\/div><div id=\"\" class=\"x-text none\" style=\"\" ><p>R$490,00<\/p>\n<\/div><hr  class=\"x-gap\" style=\"margin: 30px 0 0 0;\"><div id=\"\" class=\"x-text none\" style=\"\" ><p><strong>30 de Janeiro (Quinta-Feira)<\/strong><br \/>\n<strong>18h00 \u00e0s 21h30<\/strong><br \/>\nRem Koolhaas e a preserva\u00e7\u00e3o hist\u00f3rica. Hist\u00f3rico biogr\u00e1fico do arquiteto no contexto da destrui\u00e7\u00e3o\/reconstru\u00e7\u00e3o da cidades europeias. Anos de forma\u00e7\u00e3o. Projeto para Bijlmermeer. A eros\u00e3o das bases da arquitetura no fim dos anos 60. Exposi\u00e7\u00e3o Cronocaos. Projeto para Garage Museum of Contemporary Art em Moscou. Projeto para Funda\u00e7\u00e3o Prada em Mil\u00e3o.<\/p>\n<p><strong>31 de Janeiro (Sexta-Feira)\u00a0<\/strong><br \/>\n<strong>18h00 \u00e0s 21h30<\/strong><br \/>\n Toyo Ito, SANAA e outras pr\u00e1ticas contempor\u00e2neas no Jap\u00e3o do p\u00f3s-guerra. Wabi-sabi e est\u00e9tica japonesa tradicional. Elementos da cerim\u00f4nia do ch\u00e1. As cer\u00e2micas tradicionais. A Villa Katsura. Kenzo Tange e a arquitetura do p\u00f3s guerra. Projeto da Casa Tange. Projeto Memorial de Hiroshima. Projeto da Sky House de Kiyonori Kikutake. O movimento Metabolista. Projeto da Nagakin Capsule Tower de Kisho Kurokawa. Expo Osaka 70. NA House de Sou Fujimoto. Projeto da Tanikawa House de Kazuo Shinohara. Projeto da M\u00eame Experimental House de Kengo Kuma. Projeto da White U de Toyo Ito. House in a Plum Grove de Kazuyo Sejima. Projeto da Moriyama House de Ryu\u0304e Nishizawa.<\/p>\n<p><strong>1\u00a0de Fevereiro (S\u00e1bado)<\/strong><br \/>\n<strong>14h30 \u00e0s 17h00<\/strong><br \/>\n\u00c1lvaro Siza: contextualismo. O Inqu\u00e9rito \u00e0 Arquitectura Popular Portuguesa. Projeto do Centro Cultural Manzana del Revell\u00edn de \u00c1lvaro Siza. Projetos da Casa de Ch\u00e1 da Boa Nova e das Piscinas em Le\u00e7a de Palmeira de \u00c1lvaro Siza. Quatro habita\u00e7\u00f5es sociais de \u00c1lvaro Siza: Bou\u00e7a, Schilderswijk e Giudecca.<br \/>\n<strong>17h30 \u00e0s 18h30<\/strong><br \/>\n Peter Zumthor: as atmosferas. Construindo e desconstruindo o conceito de Regionalismo Cr\u00edtico. O campo ampliado de Zumthor. Projetos da Capela Saint Benedict Chapel, Terma em Vals, Pavilh\u00e3o de Hannover, Steilneset Memorial, Casa e Est\u00fadio do Arquiteto, Capela Bruder Klaus Field, Kolumba Museum de Peter Zumthor. Interpreta\u00e7\u00e3o do livros As Atmosferas.<\/p>\n<\/div><hr  class=\"x-gap\" style=\"margin: 50px 0 0 0;\"><\/div><div  class=\"x-column x-sm x-1-2\" style=\"padding: 0px; \" ><hr  class=\"x-gap\" style=\"margin: 30px 0 0 0;\"><div id=\"\" class=\"x-text none\" style=\"\" ><h6>PROFESSOR<\/h6>\n<\/div><div id=\"\" class=\"x-text none\" style=\"\" ><p>GABRIEL KOGAN . Arquiteto, cr\u00edtico e professor, formado pela Faculdade de Arquitetura e Urbanismo da Universidade de S\u00e3o Paulo (FAU-USP) em 2009. Professor na Escola da Cidade e palestrante convidado da Polit\u00e9cnico de Mil\u00e3o (POLIMI, campus Mantova). Oferece cursos livres no MASP (2016) e MuBE (2017 &#038; 2018). \u00c9 colaborador da Folha de S.Paulo, e tamb\u00e9m escreveu para a Revista Bamboo, AU e as japonesas A+U e GA House. Em 2013, apresentou mestrado no UNESCO-IHE nos Pa\u00edses Baixos. Entre 2007 e 2015, trabalhou no escrit\u00f3rio de arquitetura Studio MK27. Participou no anteprojeto do Museu de Minas e Metal de Paulo Mendes da Rocha em 2006 e da organiza\u00e7\u00e3o do Arte\/Cidade de Nelson Brissac em 2005. Em 2015, fundou o instituto CENTRO Pesquisas Urbanas e e edita a Revista Centro. Integra o juri do Trof\u00e9u APCA para a categoria Arquitetura.<\/em>.<\/p>\n<\/div><hr  class=\"x-gap\" style=\"margin: 20px 0 0 0;\"><div id=\"\" class=\"x-text none\" style=\"\" ><h6>CONTATO &#038; OUTRAS INFORMA\u00c7\u00d5ES<\/h6>\n<\/div><div id=\"\" class=\"x-text none\" style=\"\" ><p>Para <a href=\"mailto:superbacana@superbacana.com.br\">superbacana@superbacana.com.br<\/a><\/p>\n<\/div><hr  class=\"x-gap\" style=\"margin: 20px 0 0 0;\"><div id=\"\" class=\"x-text none\" style=\"\" ><h5><a href=\"https:\/\/www.sympla.com.br\/arquitetura-moderna-em-sao-paulo-marco-2018__233859\">INSCREVA-SE!<\/a><\/h5>\n<\/div><div id=\"\" class=\"x-text none\" style=\"\" ><p>Inscri\u00e7\u00f5es abertas em: <a href=\"https:\/\/superbacana.com.br\/br\/loja\/cursos\/arquitetura-contemporanea-internacional\/\">https:\/\/superbacana.com.br\/br\/loja\/cursos\/arquitetura-contemporanea-internacional\/<\/a><\/p>\n<\/div><\/div><\/div><div id=\"\" class=\"x-container max width\" style=\"margin: 0px auto; padding: 0px; \" ><div  class=\"x-column x-sm x-1-2\" style=\"padding: 0px; \" ><hr  class=\"x-gap\" style=\"margin: 50px 0 0 0;\"><\/div><div  class=\"x-column x-sm x-1-2\" style=\"padding: 0px; \" ><div id=\"\" class=\"x-text\" style=\"\" ><\/div><\/div><\/div><\/div><div id=\"x-section-3\" class=\"x-section bg-image parallax\" style=\"margin: 0px; padding: 0px; height: 40vh; background-image: url(https:\/\/revistacentro.org\/wp-content\/uploads\/2019\/11\/toyo.jpg); background-color: transparent;\" data-x-element=\"section\" data-x-params=\"{&quot;type&quot;:&quot;image&quot;,&quot;parallax&quot;:true}\"><div id=\"\" class=\"x-container max width\" style=\"margin: 0px auto; padding: 0px; width: 100%;\" ><div  class=\"x-column x-sm x-1-1\" style=\"padding: 0px; \" >&nbsp;<\/div><\/div><\/div>\n","protected":false},"excerpt":{"rendered":"","protected":false},"author":1,"featured_media":2861,"parent":0,"menu_order":0,"comment_status":"closed","ping_status":"closed","template":"template-blank-4.php","meta":[],"_links":{"self":[{"href":"https:\/\/revistacentro.org\/index.php\/wp-json\/wp\/v2\/pages\/2856"}],"collection":[{"href":"https:\/\/revistacentro.org\/index.php\/wp-json\/wp\/v2\/pages"}],"about":[{"href":"https:\/\/revistacentro.org\/index.php\/wp-json\/wp\/v2\/types\/page"}],"author":[{"embeddable":true,"href":"https:\/\/revistacentro.org\/index.php\/wp-json\/wp\/v2\/users\/1"}],"replies":[{"embeddable":true,"href":"https:\/\/revistacentro.org\/index.php\/wp-json\/wp\/v2\/comments?post=2856"}],"version-history":[{"count":13,"href":"https:\/\/revistacentro.org\/index.php\/wp-json\/wp\/v2\/pages\/2856\/revisions"}],"predecessor-version":[{"id":2879,"href":"https:\/\/revistacentro.org\/index.php\/wp-json\/wp\/v2\/pages\/2856\/revisions\/2879"}],"wp:featuredmedia":[{"embeddable":true,"href":"https:\/\/revistacentro.org\/index.php\/wp-json\/wp\/v2\/media\/2861"}],"wp:attachment":[{"href":"https:\/\/revistacentro.org\/index.php\/wp-json\/wp\/v2\/media?parent=2856"}],"curies":[{"name":"wp","href":"https:\/\/api.w.org\/{rel}","templated":true}]}}