{"id":2845,"date":"2019-11-27T19:58:02","date_gmt":"2019-11-27T19:58:02","guid":{"rendered":"http:\/\/revistacentro.org\/?page_id=2845"},"modified":"2019-11-27T23:23:47","modified_gmt":"2019-11-27T23:23:47","slug":"cursomoderna2020","status":"publish","type":"page","link":"https:\/\/revistacentro.org\/index.php\/cursomoderna2020\/","title":{"rendered":"CURSO \u2013 Arquitetura Moderna em SP . Fevereiro 2020 &#8211; por Gabriel Kogan"},"content":{"rendered":"<div id=\"x-section-1\" class=\"x-section bg-image parallax\" style=\"margin: 0px; padding: 0px; height: 33vh; background-image: url(https:\/\/revistacentro.org\/wp-content\/uploads\/2016\/07\/25LOW.jpg); background-color: transparent;\" data-x-element=\"section\" data-x-params=\"{&quot;type&quot;:&quot;image&quot;,&quot;parallax&quot;:true}\"><div id=\"\" class=\"x-container max width\" style=\"margin: 0px auto; padding: 0px; width: 100%;\" ><div  class=\"x-column x-sm x-1-1\" style=\"padding: 0px; \" >&nbsp;<\/div><\/div><\/div><div id=\"index\" class=\"x-section\" style=\"margin: 0px; padding: 0px 0px 45px;  background-color: #ffffff;\" ><div id=\"\" class=\"x-container max width\" style=\"margin: 0px auto; padding: 0px; \" ><div  class=\"x-column x-sm x-1-2\" style=\"padding: 0px; \" ><hr  class=\"x-gap\" style=\"margin: 40px 0 0 0;\"><div id=\"\" class=\"x-text none\" style=\"\" ><h1><span style=\"color: #ff0000;\">2<\/span><\/h1>\n<\/div><hr  class=\"x-gap\" style=\"margin: 30px 0 0 0;\"><div id=\"\" class=\"x-text none\" style=\"\" ><h6>CURSO<\/h6>\n<\/div><hr  class=\"x-gap\" style=\"margin: 5px 0 0 0;\"><div id=\"\" class=\"x-text none\" style=\"\" ><h3>ARQUITETURA MODERNA EM S\u00c3O PAULO . FEVEREIRO DE 2020<\/h3>\n<\/div><hr  class=\"x-gap\" style=\"margin: 5px 0 0 0;\"><div id=\"\" class=\"x-text none\" style=\"\" ><h5><span style=\"color: #808080;\">Oscar Niemeyer,<\/span><\/h5>\n<h5><span style=\"color: #808080;\"> Vilanova Artigas, <\/span><\/h5>\n<h5><span style=\"color: #808080;\">Lina Bo Bardi e <\/span><\/h5>\n<h5><span style=\"color: #808080;\">Paulo Mendes da Rocha<\/span><\/h5>\n<\/div><hr  class=\"x-gap\" style=\"margin: 40px 0 0 0;\"><div id=\"\" class=\"x-text none\" style=\"\" ><h6>PROFESSOR: Gabriel Kogan<\/h6>\n<\/div><hr  class=\"x-gap\" style=\"margin: 4px 0 0 0;\"><div id=\"\" class=\"x-text none\" style=\"\" ><h6>6, 7 &#038; 8 DE FEVEREIRO DE 2020 (10h30 \u00c0S 18h30)<\/h6>\n<\/div><hr  class=\"x-gap\" style=\"margin: 4px 0 0 0;\"><div id=\"\" class=\"x-text none\" style=\"\" ><h6>INSCRI\u00c7\u00d5ES AT\u00c9 01\/02\/2020<\/h6>\n<\/div><hr  class=\"x-gap\" style=\"margin: 4px 0 0 0;\"><div id=\"\" class=\"x-text none\" style=\"\" ><h6>OUTRAS INFORMA\u00c7\u00d5ES: superbacana@superbacana.com.br<\/h6>\n<\/div><\/div><div  class=\"x-column x-sm x-1-2\" style=\"padding: 0px; \" ><hr  class=\"x-gap\" style=\"margin: 90px 0 0 0;\"><\/div><\/div><div id=\"\" class=\"x-container max width\" style=\"margin: 0px auto; padding: 0px; \" ><div  class=\"x-column x-sm x-1-2\" style=\"padding: 0px; \" ><hr  class=\"x-gap\" style=\"margin: 30px 0 0 0;\"><div id=\"\" class=\"x-text none\" style=\"\" ><h6>DESCRI\u00c7\u00c3O<\/h6>\n<\/div><div id=\"\" class=\"x-text none\" style=\"\" ><p> Hist\u00f3ria da Arquitetura: curso imersivo sobre a obra de quatro arquitetos brasileiros \u2013 Oscar Niemeyer, Vilanova Artigas, Lina Bo Bardi e Paulo Mendes da Rocha \u2013 com foco em suas produ\u00e7\u00f5es em S\u00e3o Paulo. Quatro visitas guiadas a pr\u00e9dios paradigm\u00e1ticos \u2013 obras-chaves do modernismo em S\u00e3o Paulo \u2013 complementam as aulas expositivas. As aulas te\u00f3ricas debater\u00e3o o contexto hist\u00f3rico dos projetos e arquitetos e as visitas comentadas possibilitar\u00e3o experienciar os espa\u00e7os e observar detalhes da constru\u00e7\u00e3o no pr\u00f3prio local. <\/p>\n<\/div><hr  class=\"x-gap\" style=\"margin: 20px 0 0 0;\"><div id=\"\" class=\"x-text none\" style=\"\" ><h6>LOCAL, DATA &#038; DESLOCAMENTOS<\/h6>\n<\/div><div id=\"\" class=\"x-text none\" style=\"\" ><p> Superbacana+ (Av. Brg. Faria Lima, 2012 &#8211; 12\u00ba andar)<\/p>\n<p> S\u00e3o Paulo . SP<\/p>\n<\/div><div id=\"\" class=\"x-text none\" style=\"\" ><p> 6, 7 &#038; 8 de Fevereiro de 2020 (ver hor\u00e1rios no cronograma) <\/p>\n<p>(de quinta a s\u00e1bado) <\/p>\n<p>Para esse curso, teremos \u00f4nibus fretado para todas as visitas.<\/p>\n<\/div><hr  class=\"x-gap\" style=\"margin: 20px 0 0 0;\"><div id=\"\" class=\"x-text none\" style=\"\" ><h6>CARGA HOR\u00c1RIA TOTAL<\/h6>\n<\/div><div id=\"\" class=\"x-text none\" style=\"\" ><p> 18 horas<\/p>\n<\/div><hr  class=\"x-gap\" style=\"margin: 20px 0 0 0;\"><div id=\"\" class=\"x-text none\" style=\"\" ><h6>N\u00daMERO DE VAGAS<\/h6>\n<\/div><div id=\"\" class=\"x-text none\" style=\"\" ><p>40 vagas, inscri\u00e7\u00f5es at\u00e9 dia 01\/02\/2020<\/p>\n<\/div><hr  class=\"x-gap\" style=\"margin: 20px 0 0 0;\"><div id=\"\" class=\"x-text none\" style=\"\" ><h6>P\u00daBLICO-ALVO<\/h6>\n<\/div><div id=\"\" class=\"x-text none\" style=\"\" ><p>Arquitetos, estudantes de arquitetura e interessados no assunto de outras \u00e1reas (como hist\u00f3ria e artes).<\/p>\n<\/div><hr  class=\"x-gap\" style=\"margin: 20px 0 0 0;\"><div id=\"\" class=\"x-text none\" style=\"\" ><h6>VALOR DO CURSO<\/h6>\n<\/div><div id=\"\" class=\"x-text none\" style=\"\" ><p>R$590,00<\/p>\n<\/div><hr  class=\"x-gap\" style=\"margin: 60px 0 0 0;\"><div id=\"\" class=\"x-text none\" style=\"\" ><p><strong>6 de Fevereiro (Quinta-Feira)<\/strong><\/p>\n<p><strong>10h30 \u00e0s 12h00<\/strong><br \/>\nApresenta\u00e7\u00e3o do curso, instru\u00e7\u00f5es gerais e introdu\u00e7\u00e3o cr\u00edtica-hist\u00f3rica sobre a arquitetura moderna no Brasil. Origens hist\u00f3ricas; bases te\u00f3ricas e rela\u00e7\u00f5es com o modernismo internacional e as artes.<br \/>\n<strong>14h30 \u00e0s 16h30<\/strong><br \/>\nOscar Niemeyer<br \/>\nA import\u00e2ncia hist\u00f3rica de Oscar para a arquitetura moderna. O Congresso Nacional (Bras\u00edlia) e a Casa Rothschild (Israel) servir\u00e3o como exemplo de seu processo de trabalho. Ser\u00e1 comparada tamb\u00e9m a metodologia de cria\u00e7\u00e3o nessas obras com a produ\u00e7\u00e3o do arquiteto em S\u00e3o Paulo, em especial o Parque Ibirapuer<br \/>\n<strong>16h30 \u00e0s 18h00<\/strong><br \/>\nVilanova Artigas<br \/>\nAula sobre o percursor da Escola Paulista, compreendendo a hist\u00f3ria das principais obras do arquiteto, como a FAU-USP e o Edif\u00edcio Louveira. Ser\u00e3o analisados tamb\u00e9m o significado as proposi\u00e7\u00f5es acad\u00eamicas do arquiteto e sua rela\u00e7\u00e3o com a pol\u00edtica nacional. <\/p>\n<p>&nbsp;<\/p>\n<p><strong>7 de Fevereiro (Sexta-Feira)\u00a0<\/strong><br \/>\n<strong>10h30 \u00e0s 12h00<\/strong><br \/>\nLina Bo Bardi<br \/>\nA aula explorar\u00e1 os processos de projeto da arquiteta, focando nas suas estrat\u00e9gias de antecipar poss\u00edveis futuros usos dos espa\u00e7os para criar situa\u00e7\u00e3o e atmosferas na arquitetura. A hist\u00f3ria do SESC Pompeia e a do MASP ser\u00e3o exploradas em detalhes.<br \/>\n<strong>14h00 \u00e0s 16h00<\/strong><br \/>\nParque Ibirapuera, obra de Oscar Niemeyer<br \/>\n<strong>16h00 \u00e0s 18h00<\/strong><br \/>\nVisita \u00e0 FAU,  projetada por Vilanova Artigas <\/p>\n<p>&nbsp;<\/p>\n<p><strong>8\u00a0de Fevereiro (S\u00e1bado)<\/strong><br \/>\n<strong>10h30 \u00e0s 12h00<\/strong><br \/>\nPaulo Mendes da Rocha<br \/>\nPrincipais conceitos que permeiam a obra de Paulo Mendes da Rocha, desde das proposi\u00e7\u00f5es radicais de sua arquitetura residencial at\u00e9 a rela\u00e7\u00e3o de seu pensamento sobre a natureza.<br \/>\n<strong>14h00 \u00e0s 16h00<\/strong><br \/>\nVisita guiada ao SESC Pompeia, projetado por Lina Bo Bardi.<br \/>\n<strong>16h00 \u00e0s 18h00<\/strong><br \/>\nVisita guiada ao MuBE, projetado por Paulo Mendes da Rocha<\/p>\n<\/div><hr  class=\"x-gap\" style=\"margin: 50px 0 0 0;\"><\/div><div  class=\"x-column x-sm x-1-2\" style=\"padding: 0px; \" ><hr  class=\"x-gap\" style=\"margin: 30px 0 0 0;\"><div id=\"\" class=\"x-text none\" style=\"\" ><h6>PROFESSOR<\/h6>\n<\/div><div id=\"\" class=\"x-text none\" style=\"\" ><p>GABRIEL KOGAN . Arquiteto, cr\u00edtico e professor, formado pela Faculdade de Arquitetura e Urbanismo da Universidade de S\u00e3o Paulo (FAU-USP) em 2009. Professor na Escola da Cidade e palestrante convidado da Polit\u00e9cnico de Mil\u00e3o (POLIMI, campus Mantova). Oferece cursos livres no MASP (2016) e MuBE (2017 &#038; 2018). \u00c9 colaborador da Folha de S.Paulo, e tamb\u00e9m escreveu para a Revista Bamboo, AU e as japonesas A+U e GA House. Em 2013, apresentou mestrado no UNESCO-IHE nos Pa\u00edses Baixos. Entre 2007 e 2015, trabalhou no escrit\u00f3rio de arquitetura Studio MK27. Participou no anteprojeto do Museu de Minas e Metal de Paulo Mendes da Rocha em 2006 e da organiza\u00e7\u00e3o do Arte\/Cidade de Nelson Brissac em 2005. Em 2015, fundou o instituto CENTRO Pesquisas Urbanas e e edita a Revista Centro. Integra o juri do Trof\u00e9u APCA para a categoria Arquitetura.<\/em>.<\/p>\n<\/div><hr  class=\"x-gap\" style=\"margin: 20px 0 0 0;\"><div id=\"\" class=\"x-text none\" style=\"\" ><h6>CONTATO &#038; OUTRAS INFORMA\u00c7\u00d5ES<\/h6>\n<\/div><div id=\"\" class=\"x-text none\" style=\"\" ><p>Para <a href=\"mailto:superbacana@superbacana.com.br\">superbacana@superbacana.com.br<\/a><\/p>\n<\/div><hr  class=\"x-gap\" style=\"margin: 20px 0 0 0;\"><div id=\"\" class=\"x-text none\" style=\"\" ><h5><a href=\"https:\/\/www.sympla.com.br\/arquitetura-moderna-em-sao-paulo-marco-2018__233859\">INSCREVA-SE!<\/a><\/h5>\n<\/div><div id=\"\" class=\"x-text none\" style=\"\" ><p>Inscri\u00e7\u00f5es abertas em: <a href=\"https:\/\/superbacana.com.br\/br\/loja\/cursos\/arquitetura-moderna-em-sp\/\">https:\/\/superbacana.com.br\/br\/loja\/cursos\/arquitetura-moderna-em-sp\/<\/a><\/p>\n<\/div><\/div><\/div><div id=\"\" class=\"x-container max width\" style=\"margin: 0px auto; padding: 0px; \" ><div  class=\"x-column x-sm x-1-2\" style=\"padding: 0px; \" ><hr  class=\"x-gap\" style=\"margin: 50px 0 0 0;\"><\/div><div  class=\"x-column x-sm x-1-2\" style=\"padding: 0px; \" ><div id=\"\" class=\"x-text\" style=\"\" ><\/div><\/div><\/div><\/div><div id=\"x-section-3\" class=\"x-section bg-image parallax\" style=\"margin: 0px; padding: 0px; height: 40vh; background-image: url(https:\/\/revistacentro.org\/wp-content\/uploads\/2016\/07\/25LOW.jpg); background-color: transparent;\" data-x-element=\"section\" data-x-params=\"{&quot;type&quot;:&quot;image&quot;,&quot;parallax&quot;:true}\"><div id=\"\" class=\"x-container max width\" style=\"margin: 0px auto; padding: 0px; width: 100%;\" ><div  class=\"x-column x-sm x-1-1\" style=\"padding: 0px; \" >&nbsp;<\/div><\/div><\/div>\n","protected":false},"excerpt":{"rendered":"","protected":false},"author":1,"featured_media":2842,"parent":0,"menu_order":0,"comment_status":"closed","ping_status":"closed","template":"template-blank-4.php","meta":[],"_links":{"self":[{"href":"https:\/\/revistacentro.org\/index.php\/wp-json\/wp\/v2\/pages\/2845"}],"collection":[{"href":"https:\/\/revistacentro.org\/index.php\/wp-json\/wp\/v2\/pages"}],"about":[{"href":"https:\/\/revistacentro.org\/index.php\/wp-json\/wp\/v2\/types\/page"}],"author":[{"embeddable":true,"href":"https:\/\/revistacentro.org\/index.php\/wp-json\/wp\/v2\/users\/1"}],"replies":[{"embeddable":true,"href":"https:\/\/revistacentro.org\/index.php\/wp-json\/wp\/v2\/comments?post=2845"}],"version-history":[{"count":10,"href":"https:\/\/revistacentro.org\/index.php\/wp-json\/wp\/v2\/pages\/2845\/revisions"}],"predecessor-version":[{"id":2881,"href":"https:\/\/revistacentro.org\/index.php\/wp-json\/wp\/v2\/pages\/2845\/revisions\/2881"}],"wp:featuredmedia":[{"embeddable":true,"href":"https:\/\/revistacentro.org\/index.php\/wp-json\/wp\/v2\/media\/2842"}],"wp:attachment":[{"href":"https:\/\/revistacentro.org\/index.php\/wp-json\/wp\/v2\/media?parent=2845"}],"curies":[{"name":"wp","href":"https:\/\/api.w.org\/{rel}","templated":true}]}}