{"id":2464,"date":"2016-08-17T14:46:38","date_gmt":"2016-08-17T14:46:38","guid":{"rendered":"http:\/\/revistacentro.org\/?page_id=2464"},"modified":"2016-09-25T21:25:04","modified_gmt":"2016-09-25T21:25:04","slug":"cursocinema","status":"publish","type":"page","link":"https:\/\/revistacentro.org\/index.php\/cursocinema\/","title":{"rendered":"CURSO &#8211; Cinema &#038; Arquitetura . Outubro"},"content":{"rendered":"<div id=\"x-section-1\" class=\"x-section bg-image parallax\" style=\"margin: 0px; padding: 0px; height: 40vh; background-image: url(https:\/\/revistacentro.org\/wp-content\/uploads\/2016\/08\/eura.jpg); background-color: transparent;\" data-x-element=\"section\" data-x-params=\"{&quot;type&quot;:&quot;image&quot;,&quot;parallax&quot;:true}\"><div id=\"\" class=\"x-container max width\" style=\"margin: 0px auto; padding: 0px; width: 100%;\" ><div  class=\"x-column x-sm x-1-1\" style=\"padding: 0px; \" >&nbsp;<\/div><\/div><\/div><div id=\"index\" class=\"x-section\" style=\"margin: 0px; padding: 0px 0px 45px;  background-color: #ffffff;\" ><div id=\"\" class=\"x-container max width\" style=\"margin: 0px auto; padding: 0px; \" ><div  class=\"x-column x-sm x-1-2\" style=\"padding: 0px; \" ><hr  class=\"x-gap\" style=\"margin: 40px 0 0 0;\"><div id=\"\" class=\"x-text none\" style=\"\" ><h1><span style=\"color: #ff0000;\">2<\/span><\/h1>\n<\/div><hr  class=\"x-gap\" style=\"margin: 30px 0 0 0;\"><div id=\"\" class=\"x-text none\" style=\"\" ><h6>CURSO<\/h6>\n<\/div><hr  class=\"x-gap\" style=\"margin: 5px 0 0 0;\"><div id=\"\" class=\"x-text none\" style=\"\" ><h3>CINEMA &#038;<br \/>\nARQUITETURA . OUTUBRO<\/h3>\n<\/div><hr  class=\"x-gap\" style=\"margin: 5px 0 0 0;\"><div id=\"\" class=\"x-text none\" style=\"\" ><h5><span style=\"color: #808080;\">Arquitetura, espa\u00e7o e cidade no cinema<\/h5>\n<\/div><hr  class=\"x-gap\" style=\"margin: 40px 0 0 0;\"><div id=\"\" class=\"x-text none\" style=\"\" ><h6>PROFESSORES:<\/h6>\n<h6><span style=\"color: #808080;\">AGNALDO FARIAS, DAVIDE RAPP, FRANCISCO RAMALHO JR., LAURA ARTIGAS, NELSON BRISSAC, PEDRO GORSKI, PEDRO KOK E PRISCYLA GOMES<\/span><\/h6>\n<\/div><hr  class=\"x-gap\" style=\"margin: 40px 0 0 0;\"><div id=\"\" class=\"x-text none\" style=\"\" ><h6>INSCRI\u00c7\u00d5ES AT\u00c9 <span style=\"color: #808080;\">25\/09\/2016<\/span><\/h6>\n<\/div><hr  class=\"x-gap\" style=\"margin: 4px 0 0 0;\"><div id=\"\" class=\"x-text none\" style=\"\" ><h6>3, 4, 5, 6 &amp; 7 DE OUTUBRO <span style=\"color: #808080;\">(14h30 \u00c0S 18h)<\/span><\/h6>\n<\/div><hr  class=\"x-gap\" style=\"margin: 4px 0 0 0;\"><div id=\"\" class=\"x-text none\" style=\"\" ><h6>CONSULTAS: <span style=\"color: #808080;\">cursosdocentro@gmail.com<\/span><\/h6>\n<\/div><hr  class=\"x-gap\" style=\"margin: 4px 0 0 0;\"><div id=\"\" class=\"x-text none\" style=\"\" ><h6>INSCRI\u00c7\u00d5ES EM <span style=\"color: #808080;\"><a href=\"https:\/\/www.sympla.com.br\/curso--sao-paulo-cinema-e-arquitetura---sao-paulo---outubro__84441\" target=\"_blank\">https:\/\/www.sympla.com.br\/curso&#8211;sao-paulo-cinema-e-arquitetura&#8212;sao-paulo&#8212;outubro__84441<\/a><\/span><\/h6>\n<\/div><hr  class=\"x-gap\" style=\"margin: 4px 0 0 0;\"><div id=\"\" class=\"x-text none\" style=\"\" ><h6>ORGANIZA\u00c7\u00c3O: <span style=\"color: #808080;\">GABRIEL KOGAN &#038; RODRIGO VILLELA<\/span><\/h6>\n<\/div><hr  class=\"x-gap\" style=\"margin: 40px 0 0 0;\"><\/div><div  class=\"x-column x-sm x-1-2\" style=\"padding: 0px; \" >&nbsp;<\/div><\/div><div id=\"\" class=\"x-container max width\" style=\"margin: 0px auto; padding: 0px; \" ><div  class=\"x-column x-sm x-1-2\" style=\"padding: 0px; \" ><div id=\"\" class=\"x-text none\" style=\"\" ><h6>DESCRI\u00c7\u00c3O<\/h6>\n<\/div><div id=\"\" class=\"x-text none\" style=\"\" ><p> Curso sobre a rela\u00e7\u00e3o entre cinema e arquitetura, a partir de vis\u00f5es de cineastas, arquitetos, cr\u00edticos e historiadores do cinema. Dez aulas, cada uma com 1h30 em 5 dias, exploram quest\u00f5es como a representa\u00e7\u00e3o da arquitetura e da cidade e a composi\u00e7\u00e3o do espa\u00e7o em filmes. Aulas tamb\u00e9m mostrar\u00e3o t\u00e9cnicas de cinematografia digital.<\/p>\n<\/div><hr  class=\"x-gap\" style=\"margin: 30px 0 0 0;\"><div id=\"\" class=\"x-text none\" style=\"\" ><h6>LOCAL E DATA<\/h6>\n<\/div><div id=\"\" class=\"x-text none\" style=\"\" ><p> Audit\u00f3rio da Livraria Martins Fontes (Av. Paulista, 509| Metr\u00f4 Brigadeiro)<\/p>\n<p> S\u00e3o Paulo . SP<\/p>\n<\/div><div id=\"\" class=\"x-text none\" style=\"\" ><p> Dias: 3, 4, 5, 6 &amp; 7 de outubro, das 14h30 \u00e0s 18h (segunda \u00e0 sexta) <\/p>\n<\/div><hr  class=\"x-gap\" style=\"margin: 30px 0 0 0;\"><div id=\"\" class=\"x-text none\" style=\"\" ><h6>CARGA HOR\u00c1RIA TOTAL<\/h6>\n<\/div><div id=\"\" class=\"x-text none\" style=\"\" ><p> 17 horas<\/p>\n<\/div><hr  class=\"x-gap\" style=\"margin: 30px 0 0 0;\"><div id=\"\" class=\"x-text none\" style=\"\" ><h6>P\u00daBLICO-ALVO<\/h6>\n<\/div><div id=\"\" class=\"x-text none\" style=\"\" ><p>Interessados em cinema, urbanismo, arquitetura e artes<\/p>\n<\/div><hr  class=\"x-gap\" style=\"margin: 30px 0 0 0;\"><div id=\"\" class=\"x-text none\" style=\"\" ><h6>N\u00daMERO DE VAGAS<\/h6>\n<\/div><div id=\"\" class=\"x-text none\" style=\"\" ><p>70 vagas, incri\u00e7\u00f5es at\u00e9 dia 25\/9\/2016 (bolsas dispon\u00edveis &#8211; n\u00famero limitado &#8211; para estudantes de gradua\u00e7\u00e3o que contam com bolsas estaduais e federais (ProUni, por exemplo). Prefer\u00eancia para alunos que atendam a esses crit\u00e9rios, em ordem de recebimento da documenta\u00e7\u00e3o comprovat\u00f3ria; entrar em contato em cursosdocentro@gmail.com). <\/p>\n<\/div><hr  class=\"x-gap\" style=\"margin: 30px 0 0 0;\"><div id=\"\" class=\"x-text none\" style=\"\" ><h6>VALOR DO CURSO<\/h6>\n<\/div><div id=\"\" class=\"x-text none\" style=\"\" ><p>R$350 + taxa 10% (site de inscri\u00e7\u00e3o)<\/p>\n<\/div><hr  class=\"x-gap\" style=\"margin: 50px 0 0 0;\"><div id=\"\" class=\"x-text none\" style=\"\" ><h5><strong><span style=\"color: #000000;\">3\u00a0DE OUTUBRO<\/span><\/strong><\/h5>\n<p><strong>Gabriel Kogan &amp; Rodrigo Villela<\/strong><\/p>\n<p><span style=\"color: #808080;\"><strong>14h30 \u00e0s 15h<\/strong><\/span><br \/>\nApresenta\u00e7\u00e3o do programa a ser desenvolvido ao longo da semana.<\/p>\n<p><strong>Davide Rapp<\/strong><\/p>\n<p><span style=\"color: #808080;\"><strong>15h \u00e0s 16h15<\/strong><\/span><br \/>\nApresenta\u00e7\u00e3o de seu curta metragem &#8216;Elements&#8217;, que abria a exposi\u00e7\u00e3o central da Bienal de Veneza de Arquitetura em 2013 &#8211; curada por Rem Koolhaas. O filme \u00e9 composto por uma din\u00e2mica edi\u00e7\u00e3o de cenas cl\u00e1ssicas do cinema que exploram elementos arquitet\u00f4nicos. Rapp falar\u00e1 por Skype (em ingl\u00eas, com ajuda de tradu\u00e7\u00e3o na sala de aula) sobre os bastidores da montagem dessa pe\u00e7a e sobre sua produ\u00e7\u00e3o autoral como arquiteto e cineasta.<\/p>\n<p><strong>Agnaldo Farias<\/strong><\/p>\n<p><span style=\"color: #808080;\"><strong>16h30 \u00e0s 18h<\/strong><\/span><br \/>\nAula sobre o filme &#8216;Paris, Texas&#8217;. Houston \u00e9 a quarta maior cidade dos Estados Unidos e, ao contr\u00e1rio das tr\u00eas primeiras, Nova Iorque, Los Angeles e Chicago, nunca o cinema lhe havia rendido uma homenagem, at\u00e9 chegar o alem\u00e3o Wim Wenders. Filmado em 1984, Palma de Ouro em Cannes nesse mesmo ano, &#8216;Paris, Texas&#8217; \u00e9 um leg\u00edtimo <em>road movie<\/em>, amplamente tribut\u00e1rio dos faroestes que Wenders tanto ama, versando sobre a velocidade e a perda de subst\u00e2ncia contempor\u00e2nea, com suas arquiteturas de vidro e luz, suas autopistas intermin\u00e1veis, sua planura a sugerir o infinito. Travis Henderson, brilhantemente vivido por Harry Dean Stanton, come\u00e7a no deserto e, impregnado de telurismo e estabilidade, atravessa milhares de quil\u00f3metros para desembocar em Houston, a cidade dos astronautas e cujo skyline de a\u00e7o e vidro garante sua apar\u00eancia de miragem. O prop\u00f3sito do protagonista \u00e9 a reconstru\u00e7\u00e3o de sua fam\u00edlia, desagregada gra\u00e7as a sua loucura alimentada por ilus\u00f5es que ganharam espessura e concretude, uma metamorfose grandemente provocada pelos peculiares espa\u00e7os das cidades e das arquiteturas em que vivemos.<\/p>\n<p>&nbsp;<\/p>\n<h5><strong><span style=\"color: #000000;\">4\u00a0DE OUTUBRO<\/span><\/strong><\/h5>\n<p><strong>Francisco Ramalho Jr.<\/strong><\/p>\n<p><span style=\"color: #808080;\"><strong>14h30 \u00e0s 16h<\/strong><\/span><br \/>\nA arquitetura como cria\u00e7\u00e3o: Desde o espa\u00e7o exterior \u00e0 recria\u00e7\u00e3o c\u00eanica exterior\/interior  na  estrutura narrativa.<\/p>\n<p><strong>Pedro Kok<\/strong><\/p>\n<p><span style=\"color: #808080;\"><strong>16h30 \u00e0s 18h<\/strong><\/span><br \/>\nNovas pr\u00e1ticas e processos na videografia de arquitetura.<\/p>\n<p>&nbsp;<\/p>\n<h5><strong><span style=\"color: #000000;\">5\u00a0DE OUTUBRO<\/span><\/strong><\/h5>\n<p><strong>Francisco Ramalho Jr.<\/strong><\/p>\n<p><span style=\"color: #808080;\"><strong>14h30 \u00e0s 16h<\/strong><\/span><br \/>\nA arquitetura como personagem: quando a arquitetura c\u00eanica se transforma em personagem e se assume na narrativa.<\/p>\n<p><strong>Laura Artigas &#038; Pedro Gorski<\/strong><\/p>\n<p><span style=\"color: #808080;\"><strong>16h30 \u00e0s 18h<\/strong><\/span><br \/>\nVilanova Artigas: da pesquisa \u00e0s filmagens. Um depoimento dos diretores do document\u00e1rio sobre o processo de cria\u00e7\u00e3o, com exibi\u00e7\u00e3o de trechos comentados.<\/p>\n<p>&nbsp;<\/p>\n<h5><strong><span style=\"color: #000000;\">6\u00a0DE OUTUBRO<\/span><\/strong><\/h5>\n<p><strong>Gabriel Kogan &#038; Rodrigo Villela<\/strong><\/p>\n<p><span style=\"color: #808080;\"><strong>14h30 \u00e0s 16h<\/strong><\/span><br \/>\nExibi\u00e7\u00e3o de curtas-metragens selecionados pelos organizadores. Os filmes a serem exibidos discutem diferentes abordagens sobre as quest\u00f5es espaciais e arquitet\u00f4nicas em produ\u00e7\u00f5es recentes pelo mundo. <\/p>\n<p><strong>Priscyla Gomes<\/strong><\/p>\n<p><span style=\"color: #808080;\"><strong>16h30 \u00e0s 18h<\/strong><\/span><br \/>\nRomarcord: a representa\u00e7\u00e3o de Roma no cinema italiano. Um estudo de caso sobre a representa\u00e7\u00e3o da cidade no cinema, tendo a produ\u00e7\u00e3o cinematogr\u00e1fica de Federico Fellini como referencial para a constru\u00e7\u00e3o espacial e memorial de Roma.<\/p>\n<p>&nbsp;<\/p>\n<h5><strong><span style=\"color: #000000;\">7\u00a0DE OUTUBRO<\/span><\/strong><\/h5>\n<p><strong>Nelson Brissac<\/strong><\/p>\n<p><span style=\"color: #808080;\"><strong>14h30 \u00e0s 17h30<\/strong><\/span><br \/>\nCinema, arquitetura e cidade. Uma hist\u00f3ria do cinema atrav\u00e9s de suas rela\u00e7\u00f5es com a arquitetura e a cidade. Cinematografia e g\u00eaneros correspondem a tr\u00eas modos de constitui\u00e7\u00e3o do espa\u00e7o e da experi\u00eancia: 1) Interiores: os espa\u00e7os sombrios da metr\u00f3pole dos anos 40; ocultamento, investiga\u00e7\u00e3o; ilumina\u00e7\u00e3o, enquadramento em desequil\u00edbrio. 2) Exteriores: espa\u00e7o aberto, movimento, travellings; estradas, arquitetura moderna, perda do lugar, retorno. 3) Imagem: a cidade como cen\u00e1rio; narrar hist\u00f3rias j\u00e1 contadas pelo cinema, recria\u00e7\u00e3o de outros lugares. Olhar estrangeiro no seu pr\u00f3prio pa\u00eds.<\/p>\n<p><strong>Encerramento<\/strong><\/p>\n<p><span style=\"color: #808080;\"><strong>17h30 \u00e0s 18h<\/strong><\/span><br \/>\nDiscuss\u00f5es de encerramento.<\/p>\n<p>&nbsp;<\/p>\n<\/div><hr  class=\"x-gap\" style=\"margin: 30px 0 0 0;\"><\/div><div  class=\"x-column x-sm x-1-2\" style=\"padding: 0px; \" ><div id=\"\" class=\"x-text none\" style=\"\" ><h6>PROFESSORES<\/h6>\n<\/div><div id=\"\" class=\"x-text none\" style=\"\" ><p><strong>AGNALDO FARIAS,<\/strong>\u00a0professor da FAU-USP, cr\u00edtico e curador. <\/p>\n<p><strong>DAVIDE RAPP,<\/strong> v\u00eddeo artista, arquiteto e cin\u00e9filo. Participou da 14\u00aa Bienal de Arquitetura de Veneza com o \u201cElements, um filme montagem de pequenos clipes relacionados a arquitetura.<\/p>\n<p><strong>FRANCISCO RAMALHO JR.,<\/strong> diretor de filmes de fic\u00e7\u00e3o e produtor. Conclui filme a ser lan\u00e7ado em 2017, e dirigiu entre outros, <em>Canta Maria<\/em>, <em>A flor da pele<\/em>,<em> O corti\u00e7o<\/em>, <em>Besame mucho<\/em>, com pr\u00eamios internacionais e nacionais. Tamb\u00e9m produtor de <em>A suprema felicidade<\/em>, de Arnaldo Jabor, <em>O contador de hist\u00f3rias<\/em>, de Luiz Villa\u00e7a, <em>Cora\u00e7\u00e3o iluminado<\/em>, de Hector Babenco; foi produtor-executivo de <em>O beijo da Mulher Aranha<\/em> e <em>Brincando nos campos do senhor<\/em>, de Babenco.<\/p>\n<p><strong>LAURA ARTIGAS,<\/strong> diretora, roteirista, pesquisadora de conte\u00fado e jornalista, trabalha com roteiro, pauta e pesquisa de conte\u00fado. Dirigiu e fez o roteiro do document\u00e1rio <em>Vilanova Artigas: o arquiteto e a luz<\/em>. Como jornalista, colaborou para v\u00e1rios ve\u00edculos do pa\u00eds. \u00c9 a criadora do blog <em><a href=\"http:\/\/www.lauraartigas.com.br\/modapraler\/\" target=\"_blank\">Moda pra ler<\/a><\/em>.<\/p>\n<p><strong>NELSON BRISSAC,<\/strong> fil\u00f3sofo, trabalhando com quest\u00f5es relativas \u00e0 arte e ao urbanismo. Doutor em filosofia pela Universidade de Paris I \u2013 Sorbonne, \u00e9 professor do curso Tecnologias da Intelig\u00eancia e Design Digital da PUC-SP. Publicou <em>Paisagens urbanas<\/em> (Senac, 1996); <em>Arte\/cidade &#8211; interven\u00e7\u00f5es urbanas<\/em> (Senac, 2002); <em>Paisagens cr\u00edticas &#8211; Robert Smithson: arte, ci\u00eancia e ind\u00fastria<\/em>,(Senac\/Educ, 2010); e <em>Arte\/cidade Zona Leste<\/em> (Dardo, 2011). Sobre cinema, publicou: <em>Cen\u00e1rios em ru\u00ednas<\/em> (Brasiliense, reeditado pela Ed. Gradiva, Lisboa, 2010).<\/p>\n<p><strong>PEDRO GORSKI,<\/strong> diretor e produtor-executivo de televis\u00e3o e cinema, lan\u00e7ou seu primeiro longa-metragem documental <em>Vilanova Artigas \u2013 o arquiteto e a luz<\/em> em 2015. Dirigiu document\u00e1rios e programas de TV para diversos canais e filmes curta-metragem.<\/p>\n<p><strong>PEDRO KOK, <\/strong>fot\u00f3grafo, tem como campo de trabalho e estudo a fotografia e videografia de arquitetura, estruturas urbanas e cidades. Arquiteto graduado pela Faculdade de Arquitetura e Urbanismo da Universidade de S\u00e3o Paulo em\u00a02009. Mestre em artes pl\u00e1sticas pela Hogeschool voor de Kunsten Utrecht, Holanda em 2011. Contribui regularmente para publica\u00e7\u00f5es de arquitetura, museus e exibi\u00e7\u00f5es no Brasil e exterior.<\/p>\n<p><strong style=\"line-height: 1.5;\">PRISCYLA GOMES,<\/strong>\u00a0curadora e pesquisadora formada pela Faculdade de Arquitetura e Urbanismo da USP, onde cursa seu mestrado em teoria e hist\u00f3ria das artes. \u00c9 curadora associada do N\u00facleo de Pesquisa e Curadoria do Instituto Tomie Ohtake, onde curou diversas exposi\u00e7\u00f5es. Foi assistente de curadoria de Nelson Brissac em <i>Ver do Meio <\/i>(2015), quarta edi\u00e7\u00e3o das exposi\u00e7\u00f5es sobre arquitetura brasileira no Instituto Tomie Ohtake. Integrou o j\u00fari do II e III Pr\u00eamio de Arquitetura Instituto Tomie Ohtake AkzoNobel.<\/p>\n<\/div><hr  class=\"x-gap\" style=\"margin: 30px 0 0 0;\"><div id=\"\" class=\"x-text none\" style=\"\" ><h6>CONTATO . LISTA DE ESPERA &#038; OUTRAS INFORMA\u00c7\u00d5ES<\/h6>\n<\/div><div id=\"\" class=\"x-text none\" style=\"\" ><p>Para Rodrigo Villela cursosdocentro@gmail.com\n<\/p>\n<p>Eventuais altera\u00e7\u00f5es na programa\u00e7\u00e3o ou mudan\u00e7as de docentes ser\u00e3o comunicadas aos inscritos at\u00e9 dois dias antes do in\u00edcio do curso.<\/p>\n<p>Emitiremos certificado com o n\u00famero de horas\/aula para todos os alunos que tiverem 75% de presen\u00e7a.<\/p>\n<\/div><hr  class=\"x-gap\" style=\"margin: 40px 0 0 0;\"><div id=\"\" class=\"x-text none\" style=\"\" ><h5><a href=\"https:\/\/www.sympla.com.br\/curso--sao-paulo-cinema-e-arquitetura---sao-paulo---outubro__84441\">INSCREVA-SE!<\/a><\/h5>\n<\/div><div id=\"\" class=\"x-text none\" style=\"\" ><p>inscri\u00e7\u00f5es abertas em:\u00a0<a href=\"https:\/\/www.sympla.com.br\/curso--sao-paulo-cinema-e-arquitetura---sao-paulo---outubro__84441\">https:\/\/www.sympla.com.br\/curso&#8211;sao-paulo-cinema-e-arquitetura&#8212;sao-paulo&#8212;outubro__84441<\/a><\/p>\n<\/div><hr  class=\"x-gap\" style=\"margin: 5px 0 0 0;\"><\/div><\/div><div id=\"\" class=\"x-container max width\" style=\"margin: 0px auto; padding: 0px; \" ><div  class=\"x-column x-sm x-1-1\" style=\"padding: 0px; \" ><hr  class=\"x-gap\" style=\"margin: 60px 0 0 0;\"><\/div><\/div><\/div><div id=\"x-section-3\" class=\"x-section bg-image parallax\" style=\"margin: 0px; padding: 0px; height: 55vh; background-image: url(https:\/\/revistacentro.org\/wp-content\/uploads\/2016\/08\/paristexasa.jpg); background-color: transparent;\" data-x-element=\"section\" data-x-params=\"{&quot;type&quot;:&quot;image&quot;,&quot;parallax&quot;:true}\"><div id=\"\" class=\"x-container max width\" style=\"margin: 0px auto; padding: 0px; width: 100%;\" ><div  class=\"x-column x-sm x-1-1\" style=\"padding: 0px; \" >&nbsp;<\/div><\/div><\/div>\n","protected":false},"excerpt":{"rendered":"","protected":false},"author":1,"featured_media":2668,"parent":0,"menu_order":0,"comment_status":"closed","ping_status":"closed","template":"template-blank-4.php","meta":[],"_links":{"self":[{"href":"https:\/\/revistacentro.org\/index.php\/wp-json\/wp\/v2\/pages\/2464"}],"collection":[{"href":"https:\/\/revistacentro.org\/index.php\/wp-json\/wp\/v2\/pages"}],"about":[{"href":"https:\/\/revistacentro.org\/index.php\/wp-json\/wp\/v2\/types\/page"}],"author":[{"embeddable":true,"href":"https:\/\/revistacentro.org\/index.php\/wp-json\/wp\/v2\/users\/1"}],"replies":[{"embeddable":true,"href":"https:\/\/revistacentro.org\/index.php\/wp-json\/wp\/v2\/comments?post=2464"}],"version-history":[{"count":26,"href":"https:\/\/revistacentro.org\/index.php\/wp-json\/wp\/v2\/pages\/2464\/revisions"}],"predecessor-version":[{"id":2686,"href":"https:\/\/revistacentro.org\/index.php\/wp-json\/wp\/v2\/pages\/2464\/revisions\/2686"}],"wp:featuredmedia":[{"embeddable":true,"href":"https:\/\/revistacentro.org\/index.php\/wp-json\/wp\/v2\/media\/2668"}],"wp:attachment":[{"href":"https:\/\/revistacentro.org\/index.php\/wp-json\/wp\/v2\/media?parent=2464"}],"curies":[{"name":"wp","href":"https:\/\/api.w.org\/{rel}","templated":true}]}}