{"id":2318,"date":"2016-07-16T18:15:48","date_gmt":"2016-07-16T18:15:48","guid":{"rendered":"http:\/\/revistacentro.org\/?page_id=2318"},"modified":"2016-07-22T20:03:10","modified_gmt":"2016-07-22T20:03:10","slug":"cursosarq","status":"publish","type":"page","link":"https:\/\/revistacentro.org\/index.php\/cursosarq\/","title":{"rendered":"CURSO &#8211; GABRIEL"},"content":{"rendered":"<div id=\"x-section-1\" class=\"x-section bg-image parallax\" style=\"margin: 0px; padding: 0px; height: 33vh; background-image: url(https:\/\/revistacentro.org\/wp-content\/uploads\/2016\/07\/25LOW.jpg); background-color: transparent;\" data-x-element=\"section\" data-x-params=\"{&quot;type&quot;:&quot;image&quot;,&quot;parallax&quot;:true}\"><div id=\"\" class=\"x-container max width\" style=\"margin: 0px auto; padding: 0px; width: 100%;\" ><div  class=\"x-column x-sm x-1-1\" style=\"padding: 0px; \" >&nbsp;<\/div><\/div><\/div><div id=\"index\" class=\"x-section\" style=\"margin: 0px; padding: 0px 0px 45px;  background-color: #ffffff;\" ><div id=\"\" class=\"x-container max width\" style=\"margin: 0px auto; padding: 0px; \" ><div  class=\"x-column x-sm x-1-2\" style=\"padding: 0px; \" ><hr  class=\"x-gap\" style=\"margin: 40px 0 0 0;\"><div id=\"\" class=\"x-text none\" style=\"\" ><h1><span style=\"color: #ff0000;\">1<\/span><\/h1>\n<\/div><hr  class=\"x-gap\" style=\"margin: 30px 0 0 0;\"><div id=\"\" class=\"x-text none\" style=\"\" ><h6>CURSO<\/h6>\n<\/div><hr  class=\"x-gap\" style=\"margin: 5px 0 0 0;\"><div id=\"\" class=\"x-text none\" style=\"\" ><h3>ARQUITETURA MODERNA EM S\u00c3O PAULO . SETEMBRO<\/h3>\n<\/div><hr  class=\"x-gap\" style=\"margin: 5px 0 0 0;\"><div id=\"\" class=\"x-text none\" style=\"\" ><h5><span style=\"color: #808080;\">Oscar Niemeyer,<\/span><\/h5>\n<h5><span style=\"color: #808080;\"> Vilanova Artigas, <\/span><\/h5>\n<h5><span style=\"color: #808080;\">Lina Bo Bardi e <\/span><\/h5>\n<h5><span style=\"color: #808080;\">Paulo Mendes da Rocha<\/span><\/h5>\n<\/div><hr  class=\"x-gap\" style=\"margin: 40px 0 0 0;\"><div id=\"\" class=\"x-text none\" style=\"\" ><h6>PROFESSOR: Gabriel Kogan<\/h6>\n<\/div><hr  class=\"x-gap\" style=\"margin: 4px 0 0 0;\"><div id=\"\" class=\"x-text none\" style=\"\" ><h6>5, 6, 7 E 8 DE SETEMBRO (14h \u00c0S 19h)<\/h6>\n<\/div><hr  class=\"x-gap\" style=\"margin: 4px 0 0 0;\"><div id=\"\" class=\"x-text none\" style=\"\" ><h6>INSCRI\u00c7\u00d5ES AT\u00c9 27\/08\/2016<\/h6>\n<\/div><hr  class=\"x-gap\" style=\"margin: 4px 0 0 0;\"><div id=\"\" class=\"x-text none\" style=\"\" ><h6>PARA LISTA DE ESPERA: cursosdocentro@gmail.com<\/h6>\n<\/div><hr  class=\"x-gap\" style=\"margin: 40px 0 0 0;\"><\/div><div  class=\"x-column x-sm x-1-2\" style=\"padding: 0px; \" >&nbsp;<\/div><\/div><div id=\"\" class=\"x-container max width\" style=\"margin: 0px auto; padding: 0px; \" ><div  class=\"x-column x-sm x-1-2\" style=\"padding: 0px; \" ><div id=\"\" class=\"x-text none\" style=\"\" ><h6>DESCRI\u00c7\u00c3O<\/h6>\n<\/div><div id=\"\" class=\"x-text none\" style=\"\" ><p> Curso sobre a obra de quatro arquitetos brasileiros \u2013 Oscar Niemeyer, Vilanova Artigas, Lina Bo Bardi e Paulo Mendes da Rocha \u2013 com foco em suas produ\u00e7\u00f5es em S\u00e3o Paulo. A arquitetura ser\u00e1 discutida a partir da dimens\u00e3o te\u00f3rica e dos usos contempor\u00e2neos. Quatro visitas guiadas a pr\u00e9dios paradigm\u00e1ticos \u2013 obras-chaves do modernismo em S\u00e3o Paulo \u2013 complementam as aulas expositivas. As aulas te\u00f3ricas debater\u00e3o o contexto hist\u00f3rico dos projetos e arquitetos e as visitas comentadas ser\u00e3o oportunidades para experienciar os espa\u00e7os e observar detalhes da constru\u00e7\u00e3o no pr\u00f3prio local. <\/p>\n<\/div><hr  class=\"x-gap\" style=\"margin: 30px 0 0 0;\"><div id=\"\" class=\"x-text none\" style=\"\" ><h6>LOCAL E DATA<\/h6>\n<\/div><div id=\"\" class=\"x-text none\" style=\"\" ><p> Audit\u00f3rio da Livraria Martins Fontes (Av. Paulista, 509| Metr\u00f4 Brigadeiro)<\/p>\n<p> S\u00e3o Paulo . SP<\/p>\n<\/div><div id=\"\" class=\"x-text none\" style=\"\" ><p> Dias: 5, 6, 7 e 8 de Setembro, das 14h \u00e0s 19h <\/p>\n<p>(de segunda \u00e0 quinta, incluindo feriado) <\/p>\n<\/div><hr  class=\"x-gap\" style=\"margin: 30px 0 0 0;\"><div id=\"\" class=\"x-text none\" style=\"\" ><h6>CARGA HOR\u00c1RIA TOTAL<\/h6>\n<\/div><div id=\"\" class=\"x-text none\" style=\"\" ><p> 20 horas<\/p>\n<\/div><hr  class=\"x-gap\" style=\"margin: 30px 0 0 0;\"><div id=\"\" class=\"x-text none\" style=\"\" ><h6>P\u00daBLICO-ALVO<\/h6>\n<\/div><div id=\"\" class=\"x-text none\" style=\"\" ><p>Arquitetos, estudantes de arquitetura e interessados no assunto de outras \u00e1reas (como hist\u00f3ria e artes)<\/p>\n<\/div><hr  class=\"x-gap\" style=\"margin: 30px 0 0 0;\"><div id=\"\" class=\"x-text none\" style=\"\" ><h6>N\u00daMERO DE VAGAS<\/h6>\n<\/div><div id=\"\" class=\"x-text none\" style=\"\" ><p>50 vagas, incri\u00e7\u00f5es at\u00e9 dia 26\/08\/2016 (bolsas dispon\u00edveis &#8211; n\u00famero limitado &#8211; para estudantes de gradua\u00e7\u00e3o do ProUni e universidades p\u00fablicas, mediante a justificativa. Prefer\u00eancia para alunos que atendam a esses crit\u00e9rios, em ordem de recebimento da documenta\u00e7\u00e3o comprovat\u00f3ria; entrar em contato em rrvillela@gmail.com). <\/p>\n<\/div><hr  class=\"x-gap\" style=\"margin: 30px 0 0 0;\"><div id=\"\" class=\"x-text none\" style=\"\" ><h6>VALOR DO CURSO<\/h6>\n<\/div><div id=\"\" class=\"x-text none\" style=\"\" ><p>R$280 + taxa 10% (site de inscri\u00e7\u00e3o)<\/p>\n<\/div><hr  class=\"x-gap\" style=\"margin: 30px 0 0 0;\"><div id=\"\" class=\"x-text none\" style=\"\" ><p><strong>5 de Setembro<\/strong><\/p>\n<p><strong>14h00 \u00e0s 16h30<\/strong><br \/>\nOscar Niemeyer<br \/>\nA import\u00e2ncia hist\u00f3rica de Oscar para a arquitetura moderna. O Congresso Nacional (Bras\u00edlia) e a Casa Rothschild (Israel) servir\u00e3o como exemplo de seu processo de trabalho. Ser\u00e1 comparada tamb\u00e9m a metodologia de cria\u00e7\u00e3o nessas obras com a produ\u00e7\u00e3o do arquiteto em S\u00e3o Paulo, em especial o Parque Ibirapuera e o Edif\u00edcio Copan.<\/p>\n<p><strong>16h30 \u00e0s 19h00<\/strong><\/p>\n<p>Oscar Niemeyer<br \/>\nVisita guiada \u00e0 obra de Oscar Niemeyer<\/p>\n<p>&nbsp;<\/p>\n<p><strong>6 de Setembro <\/strong><\/p>\n<p><strong>14h00 \u00e0s 16h30<\/strong><br \/>\nVilanova Artigas<br \/>\nAula sobre o percursor da Escola Paulista, compreendendo a hist\u00f3ria das principais obras do arquiteto, como a FAU-USP e o Edif\u00edcio Louveira. Ser\u00e3o analisados tamb\u00e9m o significado as proposi\u00e7\u00f5es acad\u00eamicas do arquiteto e sua rela\u00e7\u00e3o com a pol\u00edtica nacional.<\/p>\n<p><strong>16h30 \u00e0s 19h00<\/strong><br \/>\nVilanova Artigas<br \/>\nVisita guiada \u00e0 Faculdade de Arquitetura e Urbanismo da Universidade de S\u00e3o Paulo (FAU-USP\/Cidade Universit\u00e1ria).<\/p>\n<p>&nbsp;<\/p>\n<p><strong>7 de Setembro <\/strong><\/p>\n<p><strong>14h00 \u00e0s 16h30<\/strong><br \/>\nLina Bo Bardi<br \/>\nA aula explorar\u00e1 os processos de projeto da arquiteta, focando nas suas estrat\u00e9gias de antecipar poss\u00edveis futuros usos dos espa\u00e7os para criar situa\u00e7\u00e3o e atmosferas na arquitetura. A hist\u00f3ria do SESC Pompeia e a do MASP ser\u00e3o exploradas em detalhes.<\/p>\n<p><strong>16h30 \u00e0s 19h00<\/strong><br \/>\nLina Bo Bardi<br \/>\nVisita guiada ao SESC Pompeia, projetado por Lina Bo Bardi.<\/p>\n<p>&nbsp;<\/p>\n<p><strong>8 de Setembro <\/strong><\/p>\n<p><strong>14h00 \u00e0s 16h30<\/strong><br \/>\nPaulo Mendes da Rocha<br \/>\nPrincipais conceitos que permeiam a obra de Paulo Mendes da Rocha, desde das proposi\u00e7\u00f5es radicais de sua arquitetura residencial at\u00e9 a rela\u00e7\u00e3o de seu pensamento sobre a natureza.<\/p>\n<p><strong>16h30 \u00e0s 19h00<\/strong><br \/>\nPaulo Mendes da Rocha<br \/>\nVisita guiada a uma resid\u00eancia projetada por Paulo Mendes da Rocha.<\/p>\n<\/div><hr  class=\"x-gap\" style=\"margin: 30px 0 0 0;\"><\/div><div  class=\"x-column x-sm x-1-2\" style=\"padding: 0px; \" ><div id=\"\" class=\"x-text none\" style=\"\" ><h6>PROFESSOR<\/h6>\n<\/div><div id=\"\" class=\"x-text none\" style=\"\" ><p>GABRIEL KOGAN . Arquiteto e editor, formado pela Faculdade de Arquitetura e Urbanismo da Universidade de S\u00e3o Paulo (FAU-USP) em 2009. Palestrante convidado da Polit\u00e9cnico de Mil\u00e3o (POLIMI, c\u00e2mpus de Mantova) entre 2015 e 2016, oferece cursos livres no MASP (2016) e na Escola da Cidade (2016). Foi colaborador da <em>Folha de S.Paulo<\/em>, <em>Revista Bamboo<\/em>, <em>AU<\/em> e as japonesas A+U e <em>GA House<\/em>. Em 2013, apresentou mestrado no UNESCO-IHE nos Pa\u00edses Baixos. Entre 2007 e 2015, trabalhou no escrit\u00f3rio de arquitetura Studio MK27. Participou no anteprojeto do Museu de Minas e Metal de Paulo Mendes da Rocha em 2006 e da organiza\u00e7\u00e3o do Arte\/Cidade de Nelson Brissac em 2005. Em 2015, fundou o instituto CENTRO Pesquisas Urbanas e e edita a <em>Revista Centro<\/em>.<\/p>\n<\/div><hr  class=\"x-gap\" style=\"margin: 30px 0 0 0;\"><div id=\"\" class=\"x-text none\" style=\"\" ><h6>CONTATO . LISTA DE ESPERA &#038; OUTRAS INFORMA\u00c7\u00d5ES<\/h6>\n<\/div><div id=\"\" class=\"x-text none\" style=\"\" ><p>Para Rodrigo Villela cursosdocentro@gmail.com<\/p>\n<\/div><hr  class=\"x-gap\" style=\"margin: 40px 0 0 0;\"><div id=\"\" class=\"x-text none\" style=\"\" ><h5><a href=\"https:\/\/www.sympla.com.br\/curso--sao-paulo-arquitetura-moderna-em-sao-paulo----gabriel-kogan---setembro__78096\">INSCREVA-SE!<\/a><\/h5>\n<\/div><div id=\"\" class=\"x-text none\" style=\"\" ><p>inscri\u00e7\u00f5es abertas em:\u00a0<a href=\"https:\/\/www.sympla.com.br\/curso--sao-paulo-arquitetura-moderna-em-sao-paulo----gabriel-kogan---setembro__78096\">https:\/\/goo.gl\/kngs3Y<\/a><\/p>\n<p>ATUALIZA\u00c7\u00c3O: Vagas esgotadas. Para lista de espera, envie-nos um e-mail para cursosdocentro@gmail.com (s\u00e3o comuns desist\u00eancias e estamos considerando uma nova edi\u00e7\u00e3o ainda esse ano).<\/p>\n<\/div><hr  class=\"x-gap\" style=\"margin: 5px 0 0 0;\"><\/div><\/div><div id=\"\" class=\"x-container max width\" style=\"margin: 0px auto; padding: 0px; \" ><div  class=\"x-column x-sm x-1-1\" style=\"padding: 0px; \" ><hr  class=\"x-gap\" style=\"margin: 60px 0 0 0;\"><\/div><\/div><\/div><div id=\"x-section-3\" class=\"x-section bg-image parallax\" style=\"margin: 0px; padding: 0px; height: 40vh; background-image: url(https:\/\/revistacentro.org\/wp-content\/uploads\/2016\/07\/25LOW.jpg); background-color: transparent;\" data-x-element=\"section\" data-x-params=\"{&quot;type&quot;:&quot;image&quot;,&quot;parallax&quot;:true}\"><div id=\"\" class=\"x-container max width\" style=\"margin: 0px auto; padding: 0px; width: 100%;\" ><div  class=\"x-column x-sm x-1-1\" style=\"padding: 0px; \" >&nbsp;<\/div><\/div><\/div>\n","protected":false},"excerpt":{"rendered":"","protected":false},"author":1,"featured_media":2377,"parent":0,"menu_order":0,"comment_status":"closed","ping_status":"closed","template":"template-blank-4.php","meta":[],"_links":{"self":[{"href":"https:\/\/revistacentro.org\/index.php\/wp-json\/wp\/v2\/pages\/2318"}],"collection":[{"href":"https:\/\/revistacentro.org\/index.php\/wp-json\/wp\/v2\/pages"}],"about":[{"href":"https:\/\/revistacentro.org\/index.php\/wp-json\/wp\/v2\/types\/page"}],"author":[{"embeddable":true,"href":"https:\/\/revistacentro.org\/index.php\/wp-json\/wp\/v2\/users\/1"}],"replies":[{"embeddable":true,"href":"https:\/\/revistacentro.org\/index.php\/wp-json\/wp\/v2\/comments?post=2318"}],"version-history":[{"count":48,"href":"https:\/\/revistacentro.org\/index.php\/wp-json\/wp\/v2\/pages\/2318\/revisions"}],"predecessor-version":[{"id":2395,"href":"https:\/\/revistacentro.org\/index.php\/wp-json\/wp\/v2\/pages\/2318\/revisions\/2395"}],"wp:featuredmedia":[{"embeddable":true,"href":"https:\/\/revistacentro.org\/index.php\/wp-json\/wp\/v2\/media\/2377"}],"wp:attachment":[{"href":"https:\/\/revistacentro.org\/index.php\/wp-json\/wp\/v2\/media?parent=2318"}],"curies":[{"name":"wp","href":"https:\/\/api.w.org\/{rel}","templated":true}]}}