{"id":1324,"date":"2015-12-02T22:07:43","date_gmt":"2015-12-02T22:07:43","guid":{"rendered":"http:\/\/revistacentro.org\/?page_id=1324"},"modified":"2015-12-16T13:25:16","modified_gmt":"2015-12-16T13:25:16","slug":"laura","status":"publish","type":"page","link":"https:\/\/revistacentro.org\/index.php\/laura\/","title":{"rendered":"TODO TEMPO EST\u00c1 EM SUAS M\u00c3OS FOSSE UM MAR FEITO DE UMA S\u00d3 ONDA &#8211; Laura Gorski"},"content":{"rendered":"<div id=\"index\" class=\"x-section\" style=\"margin: 0px; padding: 0px 0px 45px;  background-color: #000000;\" ><div id=\"\" class=\"x-container max width\" style=\"margin: 0px auto; padding: 0px; \" ><div  class=\"x-column x-sm x-1-1\" style=\"padding: 0px 0% 0px 0px; \" ><hr  class=\"x-gap\" style=\"margin: 55px 0 0 0;\"><div id=\"\" class=\"x-text none\" style=\"\" ><h6><span style=\"color: #808080;\"><span style=\"color: #000000;\"><span style=\"color: #999999;\">POR<\/span>\u00a0<span style=\"color: #808080;\">LAURA GORSKI<\/span><\/span><\/span><\/h6>\n<h6><span style=\"color: #808080;\"><span style=\"color: #000000;\"><span style=\"color: #999999;\">FOTOS<\/span>\u00a0<span style=\"color: #808080;\">DING MUSA<\/span><\/span><\/span><\/h6>\n<\/div><hr  class=\"x-gap\" style=\"margin: 2Px 0 0 0;\"><div id=\"\" class=\"x-text none\" style=\"\" ><h1><span style=\"color: #ffffff;\">TODO TEMPO EST\u00c1 EM SUAS M\u00c3OS<\/span><\/h1>\n<\/div><div id=\"\" class=\"x-text none\" style=\"\" ><h3><span style=\"color: #999999;\">FOSSE UM MAR FEITO DE UMA S\u00d3 ONDA<\/span><\/h3>\n<\/div><hr  class=\"x-gap\" style=\"margin: 9px 0 0 0;\"><hr  class=\"x-gap\" style=\"margin: 60px 0 0 0;\"><\/div><\/div><\/div><div id=\"x-section-2\" class=\"x-section\" style=\"margin: 0px; padding: 0px;  background-color: transparent;\" ><div id=\"\" class=\"x-container\" style=\"margin: 0px auto; padding: px 0px 0px; \" ><div  class=\"x-column x-sm x-1-1\" style=\"padding: 0px; \" ><img  class=\"x-img x-img-none\" style=\"width: 100%; padding: 0px 0px 0px 0px !important;\" src=\"https:\/\/revistacentro.org\/wp-content\/uploads\/2015\/12\/lauragorski_1.jpg\" ><\/div><\/div><\/div><div id=\"x-section-3\" class=\"x-section\" style=\"margin: 0px; padding: 0px;  background-color: transparent;\" ><div id=\"\" class=\"x-container\" style=\"margin: 0px auto; padding: px 0px 0px; \" ><div  class=\"x-column x-sm x-1-1\" style=\"padding: 0px; \" ><img  class=\"x-img x-img-none\" style=\"width: 100%; padding: 0px 0px 0px 0px !important;\" src=\"https:\/\/revistacentro.org\/wp-content\/uploads\/2015\/12\/lauragorski_2.jpg\" ><\/div><\/div><\/div><div id=\"x-section-4\" class=\"x-section\" style=\"margin: 0px; padding: 0px;  background-color: transparent;\" ><div id=\"\" class=\"x-container\" style=\"margin: 0px auto; padding: px 0px 0px; \" ><div  class=\"x-column x-sm x-1-1\" style=\"padding: 0px; \" ><img  class=\"x-img x-img-none\" style=\"width: 100%; padding: 0px 0px 0px 0px !important;\" src=\"https:\/\/revistacentro.org\/wp-content\/uploads\/2015\/12\/lauragorski_3.jpg\" ><\/div><\/div><\/div><div id=\"x-section-5\" class=\"x-section\" style=\"margin: 0px; padding: 0px;  background-color: transparent;\" ><div id=\"\" class=\"x-container\" style=\"margin: 0px auto; padding: px 0px 0px; \" ><div  class=\"x-column x-sm x-1-1\" style=\"padding: 0px; \" ><img  class=\"x-img x-img-none\" style=\"width: 100%; padding: 0px 0px 0px 0px !important;\" src=\"https:\/\/revistacentro.org\/wp-content\/uploads\/2015\/12\/lauragorski_4.jpg\" ><\/div><\/div><\/div><div id=\"x-section-6\" class=\"x-section\" style=\"margin: 0px; padding: 0px;  background-color: transparent;\" ><div id=\"\" class=\"x-container\" style=\"margin: 0px auto; padding: px 0px 0px; \" ><div  class=\"x-column x-sm x-1-1\" style=\"padding: 0px; \" ><img  class=\"x-img x-img-none\" style=\"width: 100%; padding: 0px 0px 0px 0px !important;\" src=\"https:\/\/revistacentro.org\/wp-content\/uploads\/2015\/12\/lauragorski_7.jpg\" ><\/div><\/div><\/div><div id=\"x-section-7\" class=\"x-section\" style=\"margin: 0px; padding: 0px;  background-color: #000000;\" ><div id=\"\" class=\"x-container\" style=\"margin: 0px auto; padding: px 0px 0px; \" ><div  class=\"x-column x-sm x-1-1\" style=\"padding: 0px; \" ><hr  class=\"x-gap\" style=\"margin: 1000px 0 0 0;\"><\/div><\/div><\/div><div id=\"x-section-8\" class=\"x-section\" style=\"margin: 0px; padding: 0px;  background-color: #ffffff;\" ><div id=\"\" class=\"x-container max width\" style=\"margin: 0px auto; padding: px 0px 0px; \" ><div  class=\"x-column x-sm x-1-1\" style=\"padding: 0px; \" ><hr  class=\"x-gap\" style=\"margin: 80px 0 0 0;\"><div id=\"\" class=\"x-text none\" style=\"\" ><p style=\"color: #000000;\">\n<h6>Laura Gorski,<\/h6>\n<p> artista, participou de diversas exposi\u00e7\u00f5es nacionais e internacionais e seus trabalhos integram as cole\u00e7\u00f5es do Ministe\u0301rio das Rela\u00e7\u00f5es Exteriores do Brasil \u2013 Itamaraty, do Banco Santander, do Sesc-SP e do Centro Cultural Dannemann (S\u00e3o F\u00e9lix, BA).<\/p>\n<\/div><hr  class=\"x-gap\" style=\"margin: 80px 0 0 0;\"><\/div><\/div><\/div>\n","protected":false},"excerpt":{"rendered":"","protected":false},"author":1,"featured_media":1540,"parent":0,"menu_order":0,"comment_status":"closed","ping_status":"closed","template":"template-blank-4.php","meta":[],"_links":{"self":[{"href":"https:\/\/revistacentro.org\/index.php\/wp-json\/wp\/v2\/pages\/1324"}],"collection":[{"href":"https:\/\/revistacentro.org\/index.php\/wp-json\/wp\/v2\/pages"}],"about":[{"href":"https:\/\/revistacentro.org\/index.php\/wp-json\/wp\/v2\/types\/page"}],"author":[{"embeddable":true,"href":"https:\/\/revistacentro.org\/index.php\/wp-json\/wp\/v2\/users\/1"}],"replies":[{"embeddable":true,"href":"https:\/\/revistacentro.org\/index.php\/wp-json\/wp\/v2\/comments?post=1324"}],"version-history":[{"count":21,"href":"https:\/\/revistacentro.org\/index.php\/wp-json\/wp\/v2\/pages\/1324\/revisions"}],"predecessor-version":[{"id":2245,"href":"https:\/\/revistacentro.org\/index.php\/wp-json\/wp\/v2\/pages\/1324\/revisions\/2245"}],"wp:featuredmedia":[{"embeddable":true,"href":"https:\/\/revistacentro.org\/index.php\/wp-json\/wp\/v2\/media\/1540"}],"wp:attachment":[{"href":"https:\/\/revistacentro.org\/index.php\/wp-json\/wp\/v2\/media?parent=1324"}],"curies":[{"name":"wp","href":"https:\/\/api.w.org\/{rel}","templated":true}]}}