{"id":1321,"date":"2015-12-02T22:06:56","date_gmt":"2015-12-02T22:06:56","guid":{"rendered":"http:\/\/revistacentro.org\/?page_id=1321"},"modified":"2015-12-16T13:26:01","modified_gmt":"2015-12-16T13:26:01","slug":"staden","status":"publish","type":"page","link":"https:\/\/revistacentro.org\/index.php\/staden\/","title":{"rendered":"STADEN &#8211; Cidade abstra\u00edda"},"content":{"rendered":"<div id=\"index\" class=\"x-section\" style=\"margin: 0px; padding: 0px 0px 45px;  background-color: #ffffff;\" ><div id=\"\" class=\"x-container max width\" style=\"margin: 0px auto; padding: 0px; \" ><div  class=\"x-column x-sm x-1-1\" style=\"padding: 0px; \" ><hr  class=\"x-gap\" style=\"margin: 55px 0 0 0;\"><div id=\"\" class=\"x-text none\" style=\"\" ><h6><span style=\"color: #808080;\"><span style=\"color: #000000;\">POR\u00a0<span style=\"color: #808080;\">JULIANA AZEVEDO<\/span><\/span><\/span><\/h6>\n<\/div><hr  class=\"x-gap\" style=\"margin: 2px 0 0 0;\"><div id=\"\" class=\"x-text none\" style=\"\" ><h1><span style=\"color: #000000;\">STADEN<\/span><\/h1>\n<\/div><div id=\"\" class=\"x-text none\" style=\"\" ><h3><span style=\"color: #999999;\">Cidade abstra\u00edda<\/span><\/h3>\n<\/div><\/div><\/div><\/div><div id=\"x-section-2\" class=\"x-section\" style=\"margin: 0px; padding: 0px;  background-color: transparent;\" ><div id=\"\" class=\"x-container max width\" style=\"margin: 0px auto; padding: px 0px 0px; \" ><div  class=\"x-column x-sm x-1-1\" style=\"padding: 0px 15% 0px 0; \" ><hr  class=\"x-gap\" style=\"margin: 30px 0 0 0;\"><img  class=\"x-img x-img-none\"  src=\"https:\/\/revistacentro.org\/wp-content\/uploads\/2015\/12\/JJ1a.jpg\" ><hr  class=\"x-gap\" style=\"margin: 10px 0 0 0;\"><img  class=\"x-img x-img-none\"  src=\"https:\/\/revistacentro.org\/wp-content\/uploads\/2015\/12\/juj3h.jpg\" ><hr  class=\"x-gap\" style=\"margin: 10px 0 0 0;\"><img  class=\"x-img x-img-none\"  src=\"https:\/\/revistacentro.org\/wp-content\/uploads\/2015\/12\/juj4h1.jpg\" ><hr  class=\"x-gap\" style=\"margin: 20px 0 0 0;\"><img  class=\"x-img x-img-none\"  src=\"https:\/\/revistacentro.org\/wp-content\/uploads\/2015\/12\/juj5.jpg\" ><img  class=\"x-img x-img-none\"  src=\"https:\/\/revistacentro.org\/wp-content\/uploads\/2015\/12\/JJ5h.jpg\" ><hr  class=\"x-gap\" style=\"margin: 10px 0 0 0;\"><\/div><\/div><\/div><div id=\"x-section-3\" class=\"x-section\" style=\"margin: 0px; padding: 45px 0px;  background-color: transparent;\" ><div id=\"\" class=\"x-container max width\" style=\"margin: 0px auto; padding: 0px 30px 0px 35px; \" ><div  class=\"x-column x-sm x-1-1\" style=\"padding: 0px; \" ><hr  class=\"x-gap\" style=\"margin: 50px 0 0 0;\"><div id=\"\" class=\"x-text none\" style=\"\" ><h6>Juliana Azevedo,<\/h6>\n<\/p>\n<p>arquiteta formada na FAU\/USP e mestre em design pela Utrecht Graduate School of Arts, Holanda. \u00c9 dela a programa\u00e7\u00e3o visual do CENTRO.<\/h6><\/p>\n<\/div><hr  class=\"x-gap\" style=\"margin: 50px 0 0 0;\"><\/div><\/div><\/div>\n","protected":false},"excerpt":{"rendered":"","protected":false},"author":1,"featured_media":2013,"parent":0,"menu_order":0,"comment_status":"closed","ping_status":"closed","template":"template-blank-4.php","meta":[],"_links":{"self":[{"href":"https:\/\/revistacentro.org\/index.php\/wp-json\/wp\/v2\/pages\/1321"}],"collection":[{"href":"https:\/\/revistacentro.org\/index.php\/wp-json\/wp\/v2\/pages"}],"about":[{"href":"https:\/\/revistacentro.org\/index.php\/wp-json\/wp\/v2\/types\/page"}],"author":[{"embeddable":true,"href":"https:\/\/revistacentro.org\/index.php\/wp-json\/wp\/v2\/users\/1"}],"replies":[{"embeddable":true,"href":"https:\/\/revistacentro.org\/index.php\/wp-json\/wp\/v2\/comments?post=1321"}],"version-history":[{"count":30,"href":"https:\/\/revistacentro.org\/index.php\/wp-json\/wp\/v2\/pages\/1321\/revisions"}],"predecessor-version":[{"id":2247,"href":"https:\/\/revistacentro.org\/index.php\/wp-json\/wp\/v2\/pages\/1321\/revisions\/2247"}],"wp:featuredmedia":[{"embeddable":true,"href":"https:\/\/revistacentro.org\/index.php\/wp-json\/wp\/v2\/media\/2013"}],"wp:attachment":[{"href":"https:\/\/revistacentro.org\/index.php\/wp-json\/wp\/v2\/media?parent=1321"}],"curies":[{"name":"wp","href":"https:\/\/api.w.org\/{rel}","templated":true}]}}