{"id":1314,"date":"2015-12-02T22:01:13","date_gmt":"2015-12-02T22:01:13","guid":{"rendered":"http:\/\/revistacentro.org\/?page_id=1314"},"modified":"2015-12-16T13:23:51","modified_gmt":"2015-12-16T13:23:51","slug":"ciromiguel","status":"publish","type":"page","link":"https:\/\/revistacentro.org\/index.php\/ciromiguel\/","title":{"rendered":"ENTROPIA &#8211; Fotos de Ciro Miguel"},"content":{"rendered":"<div id=\"index\" class=\"x-section\" style=\"margin: 0px 0px 0px 0px; padding: 0px 0px 45px 0px;  background-color: #ffffff;\" ><div id=\"\" class=\"x-container max width\" style=\"margin: 0px auto 0px auto; padding: 0px 0px 0px 0px; \" ><div  class=\"x-column x-sm x-1-1\" style=\"padding: 0px 0px 0px 0px; \" ><hr  class=\"x-gap\" style=\"margin: 60px 0 0 0;\"><div id=\"\" class=\"x-text\" style=\"\" ><h6>FOTOS\u00a0<span style=\"color: #808080;\">CIRO MIGUEL<\/span><\/h6>\n<\/div><hr  class=\"x-gap\" style=\"margin: 6px 0 0 0;\"><div id=\"\" class=\"x-text\" style=\"\" ><h1><span style=\"color: #000000;\">ENTROPIA<\/span><\/h1>\n<\/div><\/div><\/div><div id=\"\" class=\"x-container max width\" style=\"margin: 0px auto 0px auto; padding: 0px 0px 0px 0px; \" ><div  class=\"x-column x-sm x-1-1\" style=\"padding: 0px 0px 0px 0px; \" ><hr  class=\"x-gap\" style=\"margin: 60px 0 0 0;\"><\/div><\/div><\/div><div id=\"x-section-2\" class=\"x-section\" style=\"margin: 0px 0px 0px 0px; padding: 0px 0px 0px 0px;  background-color: transparent;\" ><div id=\"\" class=\"x-container\" style=\"margin: 0px auto 0px auto; padding: 0px 0px 0px 0px; width: 100%;\" ><div  class=\"x-column x-sm x-1-1\" style=\"padding: 0px 0px 0px 0px; \" ><img  class=\"x-img x-img-none\" style=\"width: 100%; padding: 0px 0px 0px 0px !important;\" src=\"https:\/\/revistacentro.org\/wp-content\/uploads\/2015\/12\/Dubrovnik_01.jpg\" ><\/div><\/div><\/div><div id=\"x-section-3\" class=\"x-section\" style=\"margin: 0px 0px 0px 0px; padding: 0px 0px 0px 0px;  background-color: transparent;\" ><div id=\"\" class=\"x-container\" style=\"margin: 0px auto 0px auto; padding: 0px 0px 0px 0px; width: 100%;\" ><div  class=\"x-column x-sm x-1-1\" style=\"padding: 0px 0px 0px 0px; \" ><img  class=\"x-img x-img-none\" style=\"width: 100%; padding: 0px 0px 0px 0px !important;\" src=\"https:\/\/revistacentro.org\/wp-content\/uploads\/2015\/12\/Krvavica_01.jpg\" ><\/div><\/div><\/div><div id=\"x-section-4\" class=\"x-section\" style=\"margin: 0px 0px 0px 0px; padding: 0px 0px 0px 0px;  background-color: transparent;\" ><div id=\"\" class=\"x-container\" style=\"margin: 0px auto 0px auto; padding: 0px 0px 0px 0px; width: 100%;\" ><div  class=\"x-column x-sm x-1-1\" style=\"padding: 0px 0px 0px 0px; \" ><img  class=\"x-img x-img-none\" style=\"width: 100%; padding: 0px 0px 0px 0px !important;\" src=\"https:\/\/revistacentro.org\/wp-content\/uploads\/2015\/12\/Bosnia_01.jpg\" ><\/div><\/div><\/div><div id=\"x-section-5\" class=\"x-section\" style=\"margin: 0px 0px 0px 0px; padding: 0px 0px 0px 0px;  background-color: transparent;\" ><div id=\"\" class=\"x-container\" style=\"margin: 0px auto 0px auto; padding: 0px 0px 0px 0px; width: 100%;\" ><div  class=\"x-column x-sm x-1-1\" style=\"padding: 0px 0px 0px 0px; \" ><img  class=\"x-img x-img-none\" style=\"width: 100%; padding: 0px 0px 0px 0px !important;\" src=\"https:\/\/revistacentro.org\/wp-content\/uploads\/2015\/12\/10616448706_27769ba37a_o.jpg\" ><\/div><\/div><\/div><div id=\"x-section-6\" class=\"x-section\" style=\"margin: 0px 0px 0px 0px; padding: 0px 0px 0px 0px;  background-color: transparent;\" ><div id=\"\" class=\"x-container\" style=\"margin: 0px auto 0px auto; padding: 0px 0px 0px 0px; width: 100%;\" ><div  class=\"x-column x-sm x-1-1\" style=\"padding: 0px 0px 0px 0px; \" ><img  class=\"x-img x-img-none\" style=\"width: 100%; padding: 0px 0px 0px 0px !important;\" src=\"https:\/\/revistacentro.org\/wp-content\/uploads\/2015\/12\/13960574254_03ef50f04e_o.jpg\" ><\/div><\/div><\/div><div id=\"x-section-7\" class=\"x-section\" style=\"margin: 0px 0px 0px 0px; padding: 0px 0px 0px 0px;  background-color: transparent;\" ><div id=\"\" class=\"x-container\" style=\"margin: 0px auto 0px auto; padding: 0px 0px 0px 0px; width: 100%;\" ><div  class=\"x-column x-sm x-1-1\" style=\"padding: 0px 0px 0px 0px; \" ><img  class=\"x-img x-img-none\" style=\"width: 100%; padding: 0px 0px 0px 0px !important;\" src=\"https:\/\/revistacentro.org\/wp-content\/uploads\/2015\/12\/SP_01.jpg\" ><\/div><\/div><\/div><div id=\"x-section-8\" class=\"x-section\" style=\"margin: 0px 0px 0px 0px; padding: 0px 0px 0px 0px;  background-color: transparent;\" ><div id=\"\" class=\"x-container\" style=\"margin: 0px auto 0px auto; padding: 0px 0px 0px 0px; width: 100%;\" ><div  class=\"x-column x-sm x-1-1\" style=\"padding: 0px 0px 0px 0px; \" ><img  class=\"x-img x-img-none\" style=\"width: 100%; padding: 0px 0px 0px 0px !important;\" src=\"https:\/\/revistacentro.org\/wp-content\/uploads\/2015\/12\/Le-Havre-01.jpg\" ><\/div><\/div><\/div><div id=\"x-section-9\" class=\"x-section\" style=\"margin: 0px 0px 0px 0px; padding: 0px 0px 0px 0px;  background-color: transparent;\" ><div id=\"\" class=\"x-container\" style=\"margin: 0px auto 0px auto; padding: 0px 0px 0px 0px; width: 100%;\" ><div  class=\"x-column x-sm x-1-1\" style=\"padding: 0px 0px 0px 0px; \" ><img  class=\"x-img x-img-none\" style=\"width: 100%; padding: 0px 0px 0px 0px !important;\" src=\"https:\/\/revistacentro.org\/wp-content\/uploads\/2015\/12\/Veneza-01.jpg\" ><\/div><\/div><\/div><div id=\"x-section-10\" class=\"x-section\" style=\"margin: 0px 0px 0px 0px; padding: 0px 0px 0px 0px;  background-color: transparent;\" ><div id=\"\" class=\"x-container\" style=\"margin: 0px auto 0px auto; padding: 0px 0px 0px 0px; width: 100%;\" ><div  class=\"x-column x-sm x-1-1\" style=\"padding: 0px 0px 0px 0px; \" ><img  class=\"x-img x-img-none\" style=\"width: 100%; padding: 0px 0px 0px 0px !important;\" src=\"https:\/\/revistacentro.org\/wp-content\/uploads\/2015\/12\/EUR_Roma_01.jpg\" ><img  class=\"x-img x-img-none\" style=\"width: 100%; padding: 0px 0px 0px 0px !important;\" src=\"https:\/\/revistacentro.org\/wp-content\/uploads\/2015\/12\/EUR_Roma_03.jpg\" ><\/div><\/div><\/div><div id=\"x-section-11\" class=\"x-section\" style=\"margin: 0px 0px 0px 0px; padding: 0px 0px 0px 0px;  background-color: transparent;\" ><div id=\"\" class=\"x-container\" style=\"margin: 0px auto 0px auto; padding: 0px 0px 0px 0px; width: 100%;\" ><div  class=\"x-column x-sm x-1-1\" style=\"padding: 0px 0px 0px 0px; \" ><img  class=\"x-img x-img-none\" style=\"width: 100%; padding: 0px 0px 0px 0px !important;\" src=\"https:\/\/revistacentro.org\/wp-content\/uploads\/2015\/12\/NYC_subway1.jpg\" ><img  class=\"x-img x-img-none\" style=\"width: 100%; padding: 0px 0px 0px 0px !important;\" src=\"https:\/\/revistacentro.org\/wp-content\/uploads\/2015\/12\/London2.jpg\" ><img  class=\"x-img x-img-none\" style=\"width: 100%; padding: 0px 0px 0px 0px !important;\" src=\"https:\/\/revistacentro.org\/wp-content\/uploads\/2015\/12\/Paulista1.jpg\" ><img  class=\"x-img x-img-none\" style=\"width: 100%; padding: 0px 0px 0px 0px !important;\" src=\"https:\/\/revistacentro.org\/wp-content\/uploads\/2015\/12\/Matosinhos1.jpg\" ><\/div><\/div><\/div><div id=\"x-section-12\" class=\"x-section\" style=\"margin: 0px 0px 0px 0px; padding: 0px 0px 0px 0px;  background-color: transparent;\" ><div id=\"\" class=\"x-container\" style=\"margin: 0px auto 0px auto; padding: 0px 0px 0px 0px; width: 100%;\" ><div  class=\"x-column x-sm x-1-1\" style=\"padding: 0px 0px 0px 0px; \" ><img  class=\"x-img x-img-none\" style=\"width: 100%; padding: 0px 0px 0px 0px !important;\" src=\"https:\/\/revistacentro.org\/wp-content\/uploads\/2015\/12\/12359379_10153727616338959_1841882261_o.jpg\" ><img  class=\"x-img x-img-none\" style=\"width: 100%; padding: 0px 0px 0px 0px !important;\" src=\"https:\/\/revistacentro.org\/wp-content\/uploads\/2015\/12\/Normandia-06.jpg\" ><\/div><\/div><\/div><div id=\"x-section-13\" class=\"x-section\" style=\"margin: 0px 0px 0px 0px; padding: 0px 0px 0px 0px;  background-color: transparent;\" ><div id=\"\" class=\"x-container\" style=\"margin: 0px auto 0px auto; padding: 0px 0px 0px 0px; width: 100%;\" ><div  class=\"x-column x-sm x-1-1\" style=\"padding: 0px 0px 0px 0px; \" ><img  class=\"x-img x-img-none\" style=\"width: 100%; padding: 0px 0px 0px 0px !important;\" src=\"https:\/\/revistacentro.org\/wp-content\/uploads\/2015\/12\/Normandia-01.jpg\" ><img  class=\"x-img x-img-none\" style=\"width: 100%; padding: 0px 0px 0px 0px !important;\" src=\"https:\/\/revistacentro.org\/wp-content\/uploads\/2015\/12\/12356255_10153727673653959_958867360_o.jpg\" ><\/div><\/div><\/div><div id=\"x-section-14\" class=\"x-section\" style=\"margin: 0px 0px 0px 0px; padding: 0px 0px 0px 0px;  background-color: transparent;\" ><div id=\"\" class=\"x-container\" style=\"margin: 0px auto 0px auto; padding: 0px 0px 0px 0px; width: 100%;\" ><div  class=\"x-column x-sm x-1-1\" style=\"padding: 0px 0px 0px 0px; \" ><img  class=\"x-img x-img-none\" style=\"width: 100%; padding: 0px 0px 0px 0px !important;\" src=\"https:\/\/revistacentro.org\/wp-content\/uploads\/2015\/12\/12351355_10153727759423959_2081718072_o.jpg\" ><\/div><\/div><\/div><div id=\"x-section-15\" class=\"x-section\" style=\"margin: 0px 0px 0px 0px; padding: 0px 0px 0px 0px;  background-color: transparent;\" ><div id=\"\" class=\"x-container\" style=\"margin: 0px auto 0px auto; padding: 0px 0px 0px 0px; width: 100%;\" ><div  class=\"x-column x-sm x-1-1\" style=\"padding: 0px 0px 0px 0px; \" ><img  class=\"x-img x-img-none\" style=\"width: 100%; padding: 0px 0px 0px 0px !important;\" src=\"https:\/\/revistacentro.org\/wp-content\/uploads\/2015\/12\/London_Battersea2.jpg\" ><img  class=\"x-img x-img-none\" style=\"width: 100%; padding: 0px 0px 0px 0px !important;\" src=\"https:\/\/revistacentro.org\/wp-content\/uploads\/2015\/12\/Chemnitz.jpg\" ><img  class=\"x-img x-img-none\" style=\"width: 100%; padding: 0px 0px 0px 0px !important;\" src=\"https:\/\/revistacentro.org\/wp-content\/uploads\/2015\/12\/12356238_10153727309773959_496288882_o.jpg\" ><\/div><\/div><\/div><div id=\"x-section-16\" class=\"x-section\" style=\"margin: 0px 0px 0px 0px; padding: 45px 0px 45px 0px;  background-color: transparent;\" ><div id=\"\" class=\"x-container max width\" style=\"margin: 0px auto 0px auto; padding: 0px 27% 0px 0px; \" ><div  class=\"x-column x-sm x-1-1\" style=\"padding: 0px 0px 0px 0px; \" ><hr  class=\"x-gap\" style=\"margin: 70px 0 0 0;\"><div id=\"\" class=\"x-text\" style=\"\" ><h6>Ciro Miguel,<\/h6>\n<p> arquiteto formado pela FAU\/USP, com p\u00f3s-gradua\u00e7\u00e3o pela Columbia University\/GSAPP; professor assistente na ETH de Zurique, fundou o est\u00fadio Miniatura, com Bruna Canepa.<\/p>\n<\/div><hr  class=\"x-gap\" style=\"margin: 70px 0 0 0;\"><\/div><\/div><\/div>\n","protected":false},"excerpt":{"rendered":"","protected":false},"author":1,"featured_media":1450,"parent":0,"menu_order":0,"comment_status":"closed","ping_status":"closed","template":"template-blank-4.php","meta":[],"_links":{"self":[{"href":"https:\/\/revistacentro.org\/index.php\/wp-json\/wp\/v2\/pages\/1314"}],"collection":[{"href":"https:\/\/revistacentro.org\/index.php\/wp-json\/wp\/v2\/pages"}],"about":[{"href":"https:\/\/revistacentro.org\/index.php\/wp-json\/wp\/v2\/types\/page"}],"author":[{"embeddable":true,"href":"https:\/\/revistacentro.org\/index.php\/wp-json\/wp\/v2\/users\/1"}],"replies":[{"embeddable":true,"href":"https:\/\/revistacentro.org\/index.php\/wp-json\/wp\/v2\/comments?post=1314"}],"version-history":[{"count":36,"href":"https:\/\/revistacentro.org\/index.php\/wp-json\/wp\/v2\/pages\/1314\/revisions"}],"predecessor-version":[{"id":2240,"href":"https:\/\/revistacentro.org\/index.php\/wp-json\/wp\/v2\/pages\/1314\/revisions\/2240"}],"wp:featuredmedia":[{"embeddable":true,"href":"https:\/\/revistacentro.org\/index.php\/wp-json\/wp\/v2\/media\/1450"}],"wp:attachment":[{"href":"https:\/\/revistacentro.org\/index.php\/wp-json\/wp\/v2\/media?parent=1314"}],"curies":[{"name":"wp","href":"https:\/\/api.w.org\/{rel}","templated":true}]}}