{"id":1148,"date":"2015-11-30T19:52:36","date_gmt":"2015-11-30T19:52:36","guid":{"rendered":"http:\/\/revistacentro.org\/?page_id=1148"},"modified":"2015-12-16T13:18:49","modified_gmt":"2015-12-16T13:18:49","slug":"snozzi1","status":"publish","type":"page","link":"https:\/\/revistacentro.org\/index.php\/snozzi1\/","title":{"rendered":"ARQUITETURA E ETERNIDADE &#8211; Entrevista com Luigi Snozzi"},"content":{"rendered":"<div id=\"x-section-1\" class=\"x-section fau\" style=\"margin: 0px; padding: 0px; width: 100%; padding: 0px 0px 0px 0px !important; background-color: transparent;\" ><div id=\"\" class=\"x-container\" style=\"margin: 0px auto; padding: 0px; \" ><div  class=\"x-column x-sm x-1-1\" style=\"padding: 0px; \" ><img  class=\"x-img x-img-none\" style=\"width: 100%; padding: 0px 0px 0px 0px !important;\" src=\"https:\/\/revistacentro.org\/wp-content\/uploads\/2015\/11\/31.jpg\" ><\/div><\/div><\/div><div id=\"index\" class=\"x-section\" style=\"margin: 0px; padding: 0px 0px 45px;  background-color: #ffffff;\" ><div id=\"\" class=\"x-container max width\" style=\"margin: 0px auto; padding: 0px; \" ><div  class=\"x-column x-sm x-1-1\" style=\"padding: 0px; \" ><hr  class=\"x-gap\" style=\"margin: 65px 0 0 0;\"><div id=\"\" class=\"x-text none\" style=\"\" ><h1><span style=\"color: #000000;\">LUIGI SNOZZI<\/span> <span style=\"color: #808080;\">ENTREVISTA<\/span><\/h1>\n<\/div><div id=\"\" class=\"x-text none\" style=\"\" ><h3><span style=\"color: #808080;\">Arquitetura e eternidade<\/span><\/h3>\n<\/div><hr  class=\"x-gap\" style=\"margin: 20px 0 0 0;\"><div id=\"\" class=\"x-text none\" style=\"\" ><h6><span style=\"color: #808080;\"><span style=\"color: #000000;\">POR\u00a0<\/span>GABRIEL KOGAN<\/span><\/h6>\n<h6><span style=\"color: #000000;\">FOTOS<\/span> <span style=\"color: #808080;\">VIVIANE TABACH<\/span><\/h6>\n<\/div><\/div><\/div><div id=\"\" class=\"x-container max width\" style=\"margin: 0px auto; padding: 0px; \" ><div  class=\"x-column x-sm x-1-2\" style=\"padding: 0px; \" ><hr  class=\"x-gap\" style=\"margin: 20px 0 0 0;\"><div id=\"\" class=\"x-text none\" style=\"\" ><p style=\"color: #000000;\"><strong>Qual \u00e9 a rela\u00e7\u00e3o da arquitetura com a eternidade?<\/strong><\/p>\n<\/div><div id=\"\" class=\"x-text none\" style=\"\" ><p style=\"color: #000000;\"><strong>Luigi Snozzi:<\/strong> A arquitetura tende \u00e0 eternidade. Tende. Hoje, tudo se move. A \u00fanica disciplina que \u00e9 contra o movimento \u00e9 a arquitetura. Porque no mundo onde n\u00e3o h\u00e1 mais pontos de refer\u00eancia, a arquitetura \u00e9 a \u00fanica a estabelecer pontos fixos, est\u00e1ticos. \u00c9 importante procurar um lugar fixo para se localizar e o homem precisa desses pontos de refer\u00eancia sobre o territ\u00f3rio. E pontos fixos devem ser feitos com senso de eternidade. As pir\u00e2mides do Egito s\u00e3o pontos fixos extraordin\u00e1rios feitos pelo homem. Quando se representa as pir\u00e2mides, pensa-se no deserto \u2013 e a pir\u00e2mide \u00e9 o oposto do deserto. O deserto \u00e9 suave, sem \u00e2ngulos, sem sombras, a pir\u00e2mide \u00e9 totalmente avessa a isso. E estranho que, sendo o oposto ao deserto, \u00e9 o s\u00edmbolo do deserto. \u00c9 interessant\u00edssimo. Assim, a forma de pir\u00e2mide faz dela algo indestrut\u00edvel. As pir\u00e2mides n\u00e3o podem cair, nem com bombas. Pois a forma delas \u00e9 eterna. N\u00e3o ser\u00e1 eterna no sentido de milh\u00f5es de anos, mas tende \u00e0 eternidade. Como o mundo \u2013 mas o mundo eu n\u00e3o sei aonde vai parar. Provavelmente as pir\u00e2mides resistir\u00e3o at\u00e9 o fim quando n\u00e3o existir mais mundo. O verdadeiro limite da arquitetura est\u00e1 ali.<\/p>\n<p>&nbsp;<\/p>\n<h6>Luigi Snozzi,<\/h6>\n<p>\narquiteto e professor na Universidade de Alghero, na Sardenha. Entre seus trabalhos de maior destaque est\u00e3o as diversas obras em Monte Carasso (Su\u00ed\u00e7a).<\/p>\n<\/p>\n<h6>Gabriel Kogan,<\/h6>\n<p>\narquiteto formado pela FAU\/USP; trabalha como jornalista colaborando para ve\u00edculos como <em>Folha de S.Paulo<\/em>, <em>A+U<\/em> (Jap\u00e3o) e <em>Revista Bamboo<\/em>.<\/p>\n<\/p>\n<h6>Viviane Tabach,<\/h6>\n<p>\nartista e fot\u00f3grafa.<\/p>\n<\/div><\/div><div  class=\"x-column x-sm x-1-2\" style=\"padding: 0px; \" >&nbsp;<\/div><\/div><div id=\"\" class=\"x-container max width\" style=\"margin: 0px auto; padding: 0px; \" ><div  class=\"x-column x-sm x-1-1\" style=\"padding: 0px; \" ><hr  class=\"x-gap\" style=\"margin: 70px 0 0 0;\"><\/div><\/div><\/div><div id=\"x-section-3\" class=\"x-section bg-image parallax\" style=\"margin: 0px; padding: 0px; height: 30vh; background-image: url(https:\/\/revistacentro.org\/wp-content\/uploads\/2015\/11\/21.jpg); background-color: transparent;\" data-x-element=\"section\" data-x-params=\"{&quot;type&quot;:&quot;image&quot;,&quot;parallax&quot;:true}\"><div id=\"\" class=\"x-container max width\" style=\"margin: 0px auto; padding: px 0px 0px; \" ><div  class=\"x-column x-sm x-1-1\" style=\"padding: 0px; \" >&nbsp;<\/div><\/div><\/div><div id=\"x-section-4\" class=\"x-section\" style=\"margin: 0px; padding: 45px 0px;  background-color: transparent;\" ><div id=\"\" class=\"x-container\" style=\"margin: 0px auto; padding: 0px; width: 100%; padding: 0px 0px 0px 0px !important;\" ><div  class=\"x-column x-sm x-1-1\" style=\"padding: 0px; \" ><img  class=\"x-img x-img-none\" style=\"width: 100%; padding: 0px 0px 0px 0px !important;\" src=\"https:\/\/revistacentro.org\/wp-content\/uploads\/2015\/11\/1a.jpg\" ><\/div><\/div><\/div>\n","protected":false},"excerpt":{"rendered":"","protected":false},"author":1,"featured_media":459,"parent":0,"menu_order":0,"comment_status":"closed","ping_status":"closed","template":"template-blank-4.php","meta":[],"_links":{"self":[{"href":"https:\/\/revistacentro.org\/index.php\/wp-json\/wp\/v2\/pages\/1148"}],"collection":[{"href":"https:\/\/revistacentro.org\/index.php\/wp-json\/wp\/v2\/pages"}],"about":[{"href":"https:\/\/revistacentro.org\/index.php\/wp-json\/wp\/v2\/types\/page"}],"author":[{"embeddable":true,"href":"https:\/\/revistacentro.org\/index.php\/wp-json\/wp\/v2\/users\/1"}],"replies":[{"embeddable":true,"href":"https:\/\/revistacentro.org\/index.php\/wp-json\/wp\/v2\/comments?post=1148"}],"version-history":[{"count":20,"href":"https:\/\/revistacentro.org\/index.php\/wp-json\/wp\/v2\/pages\/1148\/revisions"}],"predecessor-version":[{"id":2233,"href":"https:\/\/revistacentro.org\/index.php\/wp-json\/wp\/v2\/pages\/1148\/revisions\/2233"}],"wp:featuredmedia":[{"embeddable":true,"href":"https:\/\/revistacentro.org\/index.php\/wp-json\/wp\/v2\/media\/459"}],"wp:attachment":[{"href":"https:\/\/revistacentro.org\/index.php\/wp-json\/wp\/v2\/media?parent=1148"}],"curies":[{"name":"wp","href":"https:\/\/api.w.org\/{rel}","templated":true}]}}